{"id":994449,"date":"2023-02-24T13:09:23","date_gmt":"2023-02-24T13:09:23","guid":{"rendered":"https:\/\/isfelevator.com\/product\/arcube-monoblock-lift-control-unit\/"},"modified":"2023-02-24T18:09:04","modified_gmt":"2023-02-24T18:09:04","slug":"unite-de-commande-de-levage-monobloc-arcube","status":"publish","type":"product","link":"https:\/\/isfelevator.com\/fr\/product\/unite-de-commande-de-levage-monobloc-arcube\/","title":{"rendered":"Unit\u00e9 de commande de levage monobloc ARCUBE"},"content":{"rendered":"<p>Unit\u00e9 de commande de levage monobloc ARCUBE<\/p>\n<ul>\n<li>Combine l&rsquo;unit\u00e9 d&rsquo;entra\u00eenement VVVF, la carte de commande, la fonction de secours et d&rsquo;autres composants \u00e9lectriques dans une<\/li>\n<li>seule unit\u00e9 monobloc.<\/li>\n<li>Conception sans contacteur avec fonction STO<\/li>\n<li>Petit, l\u00e9ger et pr\u00eat \u00e0 \u00eatre install\u00e9<\/li>\n<li>Compatible avec les normes EN81-20<\/li>\n<li>Co\u00fbts r\u00e9duits gr\u00e2ce \u00e0 la diminution du nombre de c\u00e2bles de d\u00e9placement n\u00e9cessaires.<\/li>\n<li>Atterrissage direct<\/li>\n<li>Possibilit\u00e9 de travailler avec des machines synchrones et asynchrones<\/li>\n<li>Possibilit\u00e9 de travailler en boucle ouverte et ferm\u00e9e<\/li>\n<li>Fiable et industrialis\u00e9<\/li>\n<li>\u00c9conomie d&rsquo;\u00e9nergie<\/li>\n<\/ul>\n","protected":false},"excerpt":{"rendered":"<div class=\"citem\">\n<div class=\"cbox01 key ff-03\">\n<div class=\"cbox01A\">Nombre d&rsquo;arr\u00eats : 16<br \/>\nType d&rsquo;entra\u00eenement : Traction<br \/>\nC\u00e2blage : Options de connexion s\u00e9rie ou parall\u00e8le avec les unit\u00e9s de communication s\u00e9rie compatibles Arcode de LOP&rsquo;s et COP&rsquo;s.<br \/>\nPositionnement de la voiture : Commutateurs magn\u00e9tiques ou encodeur de moteur<br \/>\nPontage de porte : Disponible sur<br \/>\nMod\u00e8les : 4 kW (10A) &#8211; 5,5 kW (14A) &#8211; 7,5 kW (17A) &#8211; 11 kW (26A)<br \/>\nType de commande : Commande collective \u00e0 bouton unique, commande collective \u00e0 double bouton<br \/>\nCommande collective : Duplex<br \/>\nVitesse de l&rsquo;ascenseur : 1,75 m\/s<br \/>\nType d&rsquo;entra\u00eenement du moteur : Entra\u00eenement sans contacteur avec fonction STO<br \/>\nConformit\u00e9 aux normes : EN 81-20<br \/>\nPr\u00e9vention du retour en arri\u00e8re : Pr\u00e9vention du retournement au d\u00e9marrage gr\u00e2ce aux fonctions de pr\u00e9-couple et d&rsquo;anti-retournement.<\/div>\n<\/div>\n<\/div>\n","protected":false},"featured_media":994077,"comment_status":"open","ping_status":"closed","template":"","meta":[],"product_brand":[],"product_cat":[736],"product_tag":[],"class_list":{"0":"post-994449","1":"product","2":"type-product","3":"status-publish","4":"has-post-thumbnail","6":"product_cat-panneaux-de-controle-dascenseur","8":"first","9":"instock","10":"shipping-taxable","11":"product-type-simple","12":"prodpage-style2"},"_links":{"self":[{"href":"https:\/\/isfelevator.com\/fr\/wp-json\/wp\/v2\/product\/994449","targetHints":{"allow":["GET"]}}],"collection":[{"href":"https:\/\/isfelevator.com\/fr\/wp-json\/wp\/v2\/product"}],"about":[{"href":"https:\/\/isfelevator.com\/fr\/wp-json\/wp\/v2\/types\/product"}],"replies":[{"embeddable":true,"href":"https:\/\/isfelevator.com\/fr\/wp-json\/wp\/v2\/comments?post=994449"}],"wp:featuredmedia":[{"embeddable":true,"href":"https:\/\/isfelevator.com\/fr\/wp-json\/wp\/v2\/media\/994077"}],"wp:attachment":[{"href":"https:\/\/isfelevator.com\/fr\/wp-json\/wp\/v2\/media?parent=994449"}],"wp:term":[{"taxonomy":"product_brand","embeddable":true,"href":"https:\/\/isfelevator.com\/fr\/wp-json\/wp\/v2\/product_brand?post=994449"},{"taxonomy":"product_cat","embeddable":true,"href":"https:\/\/isfelevator.com\/fr\/wp-json\/wp\/v2\/product_cat?post=994449"},{"taxonomy":"product_tag","embeddable":true,"href":"https:\/\/isfelevator.com\/fr\/wp-json\/wp\/v2\/product_tag?post=994449"}],"curies":[{"name":"wp","href":"https:\/\/api.w.org\/{rel}","templated":true}]}}