{"id":994437,"date":"2023-02-24T13:09:23","date_gmt":"2023-02-24T13:09:23","guid":{"rendered":"https:\/\/isfelevator.com\/product\/elevator-car-frames\/"},"modified":"2023-02-24T17:57:49","modified_gmt":"2023-02-24T17:57:49","slug":"cadres-de-cabine-dascenseur","status":"publish","type":"product","link":"https:\/\/isfelevator.com\/fr\/product\/cadres-de-cabine-dascenseur\/","title":{"rendered":"Cadres de cabine d&rsquo;ascenseur"},"content":{"rendered":"<p><strong>Cadres de cabine d&rsquo;ascenseur<\/strong><\/p>\n<p>Le ch\u00e2ssis de la cabine d&rsquo;ascenseur est l&rsquo;une des parties les plus essentielles et cruciales du syst\u00e8me d&rsquo;ascenseur. Il s&rsquo;agit d&rsquo;une structure de soutien de la cabine et de la porte de l&rsquo;ascenseur. G\u00e9n\u00e9ralement, ils sont fabriqu\u00e9s en acier. L&rsquo;objectif principal des cadres est d&rsquo;assurer la s\u00e9curit\u00e9 de l&rsquo;ascenseur. Toutes les connexions \u00e9lectriques des \u00e9quipements de s\u00e9curit\u00e9 sont associ\u00e9es aux cadres de la cabine. En cas de vitesse excessive ou de chute libre de la cabine, le syst\u00e8me d&rsquo;\u00e9quipement de s\u00e9curit\u00e9 coupe le courant et le ch\u00e2ssis de la cabine d&rsquo;ascenseur permet \u00e0 la cabine de s&rsquo;arr\u00eater.<\/p>\n<p>Chez ISF Elevator, nous fournissons des cadres de cabine de qualit\u00e9 sup\u00e9rieure. Nos ch\u00e2ssis en acier sont test\u00e9s et qualifi\u00e9s pour fonctionner dans des conditions s\u00e9v\u00e8res. Pour plus d&rsquo;informations, veuillez nous contacter.<\/p>\n<p><strong>Sp\u00e9cifications techniques<\/strong><\/p>\n<p>Installation facile<br \/>\nPeint par ESP<br \/>\nCompatible avec l&rsquo;encerclement 1:1 et 2:1<\/p>\n","protected":false},"excerpt":{"rendered":"<p>Cadres de cabine d&rsquo;ascenseur Le ch\u00e2ssis de la cabine d&rsquo;ascenseur est l&rsquo;une des parties les plus essentielles et cruciales du syst\u00e8me d&rsquo;ascenseur. Il s&rsquo;agit d&rsquo;une structure de soutien de la cabine et de la porte de l&rsquo;ascenseur. G\u00e9n\u00e9ralement, ils sont fabriqu\u00e9s en acier. L&rsquo;objectif principal des cadres est d&rsquo;assurer la s\u00e9curit\u00e9 de l&rsquo;ascenseur. Toutes les<\/p>\n","protected":false},"featured_media":994047,"comment_status":"open","ping_status":"closed","template":"","meta":[],"product_brand":[],"product_cat":[676],"product_tag":[],"class_list":{"0":"post-994437","1":"product","2":"type-product","3":"status-publish","4":"has-post-thumbnail","6":"product_cat-cabines-dascenseur","8":"first","9":"instock","10":"shipping-taxable","11":"product-type-simple","12":"prodpage-style2"},"_links":{"self":[{"href":"https:\/\/isfelevator.com\/fr\/wp-json\/wp\/v2\/product\/994437","targetHints":{"allow":["GET"]}}],"collection":[{"href":"https:\/\/isfelevator.com\/fr\/wp-json\/wp\/v2\/product"}],"about":[{"href":"https:\/\/isfelevator.com\/fr\/wp-json\/wp\/v2\/types\/product"}],"replies":[{"embeddable":true,"href":"https:\/\/isfelevator.com\/fr\/wp-json\/wp\/v2\/comments?post=994437"}],"wp:featuredmedia":[{"embeddable":true,"href":"https:\/\/isfelevator.com\/fr\/wp-json\/wp\/v2\/media\/994047"}],"wp:attachment":[{"href":"https:\/\/isfelevator.com\/fr\/wp-json\/wp\/v2\/media?parent=994437"}],"wp:term":[{"taxonomy":"product_brand","embeddable":true,"href":"https:\/\/isfelevator.com\/fr\/wp-json\/wp\/v2\/product_brand?post=994437"},{"taxonomy":"product_cat","embeddable":true,"href":"https:\/\/isfelevator.com\/fr\/wp-json\/wp\/v2\/product_cat?post=994437"},{"taxonomy":"product_tag","embeddable":true,"href":"https:\/\/isfelevator.com\/fr\/wp-json\/wp\/v2\/product_tag?post=994437"}],"curies":[{"name":"wp","href":"https:\/\/api.w.org\/{rel}","templated":true}]}}