{"id":994413,"date":"2023-02-24T13:09:58","date_gmt":"2023-02-24T13:09:58","guid":{"rendered":"https:\/\/isfelevator.com\/product\/overspeed-governor-200mm-250mm-300mm\/"},"modified":"2023-02-24T17:38:52","modified_gmt":"2023-02-24T17:38:52","slug":"gouverneur-de-survitesse-200mm-250mm-300mm","status":"publish","type":"product","link":"https:\/\/isfelevator.com\/fr\/product\/gouverneur-de-survitesse-200mm-250mm-300mm\/","title":{"rendered":"GOUVERNEUR DE SURVITESSE (200mm, 250mm, 300mm)"},"content":{"rendered":"<p><strong>GOUVERNEUR DE SURVITESSE ( 200mm, 250mm, 300mm)<\/strong><\/p>\n<p>Caract\u00e9ristiques du produit<\/p>\n<p>Type : Sans bobine A3 (mouvement involontaire de la cabine \u00ab\u00a0UCM\u00a0\u00bb), UZ (type \u00e0 t\u00e9l\u00e9commande pour les ascenseurs sans local technique). A3 + UZ (mouvement involontaire de la cabine \u00ab\u00a0UCM\u00a0\u00bb et t\u00e9l\u00e9commande \u00ab\u00a0RC\u00a0\u00bb ensemble)<\/p>\n<p>Diam\u00e8tre : 200 mm, 250 mm, 300 mm<\/p>\n<p>Vitesse nominale minimale : 0,2 m\/s<\/p>\n<p>Vitesse nominale maximale : 2,50 m\/s<\/p>\n<p>Tension : 24 VCC, 190 VCC<\/p>\n<p>Poulie de tension : \u00c0 ressort, Poids<\/p>\n","protected":false},"excerpt":{"rendered":"<p>Type : Sans bobine A3 (mouvement involontaire de la cabine \u00ab\u00a0UCM\u00a0\u00bb), UZ (type de commande \u00e0 distance pour les ascenseurs sans salle des machines). A3 + UZ (mouvement involontaire de la cabine \u00ab\u00a0UCM\u00a0\u00bb et t\u00e9l\u00e9commande \u00ab\u00a0RC\u00a0\u00bb ensemble).<\/p>\n<p>&nbsp;<\/p>\n","protected":false},"featured_media":994173,"comment_status":"open","ping_status":"closed","template":"","meta":[],"product_brand":[],"product_cat":[664],"product_tag":[],"class_list":{"0":"post-994413","1":"product","2":"type-product","3":"status-publish","4":"has-post-thumbnail","6":"product_cat-gouverneur-de-sur-vitesse","8":"first","9":"instock","10":"shipping-taxable","11":"product-type-simple","12":"prodpage-style2"},"_links":{"self":[{"href":"https:\/\/isfelevator.com\/fr\/wp-json\/wp\/v2\/product\/994413","targetHints":{"allow":["GET"]}}],"collection":[{"href":"https:\/\/isfelevator.com\/fr\/wp-json\/wp\/v2\/product"}],"about":[{"href":"https:\/\/isfelevator.com\/fr\/wp-json\/wp\/v2\/types\/product"}],"replies":[{"embeddable":true,"href":"https:\/\/isfelevator.com\/fr\/wp-json\/wp\/v2\/comments?post=994413"}],"wp:featuredmedia":[{"embeddable":true,"href":"https:\/\/isfelevator.com\/fr\/wp-json\/wp\/v2\/media\/994173"}],"wp:attachment":[{"href":"https:\/\/isfelevator.com\/fr\/wp-json\/wp\/v2\/media?parent=994413"}],"wp:term":[{"taxonomy":"product_brand","embeddable":true,"href":"https:\/\/isfelevator.com\/fr\/wp-json\/wp\/v2\/product_brand?post=994413"},{"taxonomy":"product_cat","embeddable":true,"href":"https:\/\/isfelevator.com\/fr\/wp-json\/wp\/v2\/product_cat?post=994413"},{"taxonomy":"product_tag","embeddable":true,"href":"https:\/\/isfelevator.com\/fr\/wp-json\/wp\/v2\/product_tag?post=994413"}],"curies":[{"name":"wp","href":"https:\/\/api.w.org\/{rel}","templated":true}]}}