{"id":994401,"date":"2023-02-24T13:09:58","date_gmt":"2023-02-24T13:09:58","guid":{"rendered":"https:\/\/isfelevator.com\/product\/load-weighing-device\/"},"modified":"2023-02-24T16:39:44","modified_gmt":"2023-02-24T16:39:44","slug":"appareil-de-pesage","status":"publish","type":"product","link":"https:\/\/isfelevator.com\/fr\/product\/appareil-de-pesage\/","title":{"rendered":"Appareil de pesage"},"content":{"rendered":"<p>Ces dispositifs sont \u00e9galement tr\u00e8s importants pour assurer la s\u00e9curit\u00e9 des ascenseurs. Les syst\u00e8mes d&rsquo;ascenseurs ont une limite sp\u00e9cifi\u00e9e pour transporter lors d&rsquo;un seul trajet. Nous devons donc utiliser un \u00e9l\u00e9ment pour mesurer la charge, qui est un dispositif de pes\u00e9e de charge.<\/p>\n","protected":false},"excerpt":{"rendered":"<p>L&rsquo;UNIT\u00c9 DE CONTR\u00d4LE \u00c9LECTRONIQUE UNIVERSELLE L&rsquo;unit\u00e9 de contr\u00f4le universelle LM3D est l&rsquo;unit\u00e9 de contr\u00f4le la plus compl\u00e8te qui poss\u00e8de toutes les options possibles disponibles pour contr\u00f4ler la charge dans les ascenseurs et les \u00e9l\u00e9vateurs.<\/p>\n","protected":false},"featured_media":994167,"comment_status":"open","ping_status":"closed","template":"","meta":[],"product_brand":[],"product_cat":[646],"product_tag":[],"class_list":{"0":"post-994401","1":"product","2":"type-product","3":"status-publish","4":"has-post-thumbnail","6":"product_cat-dispositifs-de-pesage-de-charge","8":"first","9":"instock","10":"shipping-taxable","11":"product-type-simple","12":"prodpage-style2"},"_links":{"self":[{"href":"https:\/\/isfelevator.com\/fr\/wp-json\/wp\/v2\/product\/994401","targetHints":{"allow":["GET"]}}],"collection":[{"href":"https:\/\/isfelevator.com\/fr\/wp-json\/wp\/v2\/product"}],"about":[{"href":"https:\/\/isfelevator.com\/fr\/wp-json\/wp\/v2\/types\/product"}],"replies":[{"embeddable":true,"href":"https:\/\/isfelevator.com\/fr\/wp-json\/wp\/v2\/comments?post=994401"}],"wp:featuredmedia":[{"embeddable":true,"href":"https:\/\/isfelevator.com\/fr\/wp-json\/wp\/v2\/media\/994167"}],"wp:attachment":[{"href":"https:\/\/isfelevator.com\/fr\/wp-json\/wp\/v2\/media?parent=994401"}],"wp:term":[{"taxonomy":"product_brand","embeddable":true,"href":"https:\/\/isfelevator.com\/fr\/wp-json\/wp\/v2\/product_brand?post=994401"},{"taxonomy":"product_cat","embeddable":true,"href":"https:\/\/isfelevator.com\/fr\/wp-json\/wp\/v2\/product_cat?post=994401"},{"taxonomy":"product_tag","embeddable":true,"href":"https:\/\/isfelevator.com\/fr\/wp-json\/wp\/v2\/product_tag?post=994401"}],"curies":[{"name":"wp","href":"https:\/\/api.w.org\/{rel}","templated":true}]}}