{"id":994389,"date":"2023-02-24T13:09:58","date_gmt":"2023-02-24T13:09:58","guid":{"rendered":"https:\/\/isfelevator.com\/product\/himalia-l1-landing-operating-panel\/"},"modified":"2023-02-24T16:24:16","modified_gmt":"2023-02-24T16:24:16","slug":"panneau-de-commande-datterrissage-himalia-l1","status":"publish","type":"product","link":"https:\/\/isfelevator.com\/fr\/product\/panneau-de-commande-datterrissage-himalia-l1\/","title":{"rendered":"Panneau de commande d&rsquo;atterrissage Himalia &#8211; L1"},"content":{"rendered":"<p><strong>Panneau de commande d&rsquo;atterrissage Himalia &#8211; L1<\/strong><\/p>\n<ul>\n<li>Cadre en laiton moul\u00e9<\/li>\n<li>Jusqu&rsquo;\u00e0 2 boutons<\/li>\n<li>Plaque interm\u00e9diaire en laiton de 2 mm<\/li>\n<li>Peut \u00eatre utilis\u00e9 avec des fl\u00e8ches de type matrice de points et haut\/bas<\/li>\n<li>140 x 200 mm<\/li>\n<li>11 mm d&rsquo;\u00e9paisseur<\/li>\n<li>Options de LED de bouton blanc, rouge, jaune, vert et bleu<\/li>\n<li>Patin\u00e9 antique<\/li>\n<li>Montage en surface<\/li>\n<li>Plaque murale en acier ins\u00e9r\u00e9e \u00e0 l&rsquo;arri\u00e8re adapt\u00e9e pour le montage sur mur en pierre et panneau<\/li>\n<li>Boutons avec finition miroir dor\u00e9<\/li>\n<\/ul>\n","protected":false},"excerpt":{"rendered":"<p>Panneau de commande d&rsquo;atterrissage Himalia &#8211; L1<\/p>\n","protected":false},"featured_media":994155,"comment_status":"open","ping_status":"closed","template":"","meta":[],"product_brand":[],"product_cat":[808,832],"product_tag":[],"class_list":{"0":"post-994389","1":"product","2":"type-product","3":"status-publish","4":"has-post-thumbnail","6":"product_cat-elements-dascenseur","7":"product_cat-serie-vintage","9":"first","10":"instock","11":"shipping-taxable","12":"product-type-simple","13":"prodpage-style2"},"_links":{"self":[{"href":"https:\/\/isfelevator.com\/fr\/wp-json\/wp\/v2\/product\/994389","targetHints":{"allow":["GET"]}}],"collection":[{"href":"https:\/\/isfelevator.com\/fr\/wp-json\/wp\/v2\/product"}],"about":[{"href":"https:\/\/isfelevator.com\/fr\/wp-json\/wp\/v2\/types\/product"}],"replies":[{"embeddable":true,"href":"https:\/\/isfelevator.com\/fr\/wp-json\/wp\/v2\/comments?post=994389"}],"wp:featuredmedia":[{"embeddable":true,"href":"https:\/\/isfelevator.com\/fr\/wp-json\/wp\/v2\/media\/994155"}],"wp:attachment":[{"href":"https:\/\/isfelevator.com\/fr\/wp-json\/wp\/v2\/media?parent=994389"}],"wp:term":[{"taxonomy":"product_brand","embeddable":true,"href":"https:\/\/isfelevator.com\/fr\/wp-json\/wp\/v2\/product_brand?post=994389"},{"taxonomy":"product_cat","embeddable":true,"href":"https:\/\/isfelevator.com\/fr\/wp-json\/wp\/v2\/product_cat?post=994389"},{"taxonomy":"product_tag","embeddable":true,"href":"https:\/\/isfelevator.com\/fr\/wp-json\/wp\/v2\/product_tag?post=994389"}],"curies":[{"name":"wp","href":"https:\/\/api.w.org\/{rel}","templated":true}]}}