{"id":996972,"date":"2023-02-24T13:04:18","date_gmt":"2023-02-24T13:04:18","guid":{"rendered":"https:\/\/isfelevator.com\/product\/arl-200s-elevator-controller-units\/"},"modified":"2023-02-28T09:23:34","modified_gmt":"2023-02-28T09:23:34","slug":"unidades-de-control-de-ascensores-arl-200s","status":"publish","type":"product","link":"https:\/\/isfelevator.com\/es\/producto\/unidades-de-control-de-ascensores-arl-200s\/","title":{"rendered":"Unidades de control de ascensores ARL 200S"},"content":{"rendered":"<p><strong><span style=\"vertical-align: inherit;\">Unidades de control de ascensores ARL 200S<\/span><\/strong><\/p>\n<p><span style=\"vertical-align: inherit;\">CARACTER\u00cdSTICAS Se puede utilizar en cualquier tipo de comando hasta 16 pisos. El usuario puede ajustar todos los par\u00e1metros del sistema a trav\u00e9s de los botones y la pantalla LCD de la tarjeta. Se puede utilizar en funcionamiento en grupo hasta dos ascensores. Todos los paneles del grupo son iguales y no se necesita ning\u00fan panel adicional. Lo \u00fanico que hay que hacer es configurar cada panel como A, B y C en el men\u00fa del programa. Compatible con controladores VVVF. Solo se necesitan dos cables para la comunicaci\u00f3n en grupo. La detecci\u00f3n del suelo se realiza mediante un sistema de contador. Solo se utilizan 3 interruptores magn\u00e9ticos para una velocidad y 4 para sistemas de dos velocidades, incluidos los interruptores de l\u00edmite, para cualquier n\u00famero de pisos. Se muestra un c\u00f3digo de error con su explicaci\u00f3n en la pantalla LCD en una condici\u00f3n anormal.<\/span><\/p>\n<p><span style=\"vertical-align: inherit;\">(Ej. H1: la puerta no se puede bloquear) En condiciones normales, el elevador se puede monitorear mediante mensajes en la pantalla LCD. (ARL 200S espera llamadas, alta velocidad, baja velocidad, inspecci\u00f3n) Opciones de men\u00fa en turco, ingl\u00e9s, holand\u00e9s, rumano y franc\u00e9s. Cada piso puede ser nombrado por un car\u00e1cter alfanum\u00e9rico. (L,P,E,F,H,b,o,0, 1,2,3\u2026..) Las salidas de 7 segmentos y de se\u00f1alizaci\u00f3n est\u00e1n protegidas contra cortocircuitos. En un caso de cortocircuito, la salida en cuesti\u00f3n se apaga hasta que se soluciona el problema y se muestra un mensaje en la pantalla LCD que indica qu\u00e9 salida est\u00e1 en cortocircuito. (Cortocircuito del segmento D) Solo 15 cables son suficientes para que un sistema funcione utilizando una conexi\u00f3n de autom\u00f3vil en serie (FX_SERI), lo que reduce los costos de mano de obra y cables. No se necesita interruptor adicional en ascensores de alta velocidad (1,6 m\/seg) para la desaceleraci\u00f3n temprana. Dise\u00f1ado seg\u00fan la norma europea de ascensores EN-81.<\/span><\/p>\n","protected":false},"excerpt":{"rendered":"<p><strong><span style=\"vertical-align: inherit;\">ARL 200S<\/span><\/strong><span style=\"vertical-align: inherit;\"> Controlador econ\u00f3mico para elevador de tracci\u00f3n Se puede utilizar en cualquier tipo de comando hasta 16 pisos.<\/span><\/p>\n","protected":false},"featured_media":992413,"comment_status":"open","ping_status":"closed","template":"","meta":[],"product_brand":[],"product_cat":[686,746],"product_tag":[],"class_list":{"0":"post-996972","1":"product","2":"type-product","3":"status-publish","4":"has-post-thumbnail","6":"product_cat-controladores-de-ascensor","7":"product_cat-unidades-de-control-del-ascensor","9":"first","10":"instock","11":"shipping-taxable","12":"product-type-simple","13":"prodpage-style2"},"_links":{"self":[{"href":"https:\/\/isfelevator.com\/es\/wp-json\/wp\/v2\/product\/996972","targetHints":{"allow":["GET"]}}],"collection":[{"href":"https:\/\/isfelevator.com\/es\/wp-json\/wp\/v2\/product"}],"about":[{"href":"https:\/\/isfelevator.com\/es\/wp-json\/wp\/v2\/types\/product"}],"replies":[{"embeddable":true,"href":"https:\/\/isfelevator.com\/es\/wp-json\/wp\/v2\/comments?post=996972"}],"wp:featuredmedia":[{"embeddable":true,"href":"https:\/\/isfelevator.com\/es\/wp-json\/wp\/v2\/media\/992413"}],"wp:attachment":[{"href":"https:\/\/isfelevator.com\/es\/wp-json\/wp\/v2\/media?parent=996972"}],"wp:term":[{"taxonomy":"product_brand","embeddable":true,"href":"https:\/\/isfelevator.com\/es\/wp-json\/wp\/v2\/product_brand?post=996972"},{"taxonomy":"product_cat","embeddable":true,"href":"https:\/\/isfelevator.com\/es\/wp-json\/wp\/v2\/product_cat?post=996972"},{"taxonomy":"product_tag","embeddable":true,"href":"https:\/\/isfelevator.com\/es\/wp-json\/wp\/v2\/product_tag?post=996972"}],"curies":[{"name":"wp","href":"https:\/\/api.w.org\/{rel}","templated":true}]}}