{"id":996964,"date":"2023-08-29T13:04:18","date_gmt":"2023-08-29T13:04:18","guid":{"rendered":"https:\/\/isfelevator.com\/product\/arl-300-elevator-controller-units\/"},"modified":"2023-02-28T09:20:49","modified_gmt":"2023-02-28T09:20:49","slug":"unidades-de-control-de-ascensores-arl-300","status":"publish","type":"product","link":"https:\/\/isfelevator.com\/es\/producto\/unidades-de-control-de-ascensores-arl-300\/","title":{"rendered":"Unidades de control de ascensores ARL 300"},"content":{"rendered":"<p><strong><span style=\"vertical-align: inherit;\">Unidades de control de ascensores ARL 300<\/span><\/strong><\/p>\n<p><strong><span style=\"vertical-align: inherit;\">ARL 300<\/span><\/strong><span style=\"vertical-align: inherit;\"> CARACTER\u00cdSTICAS GENERALES N\u00famero de paradas: 24 paradas Tipo de Control: Pulsador simple Tipo de Conducci\u00f3n: Dos Velocidades, Hidr\u00e1ulica, Velocidad Regulada VVVF, M\u00e1quina Engranada, M\u00e1quina Gearless (Con o sin cuarto de m\u00e1quinas) Operaci\u00f3n en Grupo: Hasta 4 ascensores Comunicaci\u00f3n Serial : Con cabina Posicionamiento de cabina: Con interruptores magn\u00e9ticos Compatible con ascensores de dos velocidades, VVVF (reductores y sin engranajes) e hidr\u00e1ulicos. Se puede utilizar en cualquier tipo de comando hasta 24 paradas. Circuito integrado de seguridad de puenteo de puertas para preapertura y renivelaci\u00f3n de puertas con puertas abiertas. Este circuito integrado de protecci\u00f3n de fase del motor. Entradas y salidas de control autom\u00e1tico de puertas integradas para una sola puerta.<\/span><\/p>\n<p><span style=\"vertical-align: inherit;\">Bajada de emergencia con 2 bater\u00edas de 12V para ascensores hidr\u00e1ulicos. La unidad de carga ARL-SARJ controla la carga de la bater\u00eda. Funciones de evacuaci\u00f3n de emergencia para ascensores el\u00e9ctricos. F\u00e1cil conexi\u00f3n con solo 15 cables mediante el uso de placas de instalaci\u00f3n de autom\u00f3viles en serie que reducen los costos de mano de obra y cables. Las tarjetas de conexi\u00f3n, que se utilizan en lugar de los terminales del panel, se suministran con cables de conexi\u00f3n paralelos flexibles, excepto terminales de conexi\u00f3n adicionales en el panel de control.<\/span><\/p>\n<p><span style=\"vertical-align: inherit;\">FUNCIONES ADICIONALES Servicio de extinci\u00f3n de incendios y actuaci\u00f3n de emergencia durante un incendio. Entrada de p\u00e1nico y funci\u00f3n de evacuaci\u00f3n en estado de p\u00e1nico. Funci\u00f3n de prioridad de cabina con un tipo de comando ajustable (comandos de cabina \u00fanica, \u00faltima o m\u00faltiple). Paro de estacionamiento ajustable y duraci\u00f3n del destino a la parada de estacionamiento. Limitaci\u00f3n de mandos m\u00e1ximos de cabina. Configurar los indicadores para mostrar solo la direcci\u00f3n colectiva o las direcciones actual y colectiva juntas.<\/span><\/p>\n<p><span style=\"vertical-align: inherit;\">Configuraciones de tiempo de gong ajustables (por ejemplo, al abrir las puertas o cuando el ascensor se detiene). Protecci\u00f3n con contrase\u00f1a de acceso al men\u00fa y deshabilitaci\u00f3n del sistema despu\u00e9s del tiempo de mantenimiento. Dar un comando a un piso espec\u00edfico o dar llamadas aleatorias mediante el teclado en la placa base. Funcionamiento a baja velocidad mediante el teclado de la placa base.<\/span><\/p>\n<p><span style=\"vertical-align: inherit;\">INTERFAZ DE USUARIO El usuario puede ajustar todos los par\u00e1metros del sistema a trav\u00e9s de los botones y la pantalla LCD de la placa base. Ajuste de contraste LCD ajustable desde el men\u00fa. Opciones de men\u00fa en turco, ingl\u00e9s, ruso, holand\u00e9s, rumano, alem\u00e1n e italiano.<\/span><\/p>\n<p><span style=\"vertical-align: inherit;\">CONFORMIDAD EMC probado y verificado. Total conformidad con la directiva europea de ascensores EN81-1\/2 +A3.<\/span><\/p>\n","protected":false},"excerpt":{"rendered":"<p><strong><span style=\"vertical-align: inherit;\">ARL 300<\/span><\/strong><span style=\"vertical-align: inherit;\"> Controladores de ascensores para ascensores hidr\u00e1ulicos y de tracci\u00f3n. Hasta 24 plantas con comunicaci\u00f3n paralela.<\/span><\/p>\n","protected":false},"featured_media":992407,"comment_status":"open","ping_status":"closed","template":"","meta":[],"product_brand":[],"product_cat":[686,746],"product_tag":[],"class_list":{"0":"post-996964","1":"product","2":"type-product","3":"status-publish","4":"has-post-thumbnail","6":"product_cat-controladores-de-ascensor","7":"product_cat-unidades-de-control-del-ascensor","9":"first","10":"instock","11":"shipping-taxable","12":"product-type-simple","13":"prodpage-style2"},"_links":{"self":[{"href":"https:\/\/isfelevator.com\/es\/wp-json\/wp\/v2\/product\/996964","targetHints":{"allow":["GET"]}}],"collection":[{"href":"https:\/\/isfelevator.com\/es\/wp-json\/wp\/v2\/product"}],"about":[{"href":"https:\/\/isfelevator.com\/es\/wp-json\/wp\/v2\/types\/product"}],"replies":[{"embeddable":true,"href":"https:\/\/isfelevator.com\/es\/wp-json\/wp\/v2\/comments?post=996964"}],"wp:featuredmedia":[{"embeddable":true,"href":"https:\/\/isfelevator.com\/es\/wp-json\/wp\/v2\/media\/992407"}],"wp:attachment":[{"href":"https:\/\/isfelevator.com\/es\/wp-json\/wp\/v2\/media?parent=996964"}],"wp:term":[{"taxonomy":"product_brand","embeddable":true,"href":"https:\/\/isfelevator.com\/es\/wp-json\/wp\/v2\/product_brand?post=996964"},{"taxonomy":"product_cat","embeddable":true,"href":"https:\/\/isfelevator.com\/es\/wp-json\/wp\/v2\/product_cat?post=996964"},{"taxonomy":"product_tag","embeddable":true,"href":"https:\/\/isfelevator.com\/es\/wp-json\/wp\/v2\/product_tag?post=996964"}],"curies":[{"name":"wp","href":"https:\/\/api.w.org\/{rel}","templated":true}]}}