{"id":996955,"date":"2023-02-24T13:04:18","date_gmt":"2023-02-24T13:04:18","guid":{"rendered":"https:\/\/isfelevator.com\/product\/arl-500-elevator-controller-units\/"},"modified":"2023-02-28T09:10:11","modified_gmt":"2023-02-28T09:10:11","slug":"unidades-de-controlador-de-ascensor-arl-500","status":"publish","type":"product","link":"https:\/\/isfelevator.com\/es\/producto\/unidades-de-controlador-de-ascensor-arl-500\/","title":{"rendered":"Unidades de controlador de ascensor ARL 500"},"content":{"rendered":"<p><strong><span style=\"vertical-align: inherit;\">Unidades de controlador de ascensor ARL 500<\/span><\/strong><\/p>\n<p><span style=\"vertical-align: inherit;\">CARACTER\u00cdSTICAS DEL SISTEMA Compatible con ascensores de cable e hidr\u00e1ulicos de hasta 48 paradas Puede funcionar para ascensores con velocidades de hasta 2,5 m\/s Puede funcionar en sistemas colectivos de subida\/bajada y colectivos completos Puede funcionar en grupos de hasta 8 ascensores Puede obtener datos de posici\u00f3n de la cabina mediante un codificador o por interruptores magn\u00e9ticos Comunicaci\u00f3n serie r\u00e1pida y segura con unidades de cabina y rellano a trav\u00e9s de CANbus Soluciones flexibles espec\u00edficas para una aplicaci\u00f3n mediante entradas\/salidas libres programables ubicadas en los tableros principales, de cabina y de rellano Preapertura y renivelaci\u00f3n de puertas mediante rel\u00e9s puente de puertas internos Control autom\u00e1tico de puertas independiente respecto a las paradas mediante soporte de doble puerta Circuito interno de protecci\u00f3n del motor por orden de fases Salidas de alimentaci\u00f3n y se\u00f1al protegidas contra cortocircuitos. Puede almacenar los \u00faltimos 200 errores con fecha, hora y n\u00famero de parada, lo que permite un seguimiento detallado de errores 2 CANBus.<\/span><\/p>\n<p><span style=\"vertical-align: inherit;\">INSTALACI\u00d3N PRECABLEADA Conexiones a unidades de cabina con enchufes Conexiones a puertas de piso contactos con enchufes Conexiones a foso con enchufes INTERFAZ DE USUARIO F\u00e1cil configuraci\u00f3n de par\u00e1metros por la amplia pantalla gr\u00e1fica LCD. Teclado de 6 botones y men\u00fa instructivo Disponibilidad de m\u00faltiples idiomas en el men\u00fa: turco, ingl\u00e9s, ruso, holand\u00e9s, polaco, sueco, franc\u00e9s e italiano Control de la placa base ARL-500 y del inversor ADrive VVVF desde cualquier punto mediante terminal manual conectado a la l\u00ednea CANbus Habilidad para monitorear y hacer ajustes en ascensores remotos a trav\u00e9s de Internet\/LAN usando el software ARKEL Vision Capacidad de descargar\/cargar los par\u00e1metros del controlador ARL-500 usando el software ARL-500 Parameter Tool Capacidad de actualizar el software de la placa base a trav\u00e9s de una computadora usando el firmware ARKEL software actualizador<\/span><\/p>\n<p><span style=\"vertical-align: inherit;\">FUNCIONES ADICIONALES Protecci\u00f3n con contrase\u00f1a de acceso al men\u00fa y deshabilitaci\u00f3n de un sistema de tiempo de atenci\u00f3n posterior Servicio de bomberos y operaci\u00f3n de emergencia durante un incendio Operaci\u00f3n de rescate de emergencia para ascensores el\u00e9ctricos o hidr\u00e1ulicos Entrada de p\u00e1nico y operaci\u00f3n de evacuaci\u00f3n durante la fase de p\u00e1nico Ajuste del piso del estacionamiento a diferentes niveles seg\u00fan el d\u00eda Cancelaci\u00f3n de acceso a los pisos deseados Contadores de informaci\u00f3n de viaje Flechas de direcci\u00f3n y configuraci\u00f3n de tipo de desplazamiento de texto para pantallas de matriz de puntos Mensajes de advertencia ingresados \u200b\u200bpor el usuario para que se muestren como mensajes de desplazamiento en pantallas de matriz de puntos Funci\u00f3n de prueba especial para probar las conexiones y configuraciones de la cabina y el aterrizaje operativo Regulaciones de sonido de gongs y botones en botoneras de cabina y de piso Cancelaci\u00f3n de llamadas redundantes por control de fotoc\u00e9lulas Capacidad de aceptar llamadas de piso en una direcci\u00f3n Capacidad de limitarlas llamadas registradas desde el autom\u00f3vil Posibilidad de cancelar las llamadas del autom\u00f3vil presionando dos veces<\/span><\/p>\n<p><span style=\"vertical-align: inherit;\">CONFORMIDAD EMC probado y verificado Total conformidad con EN 81-1 y EN 81-2 como controlador de ascensor completo<\/span><\/p>\n","protected":false},"excerpt":{"rendered":"<p><strong><span style=\"vertical-align: inherit;\">ARL-500<\/span><\/strong><span style=\"vertical-align: inherit;\"> El controlador ARL 500 comprende muchas funciones que se han desarrollado para un controlador de ascensor que funciona de manera m\u00e1s eficiente. El control del ascensor puede configurarse solo mediante unos pocos ajustes de par\u00e1metros; no se necesita ninguna tarjeta o software adicional.<\/span><\/p>\n","protected":false},"featured_media":992401,"comment_status":"open","ping_status":"closed","template":"","meta":[],"product_brand":[],"product_cat":[686,746],"product_tag":[],"class_list":{"0":"post-996955","1":"product","2":"type-product","3":"status-publish","4":"has-post-thumbnail","6":"product_cat-controladores-de-ascensor","7":"product_cat-unidades-de-control-del-ascensor","9":"first","10":"instock","11":"shipping-taxable","12":"product-type-simple","13":"prodpage-style2"},"_links":{"self":[{"href":"https:\/\/isfelevator.com\/es\/wp-json\/wp\/v2\/product\/996955","targetHints":{"allow":["GET"]}}],"collection":[{"href":"https:\/\/isfelevator.com\/es\/wp-json\/wp\/v2\/product"}],"about":[{"href":"https:\/\/isfelevator.com\/es\/wp-json\/wp\/v2\/types\/product"}],"replies":[{"embeddable":true,"href":"https:\/\/isfelevator.com\/es\/wp-json\/wp\/v2\/comments?post=996955"}],"wp:featuredmedia":[{"embeddable":true,"href":"https:\/\/isfelevator.com\/es\/wp-json\/wp\/v2\/media\/992401"}],"wp:attachment":[{"href":"https:\/\/isfelevator.com\/es\/wp-json\/wp\/v2\/media?parent=996955"}],"wp:term":[{"taxonomy":"product_brand","embeddable":true,"href":"https:\/\/isfelevator.com\/es\/wp-json\/wp\/v2\/product_brand?post=996955"},{"taxonomy":"product_cat","embeddable":true,"href":"https:\/\/isfelevator.com\/es\/wp-json\/wp\/v2\/product_cat?post=996955"},{"taxonomy":"product_tag","embeddable":true,"href":"https:\/\/isfelevator.com\/es\/wp-json\/wp\/v2\/product_tag?post=996955"}],"curies":[{"name":"wp","href":"https:\/\/api.w.org\/{rel}","templated":true}]}}