{"id":996946,"date":"2023-02-24T13:04:18","date_gmt":"2023-02-24T13:04:18","guid":{"rendered":"https:\/\/isfelevator.com\/product\/arl-700-elevator-controller-units\/"},"modified":"2023-02-28T09:07:25","modified_gmt":"2023-02-28T09:07:25","slug":"unidades-de-controlador-de-ascensor-arl-700","status":"publish","type":"product","link":"https:\/\/isfelevator.com\/es\/producto\/unidades-de-controlador-de-ascensor-arl-700\/","title":{"rendered":"Unidades de controlador de ascensor ARL 700"},"content":{"rendered":"<p><strong><span style=\"vertical-align: inherit;\">Unidades de controlador de ascensor ARL 700<\/span><\/strong><\/p>\n<p><strong><span style=\"vertical-align: inherit;\">Caracter\u00edsticas del ARL 700<\/span><\/strong><span style=\"vertical-align: inherit;\"> : \u2022 Compatibilidad con la norma EN81-20 (rel\u00e9s de seguridad de verificaci\u00f3n de puente de puerta incorporados). \u2022 Hasta 16 plantas con comunicaci\u00f3n paralela. \u2022 Hasta 64 pisos con comunicaci\u00f3n serial (CANBus). \u2022 Soporte de cabina de dos entradas (con puertas autom\u00e1ticas o batientes). \u2022 Soporte de grupo de hasta 8 ascensores. \u2022 Funciones de renivelaci\u00f3n y preapertura con rel\u00e9s de seguridad incorporados. \u2022 Compatibilidad total con todas las tarjetas perif\u00e9ricas Arcode disponibles (displays, tarjetas de comunicaci\u00f3n de autom\u00f3viles, controladores de puertas, etc.). \u2022 Comunicaciones de autom\u00f3viles; opcionalmente con placa Arcode IBC+CBC o con placa FX-CAN.<\/span><\/p>\n<p><span style=\"vertical-align: inherit;\">\u2022 Comunicaci\u00f3n de pozo; opcionalmente con perif\u00e9ricos Arcode CANBus o con conexiones paralelas cl\u00e1sicas mediante la placa MSP-16. \u2022 Todas las funciones disponibles a trav\u00e9s de una interfaz de usuario con LCD de 16X2 caracteres. \u2022 Opcionalmente, interfaz de usuario similar a Arcode utilizando AREM. \u2022 Comunicaci\u00f3n directa con el inversor ARKEL Adrive VVVF mediante un \u00fanico cable. \u2022 Tarjeta adaptadora (HSR) para comunicaci\u00f3n con otros motor inverter y elevadores hidr\u00e1ulicos. \u2022 Transferencia de par\u00e1metros y actualizaciones de firmware con tarjeta SD. \u2022 Copiado de ejes con motor-encoder o con sistema eje-im\u00e1n sin encoder.<\/span><\/p>\n","protected":false},"excerpt":{"rendered":"<p><strong><span style=\"vertical-align: inherit;\">ARL 700<\/span><\/strong><span style=\"vertical-align: inherit;\"> Hasta 16 pisos con comunicaci\u00f3n paralela. Hasta 64 pisos con comunicaci\u00f3n serial (CANBus). Compatibilidad con la norma EN81-20 (rel\u00e9s de seguridad de comprobaci\u00f3n de puente de puerta integrados).<\/span><\/p>\n","protected":false},"featured_media":992383,"comment_status":"open","ping_status":"closed","template":"","meta":[],"product_brand":[],"product_cat":[686,746],"product_tag":[],"class_list":{"0":"post-996946","1":"product","2":"type-product","3":"status-publish","4":"has-post-thumbnail","6":"product_cat-controladores-de-ascensor","7":"product_cat-unidades-de-control-del-ascensor","9":"first","10":"instock","11":"shipping-taxable","12":"product-type-simple","13":"prodpage-style2"},"_links":{"self":[{"href":"https:\/\/isfelevator.com\/es\/wp-json\/wp\/v2\/product\/996946","targetHints":{"allow":["GET"]}}],"collection":[{"href":"https:\/\/isfelevator.com\/es\/wp-json\/wp\/v2\/product"}],"about":[{"href":"https:\/\/isfelevator.com\/es\/wp-json\/wp\/v2\/types\/product"}],"replies":[{"embeddable":true,"href":"https:\/\/isfelevator.com\/es\/wp-json\/wp\/v2\/comments?post=996946"}],"wp:featuredmedia":[{"embeddable":true,"href":"https:\/\/isfelevator.com\/es\/wp-json\/wp\/v2\/media\/992383"}],"wp:attachment":[{"href":"https:\/\/isfelevator.com\/es\/wp-json\/wp\/v2\/media?parent=996946"}],"wp:term":[{"taxonomy":"product_brand","embeddable":true,"href":"https:\/\/isfelevator.com\/es\/wp-json\/wp\/v2\/product_brand?post=996946"},{"taxonomy":"product_cat","embeddable":true,"href":"https:\/\/isfelevator.com\/es\/wp-json\/wp\/v2\/product_cat?post=996946"},{"taxonomy":"product_tag","embeddable":true,"href":"https:\/\/isfelevator.com\/es\/wp-json\/wp\/v2\/product_tag?post=996946"}],"curies":[{"name":"wp","href":"https:\/\/api.w.org\/{rel}","templated":true}]}}