{"id":996938,"date":"2023-02-24T13:04:18","date_gmt":"2023-02-24T13:04:18","guid":{"rendered":"https:\/\/isfelevator.com\/product\/arcode-integrated-ele-control-unit\/"},"modified":"2023-09-14T17:43:01","modified_gmt":"2023-09-14T17:43:01","slug":"arcode-integrado-ele-unidad-de-control","status":"publish","type":"product","link":"https:\/\/isfelevator.com\/es\/producto\/arcode-integrado-ele-unidad-de-control\/","title":{"rendered":"ARCODE Integrado Ele. Unidad de control"},"content":{"rendered":"<p><strong><span style=\"vertical-align: inherit;\">ARCODE Integrado Ele. Unidad de control<\/span><\/strong><\/p>\n<p><span style=\"vertical-align: inherit;\">CARACTER\u00cdSTICAS GENERALES Tipo de aplicaci\u00f3n: Instalaci\u00f3n de nuevos ascensores o sustituci\u00f3n de ascensores existentes Control de motores: M\u00e1quinas s\u00edncronas (gearless) o m\u00e1quinas de inducci\u00f3n (reductoras) Sistema de accionamiento: Con sala de m\u00e1quinas o MRL Instalaci\u00f3n en armario: Dentro del hueco o fuera del hueco Rango de velocidad: Up hasta 4 m\/s Funcionamiento en grupo: Hasta 8 ascensores N\u00famero de plantas: Hasta 64 plantas Cableado cabina: Con comunicaci\u00f3n serie CANbus (est\u00e1ndar) Cableado piso: Con cableado serie CANbus precableado con cableado convencional (hasta 16 plantas con cableado paralelo tarjeta opcional de conexi\u00f3n) Posicionamiento de cabina: Con encoders incrementales o absolutos montados en el eje del motor Accionamiento de puertas: 2 entradas de cabina operadas de forma independiente Accionamiento de evacuaci\u00f3n: Mediante el uso de un SAI monof\u00e1sico de 230 V y bater\u00eda Opciones de retroalimentaci\u00f3n: Encoders incrementales (5V TTL o 10-30V HTL ),<\/span><\/p>\n<p><span style=\"vertical-align: inherit;\">Encoders absolutos <a title=\"ARCODE Integrated Elevator Control Units\" href=\"https:\/\/isfelevatorshop.de\/arcode\/\" target=\"_blank\" rel=\"noopener\">ARCODE<\/a> (EnDat, SSI, SinCos o BISS) Ajustes autom\u00e1ticos: Auto-tuning \/ Aprendizaje de ejes \/ C\u00e1lculo de ganancia de control Prevenci\u00f3n de rollback al inicio: Funci\u00f3n de pre-torque (con una se\u00f1al anal\u00f3gica de una celda de carga), funci\u00f3n Anti-rollback (sin ninguna se\u00f1al de carga externa) Auricular (AREM): pantalla TFT a color con interfaz multiling\u00fce f\u00e1cil de usar, controle el sistema desde cualquier lugar a trav\u00e9s de CANbus Actualizaci\u00f3n de software: sistema de actualizaci\u00f3n r\u00e1pido y confiable a trav\u00e9s de AREM al mismo tiempo Caracter\u00edsticas adicionales Aterrizaje directo Entrada interna EMI filtro Estrangulador de CC interno Preapertura de puerta y arranque r\u00e1pido (con m\u00f3dulo opcional) Aprendizaje digital del eje Recorrido corto por el suelo sin necesidad de hardware ni ajustes Alta precisi\u00f3n de parada Tensi\u00f3n del circuito de seguridad de 48 &#8211; 230 V CA Modo de ahorro de energ\u00eda Entradas y salidas programables Men\u00fa especial de prueba de ascensor<\/span><\/p>\n","protected":false},"excerpt":{"rendered":"<p><strong><span style=\"vertical-align: inherit;\">ARCODE<\/span><\/strong><span style=\"vertical-align: inherit;\"> Controlador integrado de ascensores para ascensores de tracci\u00f3n. ARCODE es una unidad integrada de control de ascensores que combina inversor VVVF, cuadro de control y sistema de evacuaci\u00f3n en un solo paquete.<\/span><\/p>\n","protected":false},"featured_media":992359,"comment_status":"open","ping_status":"closed","template":"","meta":[],"product_brand":[],"product_cat":[686,752],"product_tag":[],"class_list":{"0":"post-996938","1":"product","2":"type-product","3":"status-publish","4":"has-post-thumbnail","6":"product_cat-controladores-de-ascensor","7":"product_cat-unidad-de-control-integrada-del-ascensor","9":"first","10":"instock","11":"shipping-taxable","12":"product-type-simple","13":"prodpage-style2"},"_links":{"self":[{"href":"https:\/\/isfelevator.com\/es\/wp-json\/wp\/v2\/product\/996938","targetHints":{"allow":["GET"]}}],"collection":[{"href":"https:\/\/isfelevator.com\/es\/wp-json\/wp\/v2\/product"}],"about":[{"href":"https:\/\/isfelevator.com\/es\/wp-json\/wp\/v2\/types\/product"}],"replies":[{"embeddable":true,"href":"https:\/\/isfelevator.com\/es\/wp-json\/wp\/v2\/comments?post=996938"}],"wp:featuredmedia":[{"embeddable":true,"href":"https:\/\/isfelevator.com\/es\/wp-json\/wp\/v2\/media\/992359"}],"wp:attachment":[{"href":"https:\/\/isfelevator.com\/es\/wp-json\/wp\/v2\/media?parent=996938"}],"wp:term":[{"taxonomy":"product_brand","embeddable":true,"href":"https:\/\/isfelevator.com\/es\/wp-json\/wp\/v2\/product_brand?post=996938"},{"taxonomy":"product_cat","embeddable":true,"href":"https:\/\/isfelevator.com\/es\/wp-json\/wp\/v2\/product_cat?post=996938"},{"taxonomy":"product_tag","embeddable":true,"href":"https:\/\/isfelevator.com\/es\/wp-json\/wp\/v2\/product_tag?post=996938"}],"curies":[{"name":"wp","href":"https:\/\/api.w.org\/{rel}","templated":true}]}}