{"id":996929,"date":"2023-02-24T13:04:19","date_gmt":"2023-02-24T13:04:19","guid":{"rendered":"https:\/\/isfelevator.com\/product\/rk-51-revision-box\/"},"modified":"2023-02-28T08:14:45","modified_gmt":"2023-02-28T08:14:45","slug":"caja-de-revision-rk-51","status":"publish","type":"product","link":"https:\/\/isfelevator.com\/es\/producto\/caja-de-revision-rk-51\/","title":{"rendered":"Caja de revisi\u00f3n RK-51"},"content":{"rendered":"<p><strong><span style=\"vertical-align: inherit;\">Caja de revisi\u00f3n RK-51<\/span><\/strong><\/p>\n<p><strong><span style=\"vertical-align: inherit;\">Caracter\u00edsticas<\/span><\/strong><\/p>\n<p><span style=\"vertical-align: inherit;\">Salida de luz de emergencia \u2022 Alarma, gong, carga de bater\u00eda \u2022 Interruptor de inspecci\u00f3n y botones de operaci\u00f3n \u2022 Parada de emergencia (bloqueada) \u2022 Dos tomas \u2022 Toma de luz para la l\u00e1mpara En caso de falla de red, mueve el ascensor que se detuvo entre dos pisos al nivel del piso, abre la puerta autom\u00e1tica y los pasajeros son evacuados con seguridad. En ascensores con puertas autom\u00e1ticas, si se produce un fallo de red a nivel de planta, se abre la puerta y se evacua a los pasajeros. RK-51 funciona en circuito abierto. No es necesario poner un sensor en el motor. El retraso de inicio de la operaci\u00f3n de rescate se puede ajustar para edificios que tienen generadores diesel. La nivelaci\u00f3n se realiza de la forma m\u00e1s sencilla (arriba con el vag\u00f3n descargado, abajo con el vag\u00f3n completamente cargado) La frecuencia de conducci\u00f3n del motor y el par del motor se pueden ajustar en un men\u00fa para facilitar la puesta en marcha.<\/span><\/p>\n","protected":false},"excerpt":{"rendered":"<p><strong><span style=\"vertical-align: inherit;\">RK-51 <\/span><\/strong> <strong><span style=\"vertical-align: inherit;\">Caja de inspecci\u00f3n serie RK-51<\/span><\/strong><\/p>\n","protected":false},"featured_media":992557,"comment_status":"open","ping_status":"closed","template":"","meta":[],"product_brand":[],"product_cat":[716,686,692],"product_tag":[],"class_list":{"0":"post-996929","1":"product","2":"type-product","3":"status-publish","4":"has-post-thumbnail","6":"product_cat-conjuntos-de-inspeccion-y-alarma","7":"product_cat-controladores-de-ascensor","8":"product_cat-unidades-auxiliares-controladores-de-ascensor","10":"first","11":"instock","12":"shipping-taxable","13":"product-type-simple","14":"prodpage-style2"},"_links":{"self":[{"href":"https:\/\/isfelevator.com\/es\/wp-json\/wp\/v2\/product\/996929","targetHints":{"allow":["GET"]}}],"collection":[{"href":"https:\/\/isfelevator.com\/es\/wp-json\/wp\/v2\/product"}],"about":[{"href":"https:\/\/isfelevator.com\/es\/wp-json\/wp\/v2\/types\/product"}],"replies":[{"embeddable":true,"href":"https:\/\/isfelevator.com\/es\/wp-json\/wp\/v2\/comments?post=996929"}],"wp:featuredmedia":[{"embeddable":true,"href":"https:\/\/isfelevator.com\/es\/wp-json\/wp\/v2\/media\/992557"}],"wp:attachment":[{"href":"https:\/\/isfelevator.com\/es\/wp-json\/wp\/v2\/media?parent=996929"}],"wp:term":[{"taxonomy":"product_brand","embeddable":true,"href":"https:\/\/isfelevator.com\/es\/wp-json\/wp\/v2\/product_brand?post=996929"},{"taxonomy":"product_cat","embeddable":true,"href":"https:\/\/isfelevator.com\/es\/wp-json\/wp\/v2\/product_cat?post=996929"},{"taxonomy":"product_tag","embeddable":true,"href":"https:\/\/isfelevator.com\/es\/wp-json\/wp\/v2\/product_tag?post=996929"}],"curies":[{"name":"wp","href":"https:\/\/api.w.org\/{rel}","templated":true}]}}