{"id":996922,"date":"2023-02-24T13:04:19","date_gmt":"2023-02-24T13:04:19","guid":{"rendered":"https:\/\/isfelevator.com\/product\/rk-71-revision-box\/"},"modified":"2023-02-28T08:10:02","modified_gmt":"2023-02-28T08:10:02","slug":"caja-de-revision-rk-71","status":"publish","type":"product","link":"https:\/\/isfelevator.com\/es\/producto\/caja-de-revision-rk-71\/","title":{"rendered":"Caja de revisi\u00f3n RK-71"},"content":{"rendered":"<p><strong><span style=\"vertical-align: inherit;\">Caja de revisi\u00f3n RK-71<\/span><\/strong><\/p>\n<p><strong><span style=\"vertical-align: inherit;\">Caracter\u00edsticas<\/span><\/strong><\/p>\n<p><span style=\"vertical-align: inherit;\">En caso de fallo de red, desplaza a ras de suelo el ascensor detenido entre dos plantas, abre la puerta autom\u00e1tica y evacua a los pasajeros con total seguridad. En ascensores con puertas autom\u00e1ticas, si se produce un fallo de red a nivel de planta, se abre la puerta y se evacua a los pasajeros. Funciona en bucle abierto. No es necesario poner un sensor en el motor. El RK-71 obtiene la energ\u00eda de un juego de bater\u00edas de 5 x 12 V\/7 Ah que no necesita mantenimiento. Gracias al sistema de carga de bater\u00eda inteligente que no cansa las bater\u00edas y las hace funcionar durante muchos a\u00f1os. El retraso de inicio de la operaci\u00f3n de rescate se puede ajustar para edificios que tienen generadores diesel. La nivelaci\u00f3n se realiza de la forma m\u00e1s sencilla (arriba con el vag\u00f3n descargado, abajo con el vag\u00f3n completamente cargado) La frecuencia de conducci\u00f3n del motor y el par del motor se pueden ajustar en un men\u00fa para facilitar la puesta en marcha.<\/span><\/p>\n","protected":false},"excerpt":{"rendered":"<p><span style=\"vertical-align: inherit;\"><strong>Gabinete de rescate externo <\/strong><strong>RK-71<\/strong><\/span><\/p>\n","protected":false},"featured_media":992551,"comment_status":"open","ping_status":"closed","template":"","meta":[],"product_brand":[],"product_cat":[716,686,692],"product_tag":[],"class_list":{"0":"post-996922","1":"product","2":"type-product","3":"status-publish","4":"has-post-thumbnail","6":"product_cat-conjuntos-de-inspeccion-y-alarma","7":"product_cat-controladores-de-ascensor","8":"product_cat-unidades-auxiliares-controladores-de-ascensor","10":"first","11":"instock","12":"shipping-taxable","13":"product-type-simple","14":"prodpage-style2"},"_links":{"self":[{"href":"https:\/\/isfelevator.com\/es\/wp-json\/wp\/v2\/product\/996922","targetHints":{"allow":["GET"]}}],"collection":[{"href":"https:\/\/isfelevator.com\/es\/wp-json\/wp\/v2\/product"}],"about":[{"href":"https:\/\/isfelevator.com\/es\/wp-json\/wp\/v2\/types\/product"}],"replies":[{"embeddable":true,"href":"https:\/\/isfelevator.com\/es\/wp-json\/wp\/v2\/comments?post=996922"}],"wp:featuredmedia":[{"embeddable":true,"href":"https:\/\/isfelevator.com\/es\/wp-json\/wp\/v2\/media\/992551"}],"wp:attachment":[{"href":"https:\/\/isfelevator.com\/es\/wp-json\/wp\/v2\/media?parent=996922"}],"wp:term":[{"taxonomy":"product_brand","embeddable":true,"href":"https:\/\/isfelevator.com\/es\/wp-json\/wp\/v2\/product_brand?post=996922"},{"taxonomy":"product_cat","embeddable":true,"href":"https:\/\/isfelevator.com\/es\/wp-json\/wp\/v2\/product_cat?post=996922"},{"taxonomy":"product_tag","embeddable":true,"href":"https:\/\/isfelevator.com\/es\/wp-json\/wp\/v2\/product_tag?post=996922"}],"curies":[{"name":"wp","href":"https:\/\/api.w.org\/{rel}","templated":true}]}}