{"id":996914,"date":"2023-02-24T13:04:19","date_gmt":"2023-02-24T13:04:19","guid":{"rendered":"https:\/\/isfelevator.com\/product\/akus-sd-cabinet-elevator-auxiliary-units\/"},"modified":"2023-02-28T08:01:32","modified_gmt":"2023-02-28T08:01:32","slug":"unidades-auxiliares-de-elevador-de-gabinete-akus-sd","status":"publish","type":"product","link":"https:\/\/isfelevator.com\/es\/producto\/unidades-auxiliares-de-elevador-de-gabinete-akus-sd\/","title":{"rendered":"Unidades Auxiliares de Elevador de Gabinete AKUS SD"},"content":{"rendered":"<p><strong><span style=\"vertical-align: inherit;\">Unidades Auxiliares de Elevador de Gabinete AKUS SD<\/span><\/strong><\/p>\n<p><strong><span style=\"vertical-align: inherit;\">Caracter\u00edsticas <\/span><\/strong><span style=\"vertical-align: inherit;\"><strong>del armario AKUS SD<\/strong> En caso de fallo de red, desplaza el ascensor detenido entre dos plantas hasta el nivel del suelo, abre la puerta autom\u00e1tica y evacua a los pasajeros con total seguridad. En ascensores con puertas autom\u00e1ticas, si se produce un fallo de red a nivel de planta, se abre una puerta y se evacua a los pasajeros. Funciona en bucle abierto. No es necesario poner un sensor en el motor. Obtiene la energ\u00eda de un juego de bater\u00edas de 5 x 12V\/7Ah que no necesita mantenimiento.<\/span><\/p>\n<p><span style=\"vertical-align: inherit;\">Gracias al sistema de carga de bater\u00eda inteligente que no cansa las bater\u00edas y las hace funcionar durante muchos a\u00f1os. El retraso de inicio de la operaci\u00f3n de rescate se puede ajustar para edificios que tienen generadores diesel. La nivelaci\u00f3n se realiza de la forma m\u00e1s sencilla (hacia arriba con un autom\u00f3vil descargado, hacia abajo con un autom\u00f3vil completamente cargado). La frecuencia de conducci\u00f3n del motor y el par del motor se pueden ajustar en el men\u00fa para facilitar la puesta en marcha.<\/span><\/p>\n","protected":false},"excerpt":{"rendered":"<p><span style=\"vertical-align: inherit;\"><strong>Gabinete de rescate externo <\/strong><strong>AKUS SD<\/strong><\/span><\/p>\n","protected":false},"featured_media":992545,"comment_status":"open","ping_status":"closed","template":"","meta":[],"product_brand":[],"product_cat":[686,710,692],"product_tag":[],"class_list":{"0":"post-996914","1":"product","2":"type-product","3":"status-publish","4":"has-post-thumbnail","6":"product_cat-controladores-de-ascensor","7":"product_cat-unidad-de-rescate-de-emergencia","8":"product_cat-unidades-auxiliares-controladores-de-ascensor","10":"first","11":"instock","12":"shipping-taxable","13":"product-type-simple","14":"prodpage-style2"},"_links":{"self":[{"href":"https:\/\/isfelevator.com\/es\/wp-json\/wp\/v2\/product\/996914","targetHints":{"allow":["GET"]}}],"collection":[{"href":"https:\/\/isfelevator.com\/es\/wp-json\/wp\/v2\/product"}],"about":[{"href":"https:\/\/isfelevator.com\/es\/wp-json\/wp\/v2\/types\/product"}],"replies":[{"embeddable":true,"href":"https:\/\/isfelevator.com\/es\/wp-json\/wp\/v2\/comments?post=996914"}],"wp:featuredmedia":[{"embeddable":true,"href":"https:\/\/isfelevator.com\/es\/wp-json\/wp\/v2\/media\/992545"}],"wp:attachment":[{"href":"https:\/\/isfelevator.com\/es\/wp-json\/wp\/v2\/media?parent=996914"}],"wp:term":[{"taxonomy":"product_brand","embeddable":true,"href":"https:\/\/isfelevator.com\/es\/wp-json\/wp\/v2\/product_brand?post=996914"},{"taxonomy":"product_cat","embeddable":true,"href":"https:\/\/isfelevator.com\/es\/wp-json\/wp\/v2\/product_cat?post=996914"},{"taxonomy":"product_tag","embeddable":true,"href":"https:\/\/isfelevator.com\/es\/wp-json\/wp\/v2\/product_tag?post=996914"}],"curies":[{"name":"wp","href":"https:\/\/api.w.org\/{rel}","templated":true}]}}