{"id":996904,"date":"2023-02-24T13:04:19","date_gmt":"2023-02-24T13:04:19","guid":{"rendered":"https:\/\/isfelevator.com\/product\/akus-sd-combi-elevator-auxiliary-units\/"},"modified":"2023-02-28T07:56:09","modified_gmt":"2023-02-28T07:56:09","slug":"akus-sd-combi-unidades-auxiliares-de-ascensor","status":"publish","type":"product","link":"https:\/\/isfelevator.com\/es\/producto\/akus-sd-combi-unidades-auxiliares-de-ascensor\/","title":{"rendered":"AKUS-SD COMBI Unidades Auxiliares de Ascensor"},"content":{"rendered":"<p><strong><span style=\"vertical-align: inherit;\">AKUS-SD COMBI Unidades Auxiliares de Ascensor<\/span><\/strong><\/p>\n<p><strong><span style=\"vertical-align: inherit;\">CARACTER\u00cdSTICAS<\/span><\/strong><span style=\"vertical-align: inherit;\"> AKUS-SD COMBI que se compone de un solo tablero es el nuevo dise\u00f1o de la Unidad de Rescate de Emergencia. Proporciona todas las caracter\u00edsticas de AKUS-SD. En caso de fallo de red, desplaza a ras de suelo el ascensor detenido entre dos plantas, abre la puerta autom\u00e1tica y evacua a los pasajeros con total seguridad. En ascensores con puertas autom\u00e1ticas, si se produce un fallo de red a nivel de planta, se abre la puerta y se evacua a los pasajeros. AKUS-SD COMBI se puede aplicar a todos los sistemas de una velocidad, dos velocidades o control de velocidad. Adecuado para accionamientos as\u00edncronos. Funciona en bucle abierto. No es necesario poner un sensor en el motor. Incluye un transformador interno.<\/span><\/p>\n<p><span style=\"vertical-align: inherit;\">AKUS-SD COMBI obtiene la energ\u00eda de 5 bater\u00edas que no necesitan mantenimiento. Gracias al sistema de carga de bater\u00eda inteligente que no cansa las bater\u00edas y las hace funcionar durante muchos a\u00f1os. Al estar integrado en el panel de control, todas las conexiones necesarias para una unidad de emergencia se realizan en tela. Por lo tanto, el tiempo de configuraci\u00f3n se minimiza. No se necesita conexi\u00f3n de circuito de seguridad. La conexi\u00f3n del circuito de seguridad solo se realiza para levantar el controlador. AKUS-SD COMBI se puede desactivar con algunas conexiones de cable en caso de falla. Con par\u00e1metros de programa LCD como tiempo m\u00e1ximo de viaje, tipo de puerta autom\u00e1tica, frecuencia de accionamiento del motor, tiempo de apertura de la puerta, retardo de inicio, idioma, etc. se puede ajustar f\u00e1cilmente. Supervisi\u00f3n de ascensores e informes de errores con una interfaz de men\u00fa f\u00e1cil de usar. Opciones de men\u00fa en idioma turco e ingl\u00e9s. Dise\u00f1ado seg\u00fan EN81-1.<\/span><\/p>\n","protected":false},"excerpt":{"rendered":"<p><span style=\"vertical-align: inherit;\"><strong>Sistema de rescate de emergencia <\/strong><strong>AKUS-SD COMBI<\/strong><\/span><\/p>\n","protected":false},"featured_media":992539,"comment_status":"open","ping_status":"closed","template":"","meta":[],"product_brand":[],"product_cat":[686,710,692],"product_tag":[],"class_list":{"0":"post-996904","1":"product","2":"type-product","3":"status-publish","4":"has-post-thumbnail","6":"product_cat-controladores-de-ascensor","7":"product_cat-unidad-de-rescate-de-emergencia","8":"product_cat-unidades-auxiliares-controladores-de-ascensor","10":"first","11":"instock","12":"shipping-taxable","13":"product-type-simple","14":"prodpage-style2"},"_links":{"self":[{"href":"https:\/\/isfelevator.com\/es\/wp-json\/wp\/v2\/product\/996904","targetHints":{"allow":["GET"]}}],"collection":[{"href":"https:\/\/isfelevator.com\/es\/wp-json\/wp\/v2\/product"}],"about":[{"href":"https:\/\/isfelevator.com\/es\/wp-json\/wp\/v2\/types\/product"}],"replies":[{"embeddable":true,"href":"https:\/\/isfelevator.com\/es\/wp-json\/wp\/v2\/comments?post=996904"}],"wp:featuredmedia":[{"embeddable":true,"href":"https:\/\/isfelevator.com\/es\/wp-json\/wp\/v2\/media\/992539"}],"wp:attachment":[{"href":"https:\/\/isfelevator.com\/es\/wp-json\/wp\/v2\/media?parent=996904"}],"wp:term":[{"taxonomy":"product_brand","embeddable":true,"href":"https:\/\/isfelevator.com\/es\/wp-json\/wp\/v2\/product_brand?post=996904"},{"taxonomy":"product_cat","embeddable":true,"href":"https:\/\/isfelevator.com\/es\/wp-json\/wp\/v2\/product_cat?post=996904"},{"taxonomy":"product_tag","embeddable":true,"href":"https:\/\/isfelevator.com\/es\/wp-json\/wp\/v2\/product_tag?post=996904"}],"curies":[{"name":"wp","href":"https:\/\/api.w.org\/{rel}","templated":true}]}}