{"id":996894,"date":"2023-02-24T13:04:19","date_gmt":"2023-02-24T13:04:19","guid":{"rendered":"https:\/\/isfelevator.com\/product\/km-10-door-controllers\/"},"modified":"2023-02-28T07:53:56","modified_gmt":"2023-02-28T07:53:56","slug":"controladores-de-puerta-km-10","status":"publish","type":"product","link":"https:\/\/isfelevator.com\/es\/producto\/controladores-de-puerta-km-10\/","title":{"rendered":"Controladores de puerta KM-10"},"content":{"rendered":"<p><strong><span style=\"vertical-align: inherit;\">Controladores de puerta KM-10<\/span><\/strong><\/p>\n<p><strong><span style=\"vertical-align: inherit;\">KM-10 <\/span><\/strong> <strong><span style=\"vertical-align: inherit;\">CARACTER\u00cdSTICAS GENERALES<\/span><\/strong><span style=\"vertical-align: inherit;\"> KM-10 proporciona una retenci\u00f3n completa del motor con su control de motor de 4 regiones y hardware de entrada de codificador de alta resoluci\u00f3n. El teclado KM-10 integrado permite el acceso a todos sus par\u00e1metros y funcionalidades. Adem\u00e1s de este hardware, permite el movimiento r\u00e1pido pero c\u00f3modo de las puertas con su software que proporciona suavizado S en rampas de desplazamiento y que cuenta con un algoritmo que no requiere finales de carrera.<\/span><\/p>\n<p><span style=\"vertical-align: inherit;\">KM-10 proporciona funciones para el aprendizaje autom\u00e1tico de los l\u00edmites de recorrido de la puerta sin interruptores de l\u00edmite de apertura y cierre. Para trabajar con los paneles de control en completa armon\u00eda, puede generar se\u00f1ales de \u00abPuertas completamente abiertas\u00bb, \u00abPuertas completamente cerradas\u00bb y \u00abObstrucci\u00f3n o fotoc\u00e9lula detectada\u00bb. Estas se\u00f1ales le permiten funcionar para puertas de ascensores contra incendios. Se incluye una funci\u00f3n de empuje con cierre de velocidad reducida con alerta sonora despu\u00e9s de una interrupci\u00f3n prolongada de la fotoc\u00e9lula. En caso de fallo de red, puede obtener la alimentaci\u00f3n de 2 bater\u00edas de 12 V o de una fuente externa de 24 V CC.<\/span><\/p>\n<p><span style=\"vertical-align: inherit;\">El tipo de suministro de emergencia se puede seleccionar f\u00e1cilmente a trav\u00e9s de un puente a bordo. KM-10 protege la bater\u00eda de la sobrecarga con un sistema de carga de bater\u00eda inteligente. Despu\u00e9s de una apertura de emergencia con suministro de bater\u00eda, el KM-10 entra en modo de reposo y protege las bater\u00edas de una descarga excesiva. Con una entrada de se\u00f1al a nivel del piso, las puertas se pueden mantener cerradas hasta que la cabina se mueva al piso justo durante una evacuaci\u00f3n de emergencia. Proporciona un men\u00fa de par\u00e1metros que tiene niveles de acceso para seguridad, necesidades del usuario\/cliente y f\u00e1cil ajuste.<\/span><\/p>\n<p><span style=\"vertical-align: inherit;\">KM-10 proporciona muchas funciones y par\u00e1metros para las empresas de fabricaci\u00f3n que permiten la flexibilidad de la aplicaci\u00f3n, como la relaci\u00f3n de reducci\u00f3n del motor, la revoluci\u00f3n del motor, la circunferencia de la polea del motor y la zona abierta del pat\u00edn. Proporciona una configuraci\u00f3n de par\u00e1metros f\u00e1cil de usar con unidades de velocidad en cm\/s y unidades de distancia de viaje en cm. Proporciona un contador para la informaci\u00f3n de los horarios de apertura y cierre. El usuario puede ajustar f\u00e1cilmente los par\u00e1metros b\u00e1sicos (velocidad de apertura y cierre de la puerta, presi\u00f3n de obstrucci\u00f3n, tipo de se\u00f1al y modo de demostraci\u00f3n) a trav\u00e9s de pantallas y botones integrados de 7 segmentos. El teclado opcional KM-10 permite el acceso a todos sus par\u00e1metros, funcionalidad y pantallas de monitoreo. Disponibilidad de varios idiomas: turco, ingl\u00e9s y griego<\/span><\/p>\n","protected":false},"excerpt":{"rendered":"<p><strong><span style=\"vertical-align: inherit;\">Controlador de puerta KM-10 <\/span><\/strong> <strong><span style=\"vertical-align: inherit;\">para puertas telesc\u00f3picas autom\u00e1ticas<\/span><\/strong><\/p>\n","protected":false},"featured_media":992533,"comment_status":"open","ping_status":"closed","template":"","meta":[],"product_brand":[],"product_cat":[686,776],"product_tag":[],"class_list":{"0":"post-996894","1":"product","2":"type-product","3":"status-publish","4":"has-post-thumbnail","6":"product_cat-controladores-de-ascensor","7":"product_cat-controladores-de-puertas","9":"first","10":"instock","11":"shipping-taxable","12":"product-type-simple","13":"prodpage-style2"},"_links":{"self":[{"href":"https:\/\/isfelevator.com\/es\/wp-json\/wp\/v2\/product\/996894","targetHints":{"allow":["GET"]}}],"collection":[{"href":"https:\/\/isfelevator.com\/es\/wp-json\/wp\/v2\/product"}],"about":[{"href":"https:\/\/isfelevator.com\/es\/wp-json\/wp\/v2\/types\/product"}],"replies":[{"embeddable":true,"href":"https:\/\/isfelevator.com\/es\/wp-json\/wp\/v2\/comments?post=996894"}],"wp:featuredmedia":[{"embeddable":true,"href":"https:\/\/isfelevator.com\/es\/wp-json\/wp\/v2\/media\/992533"}],"wp:attachment":[{"href":"https:\/\/isfelevator.com\/es\/wp-json\/wp\/v2\/media?parent=996894"}],"wp:term":[{"taxonomy":"product_brand","embeddable":true,"href":"https:\/\/isfelevator.com\/es\/wp-json\/wp\/v2\/product_brand?post=996894"},{"taxonomy":"product_cat","embeddable":true,"href":"https:\/\/isfelevator.com\/es\/wp-json\/wp\/v2\/product_cat?post=996894"},{"taxonomy":"product_tag","embeddable":true,"href":"https:\/\/isfelevator.com\/es\/wp-json\/wp\/v2\/product_tag?post=996894"}],"curies":[{"name":"wp","href":"https:\/\/api.w.org\/{rel}","templated":true}]}}