{"id":996880,"date":"2023-02-24T13:04:19","date_gmt":"2023-02-24T13:04:19","guid":{"rendered":"https:\/\/isfelevator.com\/product\/arl-200-elevator-controller-panels\/"},"modified":"2023-02-28T07:40:34","modified_gmt":"2023-02-28T07:40:34","slug":"arl-200-elevator-controller-anels","status":"publish","type":"product","link":"https:\/\/isfelevator.com\/es\/producto\/arl-200-elevator-controller-anels\/","title":{"rendered":"Paneles de control para ascensores ARL 200"},"content":{"rendered":"<p><strong><span style=\"vertical-align: inherit;\">Panel ARL200<\/span><\/strong><\/p>\n<p><strong><span style=\"vertical-align: inherit;\">Panel ARL 200 <\/span><\/strong> <strong><span style=\"vertical-align: inherit;\">CARACTER\u00cdSTICAS DEL SISTEMA<\/span><\/strong><span style=\"vertical-align: inherit;\"> Instalaci\u00f3n en cabina; Instalaci\u00f3n de cabina de serie con soporte de caja de inspecci\u00f3n RK22, Instalaci\u00f3n de cabina paralela Instalaci\u00f3n de piso; Instalaci\u00f3n de aterrizaje en paralelo Posicionamiento de cabina; Por interruptores magn\u00e9ticos biestables e imanes redondos Entrada de cabina; Control de puerta doble con 1 Auto_Kg adicional para cada puerta Control de puerta autom\u00e1tico; Cualquier tipo de puerta autom\u00e1tica Sistema de Rescate de Emergencia (para ascensores de cable);<\/span><\/p>\n<p><span style=\"vertical-align: inherit;\">Por integraci\u00f3n de AKUS-SD en el panel de control Motor Phase Protection; Con la unidad de protecci\u00f3n de fase del motor MKR-02C compatible con salidas de c\u00f3digo indicador; Salidas de indicador de 7 segmentos incorporadas, salidas de c\u00f3digo binario y gris con soporte de controlador de c\u00f3digo binario y gris GKS, conexiones de circuito de seguridad, conexi\u00f3n especial para circuito de seguridad mediante soporte de placa de conector KBK-5 Compatibilidad; Total conformidad con EN 81-1 como panel de control de ascensor completo<\/span><\/p>\n","protected":false},"excerpt":{"rendered":"<p><strong><span style=\"vertical-align: inherit;\">Panel de control del elevador <\/span><\/strong> <span style=\"vertical-align: inherit;\"><strong>de panel ARL 200 <\/strong><\/span><strong><span style=\"vertical-align: inherit;\">CARACTER\u00cdSTICAS GENERALES<\/span><\/strong><span style=\"vertical-align: inherit;\"> N\u00famero de pisos: 16 paradas Tipo de conducci\u00f3n: una velocidad, dos velocidades, velocidad controlada Velocidad de elevaci\u00f3n: hasta 1,6 m\/s Tipo de control: control b\u00e1sico, comando paralelo (interior\/exterior mixto), \u00fanico Bot\u00f3n arriba y abajo colectivo, Bot\u00f3n \u00fanico arriba colectivo, Bot\u00f3n \u00fanico abajo colectivo, Colectivo completo Operaci\u00f3n de grupo: Hasta 2 ascensores Comunicaci\u00f3n en serie: Instalaci\u00f3n de cabina Control de puerta autom\u00e1tico: Control de puerta doble<\/span><\/p>\n","protected":false},"featured_media":992521,"comment_status":"open","ping_status":"closed","template":"","meta":[],"product_brand":[],"product_cat":[686,740],"product_tag":[],"class_list":{"0":"post-996880","1":"product","2":"type-product","3":"status-publish","4":"has-post-thumbnail","6":"product_cat-controladores-de-ascensor","7":"product_cat-paneles-de-control-de-elevadores","9":"first","10":"instock","11":"shipping-taxable","12":"product-type-simple","13":"prodpage-style2"},"_links":{"self":[{"href":"https:\/\/isfelevator.com\/es\/wp-json\/wp\/v2\/product\/996880","targetHints":{"allow":["GET"]}}],"collection":[{"href":"https:\/\/isfelevator.com\/es\/wp-json\/wp\/v2\/product"}],"about":[{"href":"https:\/\/isfelevator.com\/es\/wp-json\/wp\/v2\/types\/product"}],"replies":[{"embeddable":true,"href":"https:\/\/isfelevator.com\/es\/wp-json\/wp\/v2\/comments?post=996880"}],"wp:featuredmedia":[{"embeddable":true,"href":"https:\/\/isfelevator.com\/es\/wp-json\/wp\/v2\/media\/992521"}],"wp:attachment":[{"href":"https:\/\/isfelevator.com\/es\/wp-json\/wp\/v2\/media?parent=996880"}],"wp:term":[{"taxonomy":"product_brand","embeddable":true,"href":"https:\/\/isfelevator.com\/es\/wp-json\/wp\/v2\/product_brand?post=996880"},{"taxonomy":"product_cat","embeddable":true,"href":"https:\/\/isfelevator.com\/es\/wp-json\/wp\/v2\/product_cat?post=996880"},{"taxonomy":"product_tag","embeddable":true,"href":"https:\/\/isfelevator.com\/es\/wp-json\/wp\/v2\/product_tag?post=996880"}],"curies":[{"name":"wp","href":"https:\/\/api.w.org\/{rel}","templated":true}]}}