{"id":996872,"date":"2023-02-24T13:04:19","date_gmt":"2023-02-24T13:04:19","guid":{"rendered":"https:\/\/isfelevator.com\/product\/arl-100-elevator-controller-panels\/"},"modified":"2023-02-28T07:30:21","modified_gmt":"2023-02-28T07:30:21","slug":"tablero-arl100-paneles-de-control-de-ascensores","status":"publish","type":"product","link":"https:\/\/isfelevator.com\/es\/producto\/tablero-arl100-paneles-de-control-de-ascensores\/","title":{"rendered":"Tablero ARL100 Paneles de control de ascensores"},"content":{"rendered":"<p><strong><span style=\"vertical-align: inherit;\">Tablero ARL100. Paneles de control de ascensores<\/span><\/strong><\/p>\n<p><strong><span style=\"vertical-align: inherit;\">Panel ARL 100 <\/span><\/strong> <strong><span style=\"vertical-align: inherit;\">CARACTER\u00cdSTICAS DEL SISTEMA<\/span><\/strong><span style=\"vertical-align: inherit;\"> Instalaci\u00f3n cabina y rellano: Instalaci\u00f3n en paralelo Posicionamiento cabina; Por interruptores magn\u00e9ticos biestables e imanes redondos Entrada de cabina; Control de puerta doble con 1 Auto_Kg adicional para cada puerta Control de puerta autom\u00e1tico; Cualquier tipo de puerta autom\u00e1tica Sistema de rescate de emergencia (para ascensores de cable); Mediante la integraci\u00f3n de AKUS-SD en el panel de control Protecci\u00f3n de fase del motor: Con compatibilidad con la unidad de protecci\u00f3n de fase del motor MKR-02C Salidas de c\u00f3digo indicador: Salidas de indicador de 7 segmentos integradas, Salidas de c\u00f3digo binario y gris con soporte de controlador de c\u00f3digo binario y gris GKS, Simple Salida de c\u00f3digo de indicador. Conexiones del circuito de seguridad; Conexi\u00f3n especial para circuito de seguridad mediante soporte de placa conectora KBK-5 Compatibilidad; Total conformidad con EN 81-1 como panel de control de ascensor completo<\/span><\/p>\n","protected":false},"excerpt":{"rendered":"<p><strong><span style=\"vertical-align: inherit;\">Panel de control del elevador <\/span><\/strong> <span style=\"vertical-align: inherit;\"><strong>de panel ARL 100 <\/strong><\/span><strong><span style=\"vertical-align: inherit;\">CARACTER\u00cdSTICA GENERAL<\/span><\/strong><span style=\"vertical-align: inherit;\"> N\u00famero de pisos: 8 paradas Tipo de conducci\u00f3n: Una velocidad, dos velocidades Velocidad de elevaci\u00f3n: 1 m\/s Tipo de control: Grupo de control b\u00e1sico Operaci\u00f3n: N\/A Comunicaci\u00f3n en serie: No Control de puerta autom\u00e1tico: Puerta doble Control<\/span><\/p>\n","protected":false},"featured_media":992515,"comment_status":"open","ping_status":"closed","template":"","meta":[],"product_brand":[],"product_cat":[686,740],"product_tag":[],"class_list":{"0":"post-996872","1":"product","2":"type-product","3":"status-publish","4":"has-post-thumbnail","6":"product_cat-controladores-de-ascensor","7":"product_cat-paneles-de-control-de-elevadores","9":"first","10":"instock","11":"shipping-taxable","12":"product-type-simple","13":"prodpage-style2"},"_links":{"self":[{"href":"https:\/\/isfelevator.com\/es\/wp-json\/wp\/v2\/product\/996872","targetHints":{"allow":["GET"]}}],"collection":[{"href":"https:\/\/isfelevator.com\/es\/wp-json\/wp\/v2\/product"}],"about":[{"href":"https:\/\/isfelevator.com\/es\/wp-json\/wp\/v2\/types\/product"}],"replies":[{"embeddable":true,"href":"https:\/\/isfelevator.com\/es\/wp-json\/wp\/v2\/comments?post=996872"}],"wp:featuredmedia":[{"embeddable":true,"href":"https:\/\/isfelevator.com\/es\/wp-json\/wp\/v2\/media\/992515"}],"wp:attachment":[{"href":"https:\/\/isfelevator.com\/es\/wp-json\/wp\/v2\/media?parent=996872"}],"wp:term":[{"taxonomy":"product_brand","embeddable":true,"href":"https:\/\/isfelevator.com\/es\/wp-json\/wp\/v2\/product_brand?post=996872"},{"taxonomy":"product_cat","embeddable":true,"href":"https:\/\/isfelevator.com\/es\/wp-json\/wp\/v2\/product_cat?post=996872"},{"taxonomy":"product_tag","embeddable":true,"href":"https:\/\/isfelevator.com\/es\/wp-json\/wp\/v2\/product_tag?post=996872"}],"curies":[{"name":"wp","href":"https:\/\/api.w.org\/{rel}","templated":true}]}}