{"id":996863,"date":"2023-02-24T13:04:19","date_gmt":"2023-02-24T13:04:19","guid":{"rendered":"https:\/\/isfelevator.com\/product\/arl-300-elevator-controller-panels\/"},"modified":"2023-02-28T07:28:23","modified_gmt":"2023-02-28T07:28:23","slug":"tablero-arl-300-paneles-de-control-de-ascensores","status":"publish","type":"product","link":"https:\/\/isfelevator.com\/es\/producto\/tablero-arl-300-paneles-de-control-de-ascensores\/","title":{"rendered":"Tablero ARL 300 Paneles de control de ascensores"},"content":{"rendered":"<p><strong><span style=\"vertical-align: inherit;\">Tablero ARL 300. Paneles de control de ascensores<\/span><\/strong><\/p>\n<p><span style=\"vertical-align: inherit;\"><strong>CARACTER\u00cdSTICAS DEL SISTEMA <\/strong><strong>Panel ARL 300<\/strong><\/span><span style=\"vertical-align: inherit;\">Posicionamiento de autom\u00f3viles; Por interruptores magn\u00e9ticos monoestables e imanes de barra para sistemas VVVF e hidr\u00e1ulicos, Por interruptores magn\u00e9ticos biestables e imanes redondos para sistemas de dos velocidades Tipo Puerta Autom\u00e1tica; Cualquier tipo de puerta autom\u00e1tica Entrada de coches; Control autom\u00e1tico de puertas mediante entradas y salidas integradas en la placa base, control autom\u00e1tico de puertas dobles mediante la adici\u00f3n de 2 sistemas de rescate de emergencia de tablero Auto_Kg; Por integraci\u00f3n AKUS-SD en el panel de control (para ascensores de cable), A\u00f1adiendo placa ARL-SARJ y 2 piezas de una bater\u00eda de 12V (para ascensores hidr\u00e1ulicos) Puenteo de puerta; Preapertura y renivelaci\u00f3n de puerta con puerta abierta Protecci\u00f3n de fase del motor; Por entradas y salidas integradas en la placa base Salidas de c\u00f3digo indicador; Por binario incorporado (tambi\u00e9n binario invertido) &amp; c\u00f3digo gris (tambi\u00e9n c\u00f3digo gris invertido) y salidas indicadoras de 7 segmentos (pueden programarse en un men\u00fa) Conexiones del circuito de seguridad; Conexi\u00f3n especial para circuito de seguridad con soporte para placa KBK-5 Compatibilidad; Total conformidad con la norma EN 81-1\/2 +A3 como panel completo<\/span><\/p>\n","protected":false},"excerpt":{"rendered":"<p><strong><span style=\"vertical-align: inherit;\">Panel de control del elevador <\/span><\/strong> <span style=\"vertical-align: inherit;\"><strong>de panel ARL 300 <\/strong><\/span><strong><span style=\"vertical-align: inherit;\">CARACTER\u00cdSTICAS GENERALES<\/span><\/strong><span style=\"vertical-align: inherit;\"> N\u00famero de paradas: 24 paradas Tipo de accionamiento: Cuerda, Dos velocidades, Hidr\u00e1ulico, VVVF regulado (con inversor ADrive VVVF) + M\u00e1quina con engranajes, + M\u00e1quina sin engranajes (con o sin cuarto de m\u00e1quinas) Velocidad de elevaci\u00f3n: Arriba a 1,6 m\/s Tipo de comando: Pulsador simple, Comando en paralelo (interior\/exterior mixto), Bot\u00f3n \u00fanico arriba y abajo colectivo, Bot\u00f3n \u00fanico arriba colectivo, Bot\u00f3n \u00fanico abajo colectivo, Colectivo completo Funcionamiento en grupo: Hasta 4 ascensores Instalaci\u00f3n de cabina: Instalaci\u00f3n de cabina de serie hasta 16 paradas con soporte de caja de inspecci\u00f3n RK22 Instalaci\u00f3n de rellano: Instalaci\u00f3n de rellano en paralelo<\/span><\/p>\n","protected":false},"featured_media":992509,"comment_status":"open","ping_status":"closed","template":"","meta":[],"product_brand":[],"product_cat":[686,740],"product_tag":[],"class_list":{"0":"post-996863","1":"product","2":"type-product","3":"status-publish","4":"has-post-thumbnail","6":"product_cat-controladores-de-ascensor","7":"product_cat-paneles-de-control-de-elevadores","9":"first","10":"instock","11":"shipping-taxable","12":"product-type-simple","13":"prodpage-style2"},"_links":{"self":[{"href":"https:\/\/isfelevator.com\/es\/wp-json\/wp\/v2\/product\/996863","targetHints":{"allow":["GET"]}}],"collection":[{"href":"https:\/\/isfelevator.com\/es\/wp-json\/wp\/v2\/product"}],"about":[{"href":"https:\/\/isfelevator.com\/es\/wp-json\/wp\/v2\/types\/product"}],"replies":[{"embeddable":true,"href":"https:\/\/isfelevator.com\/es\/wp-json\/wp\/v2\/comments?post=996863"}],"wp:featuredmedia":[{"embeddable":true,"href":"https:\/\/isfelevator.com\/es\/wp-json\/wp\/v2\/media\/992509"}],"wp:attachment":[{"href":"https:\/\/isfelevator.com\/es\/wp-json\/wp\/v2\/media?parent=996863"}],"wp:term":[{"taxonomy":"product_brand","embeddable":true,"href":"https:\/\/isfelevator.com\/es\/wp-json\/wp\/v2\/product_brand?post=996863"},{"taxonomy":"product_cat","embeddable":true,"href":"https:\/\/isfelevator.com\/es\/wp-json\/wp\/v2\/product_cat?post=996863"},{"taxonomy":"product_tag","embeddable":true,"href":"https:\/\/isfelevator.com\/es\/wp-json\/wp\/v2\/product_tag?post=996863"}],"curies":[{"name":"wp","href":"https:\/\/api.w.org\/{rel}","templated":true}]}}