{"id":996854,"date":"2023-02-24T13:04:19","date_gmt":"2023-02-24T13:04:19","guid":{"rendered":"https:\/\/isfelevator.com\/product\/arl-500-elevator-controller-panels\/"},"modified":"2023-02-28T07:07:17","modified_gmt":"2023-02-28T07:07:17","slug":"tablero-arl-500-paneles-de-control-de-ascensores","status":"publish","type":"product","link":"https:\/\/isfelevator.com\/es\/producto\/tablero-arl-500-paneles-de-control-de-ascensores\/","title":{"rendered":"Tablero ARL 500 Paneles de control de ascensores"},"content":{"rendered":"<p><strong><span style=\"vertical-align: inherit;\">Tablero ARL 500. Paneles de control de ascensores<\/span><\/strong><\/p>\n<p><span style=\"vertical-align: inherit;\"><strong>CARACTER\u00cdSTICAS GENERALES <\/strong><strong>Panel ARL 500<\/strong><\/span><span style=\"vertical-align: inherit;\">Comunicaci\u00f3n con Unidades de Cabina: Comunicaci\u00f3n serial de cabina a trav\u00e9s de CANBus, Conexi\u00f3n uno a uno mediante cables flexibles con enchufes entre el panel de control y la caja de inspecci\u00f3n, Conexi\u00f3n Plug &amp; Play mediante un cable con enchufe entre el COP y la caja de inspecci\u00f3n. Comunicaci\u00f3n con Unidades de Desembarco. Panel ARL 500 Comunicaci\u00f3n serie de rellano v\u00eda CANBus, L\u00ednea CANBus que se une mediante cables con enchufes de piso a piso y que se extiende a lo largo de los huecos, Conexi\u00f3n plug &amp; play para paneles de operaci\u00f3n de rellano mediante cables con enchufes que se conectan al hueco L\u00ednea CANBus en cada piso. Cableado de contactos de puerta: Instalaci\u00f3n de contacto de puerta que se une mediante cables con enchufes de piso a piso y que se extiende a lo largo del eje, Conexi\u00f3n para contactos plug &amp; play de puertas de piso mediante cables con enchufes que se conectan a la instalaci\u00f3n de contactos de puerta.<\/span><\/p>\n<p><strong><span style=\"vertical-align: inherit;\">CARACTER\u00cdSTICAS DEL SISTEMA Panel ARL 500<\/span><\/strong><span style=\"vertical-align: inherit;\">Control Autom\u00e1tico de Puertas para cualquier tipo de puerta, Control de puerta independiente para cada piso por soporte de puerta doble 1 entrada\/salida de control de puerta en caja de inspecci\u00f3n, 2 en panel de control Posicionamiento de Cabina Por encoder, Por interruptores magn\u00e9ticos e imanes Opciones de Indicador para Panel de Operaci\u00f3n de Cabina; Indicador LCD gr\u00e1fico de 240 x 128 p\u00edxeles Indicador LCD gr\u00e1fico de 128 x 64 p\u00edxeles (vertical\/horizontal) Pantalla de matriz de puntos de 2 x 30 mm Pantalla de matriz de puntos de 3 x 30 mm Opciones del m\u00f3dulo indicador\/llamada para paneles de operaci\u00f3n de piso; Indicador gr\u00e1fico LCD de 240 x 128 p\u00edxeles (sobre una puerta) Indicador gr\u00e1fico LCD de 128 x 64 p\u00edxeles (vertical) Pantalla de matriz de puntos de 2 x 30 mm Pantalla de matriz de puntos de 3 x 30 mm M\u00f3dulo de llamada sin pantalla Sistema de rescate de emergencia; Por integraci\u00f3n AKUS-SD en el panel de control (para ascensores de cable), A\u00f1adiendo placa ARL-SARJ y 2 piezas de bater\u00eda de 12V (para ascensores hidr\u00e1ulicos).<\/span><\/p>\n<p><span style=\"vertical-align: inherit;\">Puente de puerta de panel ARL 500; Preapertura de puerta y renivelaci\u00f3n de puerta abierta mediante rel\u00e9s de puenteo de puerta en placa base Protecci\u00f3n de fase del motor, por entradas\/salidas integradas en placa base Entradas\/salidas programables, entradas\/salidas programables libres en placa base, placas de cabina y placas de rellano Funciones de prueba ; Funci\u00f3n de prueba especial para probar las conexiones de las botoneras de cabina y piso Control remoto; Control de la placa base ARL-500 y del inversor ADrive VVVF mediante terminal manual que se conecta a la l\u00ednea CANBus desde cualquier punto Conexiones del circuito de seguridad; Conexiones especiales en cuadro de control, caja de inspecci\u00f3n y pit box para circuitos de seguridad Alimentaci\u00f3n cabina y hueco; Fusibles protegidos contra defecto a tierra para cabina y luces de hueco Circuito de luces de hueco; Circuito de luces del hueco mediante rel\u00e9 de impulsos de corriente (se activa con botones en caja de inspecci\u00f3n y caja de boxes) Sirena de alarma de emergencia (se activa con botones en caja de inspecci\u00f3n y caja de boxes) Compatibilidad; EMC probado y verificado, conformidad total con EN 81-1\/2 +A3 como un sistema de control de ascensor completo<\/span><\/p>\n","protected":false},"excerpt":{"rendered":"<p><strong><span style=\"vertical-align: inherit;\">Panel ARL 500 <\/span><\/strong> <strong><span style=\"vertical-align: inherit;\">Panel de control del elevador<\/span><\/strong><span style=\"vertical-align: inherit;\"> N\u00famero de paradas: Hasta 48 paradas Tipo de accionamiento: Dos velocidades, hidr\u00e1ulico, VVVF (con inversor ADrive VVVF) + M\u00e1quina con engranajes, + M\u00e1quina sin engranajes (con o sin cuarto de m\u00e1quinas) Velocidad de elevaci\u00f3n: Hasta 2,5 m \/s Tipo de control: Colectivo completo, Colectivo de subida o bajada Comando de grupo: Hasta 8 ascensores<\/span><\/p>\n","protected":false},"featured_media":992485,"comment_status":"open","ping_status":"closed","template":"","meta":[],"product_brand":[],"product_cat":[686,740],"product_tag":[],"class_list":{"0":"post-996854","1":"product","2":"type-product","3":"status-publish","4":"has-post-thumbnail","6":"product_cat-controladores-de-ascensor","7":"product_cat-paneles-de-control-de-elevadores","9":"first","10":"instock","11":"shipping-taxable","12":"product-type-simple","13":"prodpage-style2"},"_links":{"self":[{"href":"https:\/\/isfelevator.com\/es\/wp-json\/wp\/v2\/product\/996854","targetHints":{"allow":["GET"]}}],"collection":[{"href":"https:\/\/isfelevator.com\/es\/wp-json\/wp\/v2\/product"}],"about":[{"href":"https:\/\/isfelevator.com\/es\/wp-json\/wp\/v2\/types\/product"}],"replies":[{"embeddable":true,"href":"https:\/\/isfelevator.com\/es\/wp-json\/wp\/v2\/comments?post=996854"}],"wp:featuredmedia":[{"embeddable":true,"href":"https:\/\/isfelevator.com\/es\/wp-json\/wp\/v2\/media\/992485"}],"wp:attachment":[{"href":"https:\/\/isfelevator.com\/es\/wp-json\/wp\/v2\/media?parent=996854"}],"wp:term":[{"taxonomy":"product_brand","embeddable":true,"href":"https:\/\/isfelevator.com\/es\/wp-json\/wp\/v2\/product_brand?post=996854"},{"taxonomy":"product_cat","embeddable":true,"href":"https:\/\/isfelevator.com\/es\/wp-json\/wp\/v2\/product_cat?post=996854"},{"taxonomy":"product_tag","embeddable":true,"href":"https:\/\/isfelevator.com\/es\/wp-json\/wp\/v2\/product_tag?post=996854"}],"curies":[{"name":"wp","href":"https:\/\/api.w.org\/{rel}","templated":true}]}}