{"id":996845,"date":"2023-02-24T13:04:19","date_gmt":"2023-02-24T13:04:19","guid":{"rendered":"https:\/\/isfelevator.com\/product\/arcode-elevator-controller-panels\/"},"modified":"2023-02-28T07:02:53","modified_gmt":"2023-02-28T07:02:53","slug":"panel-arcode-paneles-de-control-de-ascensores","status":"publish","type":"product","link":"https:\/\/isfelevator.com\/es\/producto\/panel-arcode-paneles-de-control-de-ascensores\/","title":{"rendered":"Panel ARCODE Paneles de control de ascensores"},"content":{"rendered":"<p><strong><span style=\"vertical-align: inherit;\">Panel ARCODE. Paneles de control de ascensores<\/span><\/strong><\/p>\n<p><strong><span style=\"vertical-align: inherit;\">CARACTER\u00cdSTICAS DEL SISTEMA<\/span><\/strong><span style=\"vertical-align: inherit;\"> Comunicaci\u00f3n con Unidades de Cabina; Comunicaci\u00f3n serial con cabina a trav\u00e9s de CANBus Conexi\u00f3n uno a uno mediante cables flexibles con tomas entre el panel de control y la caja de inspecci\u00f3n Conexi\u00f3n plug &amp; play mediante un cable con toma entre el COP y la caja de inspecci\u00f3n Comunicaci\u00f3n con unidades de aterrizaje; Comunicaci\u00f3n de aterrizaje en serie a trav\u00e9s de CANBus o comunicaci\u00f3n de aterrizaje en paralelo a trav\u00e9s de la placa SP16. L\u00ednea CANBus que se une mediante cables con tomas de piso a piso y que se extiende a lo largo del hueco Conexi\u00f3n plug &amp; play para paneles de maniobra de piso mediante cables con tomas que se conectan al hueco.<\/span><\/p>\n<p><span style=\"vertical-align: inherit;\">Panel ARCODE L\u00ednea CANBus en cada flor Contactos de puerta Cableado; Instalaci\u00f3n de contacto de puerta que se une mediante cables con tomas de piso a piso y que se extiende a lo largo del hueco Conexi\u00f3n para contactos plug &amp; play de puertas de piso mediante cables con tomas que se conectan a la instalaci\u00f3n de contacto de puerta Cableado de hueco; Conexi\u00f3n a boxes mediante un cable con tomas Car Positioning; Por encoder Por interruptores magn\u00e9ticos e imanes Control Autom\u00e1tico de Puertas; Control Autom\u00e1tico de Puertas para cualquier tipo de puerta Control de puertas independiente para cada piso mediante soporte de doble puerta 1 entrada\/salida de control de puerta en caja de inspecci\u00f3n, 2 en panel de control Indicador Opciones para Panel Operativo de Cabina; 5.7&#8243; Indicador LCD TFT a color de 320 x 240 p\u00edxeles Indicador LCD gr\u00e1fico de 240 x 128 p\u00edxeles Indicador LCD gr\u00e1fico de 128 x 64 p\u00edxeles (vertical\/horizontal) Pantalla de matriz de puntos de 2 x 30 mm Pantalla de matriz de puntos de 3 x 30 mm Opciones de m\u00f3dulo indicador\/llamada para paneles de operaci\u00f3n de aterrizaje; Indicador LCD gr\u00e1fico de 240 x 128 p\u00edxeles (sobre la puerta) Indicador LCD gr\u00e1fico de 128 x 64 p\u00edxeles (vertical) Pantalla de matriz de puntos de 2 x 30 mm Pantalla de matriz de puntos de 3 x 30 mm.<\/span><\/p>\n<p><span style=\"vertical-align: inherit;\">M\u00f3dulo de llamada de placa ARCODE sin display Maniobra de evacuaci\u00f3n; Mediante el uso de un UPS monof\u00e1sico de 220 V CA o una bater\u00eda Hasta el puente de la puerta del piso m\u00e1s cercano o espec\u00edfico; Preapertura de puerta y renivelaci\u00f3n de puerta abierta mediante rel\u00e9s de puenteo de puerta en placa DBR Protecci\u00f3n Fase Motor; Mediante entradas\/salidas integradas en la placa base. entradas\/salidas programables; Entradas\/salidas programables gratuitas en Arcode, tableros de cabina y tableros de aterrizaje Funciones de prueba; Funci\u00f3n de prueba especial para probar las conexiones de las botoneras de cabina y piso Control remoto; Control de la placa base ARL-500 y del inversor ADrive VVVF mediante terminal manual que se conecta a la l\u00ednea CANBus desde cualquier punto Conexi\u00f3n del circuito de seguridad; Conexiones especiales en cuadro de control, caja de inspecci\u00f3n y pit box para circuitos de seguridad Alimentaci\u00f3n cabina y hueco; Fusibles protegidos contra defecto a tierra para cabina y luces de hueco Circuito de luces de hueco; Circuito de luces del hueco mediante rel\u00e9 de impulsos de corriente (se activa con pulsadores en caja de inspecci\u00f3n y caja de boxes) Alarma de emergencia; Sirena de alarma de emergencia (activada con botones en caja de inspecci\u00f3n y caja de boxes) Compatibilidad; EMC probado y verificado Compatibilidad total con EN 81-20 como sistema completo de control de ascensores<\/span><\/p>\n","protected":false},"excerpt":{"rendered":"<p><strong><span style=\"vertical-align: inherit;\">Panel ARCODE<\/span><\/strong><span style=\"vertical-align: inherit;\"> N\u00famero de paradas: Hasta 64 paradas Tipo de accionamiento: Cuerda, VVVF (con inversor ADrive VVVF), M\u00e1quina con engranajes, M\u00e1quina sin engranajes (con o sin cuarto de m\u00e1quinas) Velocidad de elevaci\u00f3n: Hasta 4 m\/s Tipo de control: Colectivo completo, Comando Grupo Colectivo Subida o Bajada: Hasta 8 ascensores<\/span><\/p>\n","protected":false},"featured_media":992455,"comment_status":"open","ping_status":"closed","template":"","meta":[],"product_brand":[],"product_cat":[686,740],"product_tag":[],"class_list":{"0":"post-996845","1":"product","2":"type-product","3":"status-publish","4":"has-post-thumbnail","6":"product_cat-controladores-de-ascensor","7":"product_cat-paneles-de-control-de-elevadores","9":"first","10":"instock","11":"shipping-taxable","12":"product-type-simple","13":"prodpage-style2"},"_links":{"self":[{"href":"https:\/\/isfelevator.com\/es\/wp-json\/wp\/v2\/product\/996845","targetHints":{"allow":["GET"]}}],"collection":[{"href":"https:\/\/isfelevator.com\/es\/wp-json\/wp\/v2\/product"}],"about":[{"href":"https:\/\/isfelevator.com\/es\/wp-json\/wp\/v2\/types\/product"}],"replies":[{"embeddable":true,"href":"https:\/\/isfelevator.com\/es\/wp-json\/wp\/v2\/comments?post=996845"}],"wp:featuredmedia":[{"embeddable":true,"href":"https:\/\/isfelevator.com\/es\/wp-json\/wp\/v2\/media\/992455"}],"wp:attachment":[{"href":"https:\/\/isfelevator.com\/es\/wp-json\/wp\/v2\/media?parent=996845"}],"wp:term":[{"taxonomy":"product_brand","embeddable":true,"href":"https:\/\/isfelevator.com\/es\/wp-json\/wp\/v2\/product_brand?post=996845"},{"taxonomy":"product_cat","embeddable":true,"href":"https:\/\/isfelevator.com\/es\/wp-json\/wp\/v2\/product_cat?post=996845"},{"taxonomy":"product_tag","embeddable":true,"href":"https:\/\/isfelevator.com\/es\/wp-json\/wp\/v2\/product_tag?post=996845"}],"curies":[{"name":"wp","href":"https:\/\/api.w.org\/{rel}","templated":true}]}}