{"id":996837,"date":"2023-02-24T13:04:19","date_gmt":"2023-02-24T13:04:19","guid":{"rendered":"https:\/\/isfelevator.com\/product\/adrive-speed-control-units\/"},"modified":"2023-02-28T06:47:45","modified_gmt":"2023-02-28T06:47:45","slug":"unidades-de-control-de-velocidad-adrive","status":"publish","type":"product","link":"https:\/\/isfelevator.com\/es\/producto\/unidades-de-control-de-velocidad-adrive\/","title":{"rendered":"Unidades de control de velocidad ADrive"},"content":{"rendered":"<p><strong><span style=\"vertical-align: inherit;\">Unidades de control de velocidad ADrive<\/span><\/strong><\/p>\n<p><span style=\"vertical-align: inherit;\">CARACTER\u00cdSTICAS GENERALES ADrive Puede utilizarse con accionamientos de elevaci\u00f3n as\u00edncronos (engranados) y s\u00edncronos (sin engranajes). Proporciona una gran comodidad de viaje. Se puede utilizar con accionamientos de elevaci\u00f3n as\u00edncronos (engranados) y s\u00edncronos (sin engranajes). Proporciona una gran comodidad de viaje. Parada sensible e independiente de la carga en los pisos. Accionamiento de motor de alto par a todas las velocidades a trav\u00e9s de la modulaci\u00f3n del vector espacial. Hasta un 40% de ahorro en el uso de electricidad.<\/span><\/p>\n<p><span style=\"vertical-align: inherit;\">Eliminaci\u00f3n de ADrive de problemas de arranque con generadores con la ayuda de corriente de motor controlada. Espec\u00edficamente dise\u00f1ado para ascensores. Par\u00e1metros especiales para el confort de viaje. Frecuencia de conmutaci\u00f3n IPM de 10 kHz para accionamiento de motor de bajo ruido. Consumo de energ\u00eda a trav\u00e9s de un reactor DC interno. 4 ventiladores de bajo ruido para una refrigeraci\u00f3n eficiente. Todas las entradas y salidas de control aisladas. Sobrecarga, alto voltaje, bajo voltaje, cortocircuito de salida, p\u00e9rdida de energ\u00eda, control de fase de l\u00ednea, sobrecalentamiento, falla a tierra, sobretorque y otras funciones de protecci\u00f3n necesarias. EMC probado y verificado. Modelos de potencia nominal de 5,5 kW, 7,5 kW, 11 kW, 15 kW y 22 kW.<\/span><\/p>\n","protected":false},"excerpt":{"rendered":"<p><strong><span style=\"vertical-align: inherit;\">ADrive<\/span><\/strong><span style=\"vertical-align: inherit;\"> ADrive VVVF Inverter dise\u00f1ado para ascensores Funci\u00f3n antirretroceso para evitar el retroceso sin unidad de c\u00e9lula de carga. Funci\u00f3n de correcci\u00f3n autom\u00e1tica de curvas de recorrido para pisos cortos. Funci\u00f3n de detecci\u00f3n de ganancia excesiva para evitar la oscilaci\u00f3n del motor<\/span><\/p>\n","protected":false},"featured_media":992425,"comment_status":"open","ping_status":"closed","template":"","meta":[],"product_brand":[],"product_cat":[686,764],"product_tag":[],"class_list":{"0":"post-996837","1":"product","2":"type-product","3":"status-publish","4":"has-post-thumbnail","6":"product_cat-controladores-de-ascensor","7":"product_cat-unidades-de-control-de-velocidad","9":"first","10":"instock","11":"shipping-taxable","12":"product-type-simple","13":"prodpage-style2"},"_links":{"self":[{"href":"https:\/\/isfelevator.com\/es\/wp-json\/wp\/v2\/product\/996837","targetHints":{"allow":["GET"]}}],"collection":[{"href":"https:\/\/isfelevator.com\/es\/wp-json\/wp\/v2\/product"}],"about":[{"href":"https:\/\/isfelevator.com\/es\/wp-json\/wp\/v2\/types\/product"}],"replies":[{"embeddable":true,"href":"https:\/\/isfelevator.com\/es\/wp-json\/wp\/v2\/comments?post=996837"}],"wp:featuredmedia":[{"embeddable":true,"href":"https:\/\/isfelevator.com\/es\/wp-json\/wp\/v2\/media\/992425"}],"wp:attachment":[{"href":"https:\/\/isfelevator.com\/es\/wp-json\/wp\/v2\/media?parent=996837"}],"wp:term":[{"taxonomy":"product_brand","embeddable":true,"href":"https:\/\/isfelevator.com\/es\/wp-json\/wp\/v2\/product_brand?post=996837"},{"taxonomy":"product_cat","embeddable":true,"href":"https:\/\/isfelevator.com\/es\/wp-json\/wp\/v2\/product_cat?post=996837"},{"taxonomy":"product_tag","embeddable":true,"href":"https:\/\/isfelevator.com\/es\/wp-json\/wp\/v2\/product_tag?post=996837"}],"curies":[{"name":"wp","href":"https:\/\/api.w.org\/{rel}","templated":true}]}}