{"id":996829,"date":"2023-02-24T13:04:19","date_gmt":"2023-02-24T13:04:19","guid":{"rendered":"https:\/\/isfelevator.com\/product\/arl-100-elevator-controller-units\/"},"modified":"2023-02-28T06:45:29","modified_gmt":"2023-02-28T06:45:29","slug":"unidades-de-control-de-ascensores-arl-100","status":"publish","type":"product","link":"https:\/\/isfelevator.com\/es\/producto\/unidades-de-control-de-ascensores-arl-100\/","title":{"rendered":"Unidades de control de ascensores ARL 100"},"content":{"rendered":"<p><strong><span style=\"vertical-align: inherit;\">Unidades de control de ascensores ARL 100<\/span><\/strong><\/p>\n<p><span style=\"vertical-align: inherit;\">Caracter\u00edsticas: Una tarjeta econ\u00f3mica y pr\u00e1ctica para ascensores de botonera simple de una o dos velocidades de hasta 8 plantas. El sistema est\u00e1 compuesto por una sola unidad (22x11cm). La detecci\u00f3n del suelo se realiza mediante un sistema de contador. Solo se utilizan 3 interruptores magn\u00e9ticos para una velocidad y 4 para sistemas de dos velocidades, incluidos los interruptores de l\u00edmite, para cualquier n\u00famero de pisos. Todos los par\u00e1metros del sistema (N\u00famero de pisos, retraso ocupado, tiempo de espera de la cerradura de la puerta, puerta autom\u00e1tica s\u00ed-no, tiempo m\u00e1ximo de viaje de piso a piso, piso del parque de incendios, tiempo m\u00e1ximo de espera para el cierre de la puerta, parada en el nivel del piso durante la inspecci\u00f3n) puede ser ajustado por el usuario a trav\u00e9s de 3 botones y pantalla de 7 segmentos en la tarjeta.<\/span><\/p>\n<p><span style=\"vertical-align: inherit;\">ARL 100 una pantalla de 7 segmentos indica la posici\u00f3n del autom\u00f3vil en condiciones normales y muestra un c\u00f3digo de error en condiciones anormales. Entrada de alarma de incendio, entrada de sensor de terremoto, entrada de sobrecarga, entrada de interruptor de prioridad de cabina, flecha de direcci\u00f3n, l\u00e1mpara de cabina, ocupado, fuera de servicio y salidas de puerta autom\u00e1tica disponibles. Las salidas de 7 segmentos y de se\u00f1alizaci\u00f3n est\u00e1n protegidas contra cortocircuitos. Dise\u00f1ado de acuerdo con la norma europea de ascensores EN-81.<\/span><\/p>\n","protected":false},"excerpt":{"rendered":"<p><strong><span style=\"vertical-align: inherit;\">ARL 100<\/span><\/strong><span style=\"vertical-align: inherit;\"> Controlador de ascensores para sistemas no colectivos Una tarjeta econ\u00f3mica y pr\u00e1ctica para ascensores de pulsador simple de una o dos velocidades de hasta 8 plantas.<\/span><\/p>\n","protected":false},"featured_media":992419,"comment_status":"open","ping_status":"closed","template":"","meta":[],"product_brand":[],"product_cat":[686,746],"product_tag":[],"class_list":{"0":"post-996829","1":"product","2":"type-product","3":"status-publish","4":"has-post-thumbnail","6":"product_cat-controladores-de-ascensor","7":"product_cat-unidades-de-control-del-ascensor","9":"first","10":"instock","11":"shipping-taxable","12":"product-type-simple","13":"prodpage-style2"},"_links":{"self":[{"href":"https:\/\/isfelevator.com\/es\/wp-json\/wp\/v2\/product\/996829","targetHints":{"allow":["GET"]}}],"collection":[{"href":"https:\/\/isfelevator.com\/es\/wp-json\/wp\/v2\/product"}],"about":[{"href":"https:\/\/isfelevator.com\/es\/wp-json\/wp\/v2\/types\/product"}],"replies":[{"embeddable":true,"href":"https:\/\/isfelevator.com\/es\/wp-json\/wp\/v2\/comments?post=996829"}],"wp:featuredmedia":[{"embeddable":true,"href":"https:\/\/isfelevator.com\/es\/wp-json\/wp\/v2\/media\/992419"}],"wp:attachment":[{"href":"https:\/\/isfelevator.com\/es\/wp-json\/wp\/v2\/media?parent=996829"}],"wp:term":[{"taxonomy":"product_brand","embeddable":true,"href":"https:\/\/isfelevator.com\/es\/wp-json\/wp\/v2\/product_brand?post=996829"},{"taxonomy":"product_cat","embeddable":true,"href":"https:\/\/isfelevator.com\/es\/wp-json\/wp\/v2\/product_cat?post=996829"},{"taxonomy":"product_tag","embeddable":true,"href":"https:\/\/isfelevator.com\/es\/wp-json\/wp\/v2\/product_tag?post=996829"}],"curies":[{"name":"wp","href":"https:\/\/api.w.org\/{rel}","templated":true}]}}