{"id":996797,"date":"2023-02-24T13:04:20","date_gmt":"2023-02-24T13:04:20","guid":{"rendered":"https:\/\/isfelevator.com\/product\/bc-lcd10555-display\/"},"modified":"2023-02-28T06:17:17","modified_gmt":"2023-02-28T06:17:17","slug":"pantalla-bc-lcd10555","status":"publish","type":"product","link":"https:\/\/isfelevator.com\/es\/producto\/pantalla-bc-lcd10555\/","title":{"rendered":"Pantalla BC-LCD10555"},"content":{"rendered":"<p><strong><span style=\"vertical-align: inherit;\">Pantalla BC-LCD10555<\/span><\/strong><\/p>\n<p><strong><span style=\"vertical-align: inherit;\">CARACTER\u00cdSTICAS<\/span><\/strong><span style=\"vertical-align: inherit;\"> Entradas de bot\u00f3n de llamada arriba y abajo y salidas LED Dos entradas programables Salida de altavoz (Gong y voz de bot\u00f3n) Ajuste del nivel de volumen de voz mediante un potenci\u00f3metro de ajuste<\/span><\/p>\n<p><img loading=\"lazy\" decoding=\"async\" class=\"alignleft wp-image-2908 size-large\" src=\"https:\/\/isfelevator.com\/wp-content\/uploads\/2017\/10\/BC-LCD10555-Assambly-Details-1-1024x1017.jpg\" alt=\"BC-LCD10555\" width=\"1024\" height=\"1017\" \/><\/p>\n","protected":false},"excerpt":{"rendered":"<p><strong><span style=\"vertical-align: inherit;\">Pantalla LCD VA Negativo para<\/span><\/strong><span style=\"vertical-align: inherit;\"> Tablero de Ascensores Dimensiones: 135 mm X 77 mm X 15 mm \u00c1rea Visible: 105 X 55 mm Resoluci\u00f3n: 240 x 128 p\u00edxeles<\/span><\/p>\n","protected":false},"featured_media":992629,"comment_status":"open","ping_status":"closed","template":"","meta":[],"product_brand":[],"product_cat":[686,704,692],"product_tag":[],"class_list":{"0":"post-996797","1":"product","2":"type-product","3":"status-publish","4":"has-post-thumbnail","6":"product_cat-controladores-de-ascensor","7":"product_cat-pantallas","8":"product_cat-unidades-auxiliares-controladores-de-ascensor","10":"first","11":"instock","12":"shipping-taxable","13":"product-type-simple","14":"prodpage-style2"},"_links":{"self":[{"href":"https:\/\/isfelevator.com\/es\/wp-json\/wp\/v2\/product\/996797","targetHints":{"allow":["GET"]}}],"collection":[{"href":"https:\/\/isfelevator.com\/es\/wp-json\/wp\/v2\/product"}],"about":[{"href":"https:\/\/isfelevator.com\/es\/wp-json\/wp\/v2\/types\/product"}],"replies":[{"embeddable":true,"href":"https:\/\/isfelevator.com\/es\/wp-json\/wp\/v2\/comments?post=996797"}],"wp:featuredmedia":[{"embeddable":true,"href":"https:\/\/isfelevator.com\/es\/wp-json\/wp\/v2\/media\/992629"}],"wp:attachment":[{"href":"https:\/\/isfelevator.com\/es\/wp-json\/wp\/v2\/media?parent=996797"}],"wp:term":[{"taxonomy":"product_brand","embeddable":true,"href":"https:\/\/isfelevator.com\/es\/wp-json\/wp\/v2\/product_brand?post=996797"},{"taxonomy":"product_cat","embeddable":true,"href":"https:\/\/isfelevator.com\/es\/wp-json\/wp\/v2\/product_cat?post=996797"},{"taxonomy":"product_tag","embeddable":true,"href":"https:\/\/isfelevator.com\/es\/wp-json\/wp\/v2\/product_tag?post=996797"}],"curies":[{"name":"wp","href":"https:\/\/api.w.org\/{rel}","templated":true}]}}