{"id":996790,"date":"2023-02-24T13:04:20","date_gmt":"2023-02-24T13:04:20","guid":{"rendered":"https:\/\/isfelevator.com\/product\/lcd-240x128a-display\/"},"modified":"2023-02-28T06:15:22","modified_gmt":"2023-02-28T06:15:22","slug":"pantalla-lcd-240x128a","status":"publish","type":"product","link":"https:\/\/isfelevator.com\/es\/producto\/pantalla-lcd-240x128a\/","title":{"rendered":"Pantalla LCD 240X128A"},"content":{"rendered":"<p><strong><span style=\"vertical-align: inherit;\">Pantalla LCD 240X128A<\/span><\/strong><\/p>\n<p><strong><span style=\"vertical-align: inherit;\">CARACTER\u00cdSTICAS<\/span><\/strong><\/p>\n<p><span style=\"vertical-align: inherit;\">Admite hasta 32 pisos (48 pisos con modo CANbus para el sistema de control ARL-500) Resoluci\u00f3n de 240&#215;128 p\u00edxeles (\u00e1rea activa de 114 mm x 64 mm) Panel de visualizaci\u00f3n de prop\u00f3sito general para cabina y descansos Soporte para CANbus, c\u00f3digo Gray, c\u00f3digo binario, Arkel modo de contador y modo de pantalla de 7 segmentos Programaci\u00f3n de dispositivos con un men\u00fa y botones en LCD240128A o con una PC usando el software LCD240128A Uploader Programaci\u00f3n de im\u00e1genes individualmente para cada piso Flecha est\u00e1tica\/animada programable<\/span><\/p>\n<p><span style=\"vertical-align: inherit;\">LCD 240X128A Subt\u00edtulos est\u00e1ticos\/animados programables Imagen programable fuera de servicio y sobrecarga Logotipo programable Letras o n\u00fameros seleccionables (-, 0&#8230;9, A&#8230;Z) para el texto del piso Guardar o cargar su configuraci\u00f3n personal con LCD240128A Cargador Im\u00e1genes de usuario y los logotipos se pueden agregar f\u00e1cilmente al sistema mediante el software de la computadora Se\u00f1ales de entrada seleccionables comunes positivas o negativas Presentaci\u00f3n de hora y fecha (disponible solo con el modo CANbus) Funci\u00f3n de ahorro de energ\u00eda (disponible solo con el modo CANbus)<\/span><\/p>\n<p><img loading=\"lazy\" decoding=\"async\" class=\"alignleft wp-image-2910 size-large\" src=\"https:\/\/isfelevator.com\/wp-content\/uploads\/2017\/10\/LCD240X128A-Assanbly-Details-1-1024x1020.jpg\" alt=\"LCD240X128A\" width=\"1024\" height=\"1020\" \/><\/p>\n","protected":false},"excerpt":{"rendered":"<p><strong><span style=\"vertical-align: inherit;\">Pantalla LCD gr\u00e1fica de resoluci\u00f3n de 240 x 128 p\u00edxeles para ascensores<\/span><\/strong><span style=\"vertical-align: inherit;\"> Tipo de LCD: gr\u00e1fico monocrom\u00e1tico \u00c1rea visible: 114 mm x 64 mm Resoluci\u00f3n: 240 x 128 p\u00edxeles<\/span><\/p>\n","protected":false},"featured_media":992617,"comment_status":"open","ping_status":"closed","template":"","meta":[],"product_brand":[],"product_cat":[686,704,692],"product_tag":[],"class_list":{"0":"post-996790","1":"product","2":"type-product","3":"status-publish","4":"has-post-thumbnail","6":"product_cat-controladores-de-ascensor","7":"product_cat-pantallas","8":"product_cat-unidades-auxiliares-controladores-de-ascensor","10":"first","11":"instock","12":"shipping-taxable","13":"product-type-simple","14":"prodpage-style2"},"_links":{"self":[{"href":"https:\/\/isfelevator.com\/es\/wp-json\/wp\/v2\/product\/996790","targetHints":{"allow":["GET"]}}],"collection":[{"href":"https:\/\/isfelevator.com\/es\/wp-json\/wp\/v2\/product"}],"about":[{"href":"https:\/\/isfelevator.com\/es\/wp-json\/wp\/v2\/types\/product"}],"replies":[{"embeddable":true,"href":"https:\/\/isfelevator.com\/es\/wp-json\/wp\/v2\/comments?post=996790"}],"wp:featuredmedia":[{"embeddable":true,"href":"https:\/\/isfelevator.com\/es\/wp-json\/wp\/v2\/media\/992617"}],"wp:attachment":[{"href":"https:\/\/isfelevator.com\/es\/wp-json\/wp\/v2\/media?parent=996790"}],"wp:term":[{"taxonomy":"product_brand","embeddable":true,"href":"https:\/\/isfelevator.com\/es\/wp-json\/wp\/v2\/product_brand?post=996790"},{"taxonomy":"product_cat","embeddable":true,"href":"https:\/\/isfelevator.com\/es\/wp-json\/wp\/v2\/product_cat?post=996790"},{"taxonomy":"product_tag","embeddable":true,"href":"https:\/\/isfelevator.com\/es\/wp-json\/wp\/v2\/product_tag?post=996790"}],"curies":[{"name":"wp","href":"https:\/\/api.w.org\/{rel}","templated":true}]}}