{"id":996782,"date":"2023-02-24T13:04:20","date_gmt":"2023-02-24T13:04:20","guid":{"rendered":"https:\/\/isfelevator.com\/product\/liftmedia-display\/"},"modified":"2023-02-28T06:04:06","modified_gmt":"2023-02-28T06:04:06","slug":"pantalla-liftmedia","status":"publish","type":"product","link":"https:\/\/isfelevator.com\/es\/producto\/pantalla-liftmedia\/","title":{"rendered":"Pantalla LiftMedia"},"content":{"rendered":"<p><strong><span style=\"vertical-align: inherit;\">Pantalla LiftMedia<\/span><\/strong><\/p>\n<p><strong><span style=\"vertical-align: inherit;\">CARACTER\u00cdSTICAS<\/span><\/strong><span style=\"vertical-align: inherit;\"> Pantalla LCD TFT a color de 5,7&#8243;, 320&#215;240 p\u00edxeles. Capacidad de reproducci\u00f3n de video en una secci\u00f3n (alrededor de 1\/4) de la pantalla. Reproducci\u00f3n de m\u00fasica de alta calidad. Anuncio de voz de mensajes de piso y eventos de ascensor (sobrecargado, fuera de servicio, incendio). alerta, etc.). LiftMedia muestra los nombres de los pisos de los ascensores, las im\u00e1genes de los pisos, las flechas de direcci\u00f3n, el logotipo, las im\u00e1genes de fondo y otras se\u00f1ales del controlador del ascensor (sobrecargado, fuera de servicio, alerta de incendio, etc.). Se pueden agregar sombras paralelas y efectos 3D. a todos los elementos de la pantalla. Las im\u00e1genes de fondo se pueden cambiar con un per\u00edodo de tiempo definido por el usuario. Pantallas de fecha, hora y temperatura. El software de dise\u00f1o visual f\u00e1cil de usar est\u00e1 disponible gratuitamente.<\/span><\/p>\n<p><span style=\"vertical-align: inherit;\">LiftMedia admite tipos de archivos multimedia comunes: mp3, MPEG, Avi, WMV, Flv, mp4, m4u y wav. Admite tipos de archivos de imagen comunes: BMP, jpeg, gif y png. Todos los elementos de pantalla, sonido, m\u00fasica y video son personalizables por el usuario. Se puede montar tanto en el coche como en un rellano. Interfaz serie CANBUS con ARL-500. La orientaci\u00f3n horizontal o vertical es posible para LiftMedia. El volumen de la m\u00fasica y los anuncios se pueden ajustar por separado. La luz de fondo se puede apagar despu\u00e9s de encender el autom\u00f3vil con un retraso ajustable (funci\u00f3n de modo de suspensi\u00f3n). El sonido se puede silenciar dentro de las horas definidas por el usuario. No se necesitan cables de conexi\u00f3n para la programaci\u00f3n. Simplemente copie el dise\u00f1o de su PC a la tarjeta SD e inserte la tarjeta en LiftMedia.<\/span><\/p>\n<p><span style=\"vertical-align: inherit;\">Utiliza fuentes instaladas en el sistema operativo para que todos los alfabetos est\u00e9n disponibles (cir\u00edlico, griego, \u00e1rabe, etc.). Horas de reproducci\u00f3n de video y m\u00fasica con la tarjeta SD incluida. La expansi\u00f3n de la capacidad es posible con la compatibilidad con la tarjeta SDHC. El firmware se puede actualizar f\u00e1cilmente a trav\u00e9s de una tarjeta SD cuando est\u00e9n disponibles nuevas versiones y nuevas funciones.<\/span><\/p>\n","protected":false},"excerpt":{"rendered":"<p><strong><span style=\"vertical-align: inherit;\">Sistema de visualizaci\u00f3n, m\u00fasica y anuncios TFT LCD para ascensores<\/span><\/strong><span style=\"vertical-align: inherit;\"> Tipo de LCD: pantalla TFT a color de 5,7 pulgadas \u00c1rea visible:: 115,2 x 86,4 mm Resoluci\u00f3n:: 320 x 240 p\u00edxeles<\/span><\/p>\n","protected":false},"featured_media":992605,"comment_status":"open","ping_status":"closed","template":"","meta":[],"product_brand":[],"product_cat":[686,704,692],"product_tag":[],"class_list":{"0":"post-996782","1":"product","2":"type-product","3":"status-publish","4":"has-post-thumbnail","6":"product_cat-controladores-de-ascensor","7":"product_cat-pantallas","8":"product_cat-unidades-auxiliares-controladores-de-ascensor","10":"first","11":"instock","12":"shipping-taxable","13":"product-type-simple","14":"prodpage-style2"},"_links":{"self":[{"href":"https:\/\/isfelevator.com\/es\/wp-json\/wp\/v2\/product\/996782","targetHints":{"allow":["GET"]}}],"collection":[{"href":"https:\/\/isfelevator.com\/es\/wp-json\/wp\/v2\/product"}],"about":[{"href":"https:\/\/isfelevator.com\/es\/wp-json\/wp\/v2\/types\/product"}],"replies":[{"embeddable":true,"href":"https:\/\/isfelevator.com\/es\/wp-json\/wp\/v2\/comments?post=996782"}],"wp:featuredmedia":[{"embeddable":true,"href":"https:\/\/isfelevator.com\/es\/wp-json\/wp\/v2\/media\/992605"}],"wp:attachment":[{"href":"https:\/\/isfelevator.com\/es\/wp-json\/wp\/v2\/media?parent=996782"}],"wp:term":[{"taxonomy":"product_brand","embeddable":true,"href":"https:\/\/isfelevator.com\/es\/wp-json\/wp\/v2\/product_brand?post=996782"},{"taxonomy":"product_cat","embeddable":true,"href":"https:\/\/isfelevator.com\/es\/wp-json\/wp\/v2\/product_cat?post=996782"},{"taxonomy":"product_tag","embeddable":true,"href":"https:\/\/isfelevator.com\/es\/wp-json\/wp\/v2\/product_tag?post=996782"}],"curies":[{"name":"wp","href":"https:\/\/api.w.org\/{rel}","templated":true}]}}