{"id":996758,"date":"2023-02-24T13:04:20","date_gmt":"2023-02-24T13:04:20","guid":{"rendered":"https:\/\/isfelevator.com\/product\/ek-1-hand-terminal\/"},"modified":"2023-02-27T20:10:40","modified_gmt":"2023-02-27T20:10:40","slug":"terminal-de-mano-ek-1","status":"publish","type":"product","link":"https:\/\/isfelevator.com\/es\/producto\/terminal-de-mano-ek-1\/","title":{"rendered":"Terminal de mano EK-1"},"content":{"rendered":"<p><strong><span style=\"vertical-align: inherit;\">Terminal de mano EK-1<\/span><\/strong><\/p>\n<p><strong><span style=\"vertical-align: inherit;\">CARACTER\u00cdSTICAS<\/span><\/strong><\/p>\n<p><span style=\"vertical-align: inherit;\">Maniobra el\u00e9ctrica de emergencia desde cuadro de mandos y maniobra de inspecci\u00f3n en techo de cabina. Interruptor de operaci\u00f3n. Botones de movimiento. Parada de emergencia (se puede bloquear).<\/span><\/p>\n","protected":false},"excerpt":{"rendered":"<p><strong><span style=\"vertical-align: inherit;\">Terminal de Mano<\/span><\/strong><span style=\"vertical-align: inherit;\"> (Inspecci\u00f3n y Control Manual)<\/span><\/p>\n","protected":false},"featured_media":992581,"comment_status":"open","ping_status":"closed","template":"","meta":[],"product_brand":[],"product_cat":[716,686,692],"product_tag":[],"class_list":{"0":"post-996758","1":"product","2":"type-product","3":"status-publish","4":"has-post-thumbnail","6":"product_cat-conjuntos-de-inspeccion-y-alarma","7":"product_cat-controladores-de-ascensor","8":"product_cat-unidades-auxiliares-controladores-de-ascensor","10":"first","11":"instock","12":"shipping-taxable","13":"product-type-simple","14":"prodpage-style2"},"_links":{"self":[{"href":"https:\/\/isfelevator.com\/es\/wp-json\/wp\/v2\/product\/996758","targetHints":{"allow":["GET"]}}],"collection":[{"href":"https:\/\/isfelevator.com\/es\/wp-json\/wp\/v2\/product"}],"about":[{"href":"https:\/\/isfelevator.com\/es\/wp-json\/wp\/v2\/types\/product"}],"replies":[{"embeddable":true,"href":"https:\/\/isfelevator.com\/es\/wp-json\/wp\/v2\/comments?post=996758"}],"wp:featuredmedia":[{"embeddable":true,"href":"https:\/\/isfelevator.com\/es\/wp-json\/wp\/v2\/media\/992581"}],"wp:attachment":[{"href":"https:\/\/isfelevator.com\/es\/wp-json\/wp\/v2\/media?parent=996758"}],"wp:term":[{"taxonomy":"product_brand","embeddable":true,"href":"https:\/\/isfelevator.com\/es\/wp-json\/wp\/v2\/product_brand?post=996758"},{"taxonomy":"product_cat","embeddable":true,"href":"https:\/\/isfelevator.com\/es\/wp-json\/wp\/v2\/product_cat?post=996758"},{"taxonomy":"product_tag","embeddable":true,"href":"https:\/\/isfelevator.com\/es\/wp-json\/wp\/v2\/product_tag?post=996758"}],"curies":[{"name":"wp","href":"https:\/\/api.w.org\/{rel}","templated":true}]}}