{"id":996751,"date":"2023-02-24T13:04:20","date_gmt":"2023-02-24T13:04:20","guid":{"rendered":"https:\/\/isfelevator.com\/product\/rk-12-revision-box\/"},"modified":"2023-02-27T20:04:27","modified_gmt":"2023-02-27T20:04:27","slug":"caja-de-revision-rk-12","status":"publish","type":"product","link":"https:\/\/isfelevator.com\/es\/producto\/caja-de-revision-rk-12\/","title":{"rendered":"Caja de revisi\u00f3n RK-12"},"content":{"rendered":"<p><strong><span style=\"vertical-align: inherit;\">Caja de revisi\u00f3n RK-12<\/span><\/strong><\/p>\n<p><strong><span style=\"vertical-align: inherit;\">CARACTER\u00cdSTICAS<\/span><\/strong><\/p>\n<p><span style=\"vertical-align: inherit;\">Compatible con sistemas con instalaci\u00f3n de cabina en paralelo hasta 16 paradas Salida de l\u00e1mpara de iluminaci\u00f3n de emergencia en caso de corte de red Alarma Gong Bater\u00eda 12V y carga de bater\u00eda 2 piezas de enchufes Iluminaci\u00f3n Conexi\u00f3n especial para circuito de seguridad La comodidad de controlar desde cualquier punto de la cabina con la mano EK-1 terminal Amplio espacio para un trabajo c\u00f3modo.<\/span><\/p>\n","protected":false},"excerpt":{"rendered":"<p><strong><span style=\"vertical-align: inherit;\">Caja de Inspecci\u00f3n Est\u00e1ndar <\/span><\/strong><span style=\"vertical-align: inherit;\"><strong>RK-12<\/strong> (Carga de Bater\u00eda + Alarma + Gong)<\/span><\/p>\n","protected":false},"featured_media":992575,"comment_status":"open","ping_status":"closed","template":"","meta":[],"product_brand":[],"product_cat":[716,686,692],"product_tag":[],"class_list":{"0":"post-996751","1":"product","2":"type-product","3":"status-publish","4":"has-post-thumbnail","6":"product_cat-conjuntos-de-inspeccion-y-alarma","7":"product_cat-controladores-de-ascensor","8":"product_cat-unidades-auxiliares-controladores-de-ascensor","10":"first","11":"instock","12":"shipping-taxable","13":"product-type-simple","14":"prodpage-style2"},"_links":{"self":[{"href":"https:\/\/isfelevator.com\/es\/wp-json\/wp\/v2\/product\/996751","targetHints":{"allow":["GET"]}}],"collection":[{"href":"https:\/\/isfelevator.com\/es\/wp-json\/wp\/v2\/product"}],"about":[{"href":"https:\/\/isfelevator.com\/es\/wp-json\/wp\/v2\/types\/product"}],"replies":[{"embeddable":true,"href":"https:\/\/isfelevator.com\/es\/wp-json\/wp\/v2\/comments?post=996751"}],"wp:featuredmedia":[{"embeddable":true,"href":"https:\/\/isfelevator.com\/es\/wp-json\/wp\/v2\/media\/992575"}],"wp:attachment":[{"href":"https:\/\/isfelevator.com\/es\/wp-json\/wp\/v2\/media?parent=996751"}],"wp:term":[{"taxonomy":"product_brand","embeddable":true,"href":"https:\/\/isfelevator.com\/es\/wp-json\/wp\/v2\/product_brand?post=996751"},{"taxonomy":"product_cat","embeddable":true,"href":"https:\/\/isfelevator.com\/es\/wp-json\/wp\/v2\/product_cat?post=996751"},{"taxonomy":"product_tag","embeddable":true,"href":"https:\/\/isfelevator.com\/es\/wp-json\/wp\/v2\/product_tag?post=996751"}],"curies":[{"name":"wp","href":"https:\/\/api.w.org\/{rel}","templated":true}]}}