{"id":996741,"date":"2023-02-24T13:04:20","date_gmt":"2023-02-24T13:04:20","guid":{"rendered":"https:\/\/isfelevator.com\/product\/rk-22-revision-box\/"},"modified":"2023-02-27T19:58:11","modified_gmt":"2023-02-27T19:58:11","slug":"caja-de-revision-rk-22","status":"publish","type":"product","link":"https:\/\/isfelevator.com\/es\/producto\/caja-de-revision-rk-22\/","title":{"rendered":"Caja de revisi\u00f3n RK-22"},"content":{"rendered":"<p><strong><span style=\"vertical-align: inherit;\">Caja de revisi\u00f3n RK-22<\/span><\/strong><\/p>\n<p><strong><span style=\"vertical-align: inherit;\">CARACTER\u00cdSTICAS<\/span><\/strong><\/p>\n<p><span style=\"vertical-align: inherit;\">Soporte de instalaci\u00f3n de cabina serie hasta 16 paradas Incluye todas las caracter\u00edsticas de la caja de inspecci\u00f3n est\u00e1ndar RK12 Incluye placa de conexi\u00f3n de cabina serie FX_SERI Permite ahorrar costos al requerir menos materiales para botones de cabina, digital, sobrecarga, carga completa, gong, flechas de direcci\u00f3n, l\u00e1mpara de cabina , botones autom\u00e1ticos de apertura y cierre de puertas y botones de movimiento de inspecci\u00f3n Conexi\u00f3n especial para circuito de seguridad Comodidad de control desde cualquier punto del autom\u00f3vil mediante terminal manual EK-1 Amplio espacio para un trabajo c\u00f3modo<\/span><\/p>\n","protected":false},"excerpt":{"rendered":"<p><strong><span style=\"vertical-align: inherit;\">RK-22 <\/span><\/strong> <strong><span style=\"vertical-align: inherit;\">Caja de inspecci\u00f3n serie RK-22<\/span><\/strong><span style=\"vertical-align: inherit;\"> (FX_SERI + Carga de bater\u00eda + Alarma + Gong)<\/span><\/p>\n","protected":false},"featured_media":992569,"comment_status":"open","ping_status":"closed","template":"","meta":[],"product_brand":[],"product_cat":[716,686,692],"product_tag":[],"class_list":{"0":"post-996741","1":"product","2":"type-product","3":"status-publish","4":"has-post-thumbnail","6":"product_cat-conjuntos-de-inspeccion-y-alarma","7":"product_cat-controladores-de-ascensor","8":"product_cat-unidades-auxiliares-controladores-de-ascensor","10":"first","11":"instock","12":"shipping-taxable","13":"product-type-simple","14":"prodpage-style2"},"_links":{"self":[{"href":"https:\/\/isfelevator.com\/es\/wp-json\/wp\/v2\/product\/996741","targetHints":{"allow":["GET"]}}],"collection":[{"href":"https:\/\/isfelevator.com\/es\/wp-json\/wp\/v2\/product"}],"about":[{"href":"https:\/\/isfelevator.com\/es\/wp-json\/wp\/v2\/types\/product"}],"replies":[{"embeddable":true,"href":"https:\/\/isfelevator.com\/es\/wp-json\/wp\/v2\/comments?post=996741"}],"wp:featuredmedia":[{"embeddable":true,"href":"https:\/\/isfelevator.com\/es\/wp-json\/wp\/v2\/media\/992569"}],"wp:attachment":[{"href":"https:\/\/isfelevator.com\/es\/wp-json\/wp\/v2\/media?parent=996741"}],"wp:term":[{"taxonomy":"product_brand","embeddable":true,"href":"https:\/\/isfelevator.com\/es\/wp-json\/wp\/v2\/product_brand?post=996741"},{"taxonomy":"product_cat","embeddable":true,"href":"https:\/\/isfelevator.com\/es\/wp-json\/wp\/v2\/product_cat?post=996741"},{"taxonomy":"product_tag","embeddable":true,"href":"https:\/\/isfelevator.com\/es\/wp-json\/wp\/v2\/product_tag?post=996741"}],"curies":[{"name":"wp","href":"https:\/\/api.w.org\/{rel}","templated":true}]}}