{"id":996735,"date":"2023-02-24T13:04:20","date_gmt":"2023-02-24T13:04:20","guid":{"rendered":"https:\/\/isfelevator.com\/product\/rk-32-revision-box\/"},"modified":"2023-02-27T19:53:04","modified_gmt":"2023-02-27T19:53:04","slug":"caja-de-revision-rk-32","status":"publish","type":"product","link":"https:\/\/isfelevator.com\/es\/producto\/caja-de-revision-rk-32\/","title":{"rendered":"Caja de revisi\u00f3n RK-32"},"content":{"rendered":"<p><strong><span style=\"vertical-align: inherit;\">Caja de revisi\u00f3n RK-32<\/span><\/strong><\/p>\n<p><strong><span style=\"vertical-align: inherit;\">CARACTER\u00cdSTICAS<\/span><\/strong><\/p>\n<p><span style=\"vertical-align: inherit;\">Soporte de instalaci\u00f3n de cabina para paneles de control ARL-300 de m\u00e1s de 16 paradas Incluye todas las caracter\u00edsticas de RK12 Caja de inspecci\u00f3n est\u00e1ndar Incluye tarjeta de conexi\u00f3n de cabina serie FX_SERI-32 Permite ahorrar costos al requerir menos materiales para botones de cabina, digital, sobrecarga, carga completa, gong, flechas de direcci\u00f3n, l\u00e1mpara de cabina, botones de apertura y cierre de puertas autom\u00e1ticas y botones de movimiento de inspecci\u00f3n Conexi\u00f3n especial para circuito de seguridad La comodidad de controlar desde cualquier punto de la cabina mediante el terminal manual EK-1 Amplio espacio para un trabajo c\u00f3modo<\/span><\/p>\n","protected":false},"excerpt":{"rendered":"<p><strong><span style=\"vertical-align: inherit;\">RK-32 <\/span><\/strong> <strong><span style=\"vertical-align: inherit;\">RK-32 Caja de Inspecci\u00f3n Serial<\/span><\/strong><span style=\"vertical-align: inherit;\"> (FX_SERI_32 + Carga de Bater\u00eda + Alarma + Gong)<\/span><\/p>\n","protected":false},"featured_media":992563,"comment_status":"open","ping_status":"closed","template":"","meta":[],"product_brand":[],"product_cat":[716,686,692],"product_tag":[],"class_list":{"0":"post-996735","1":"product","2":"type-product","3":"status-publish","4":"has-post-thumbnail","6":"product_cat-conjuntos-de-inspeccion-y-alarma","7":"product_cat-controladores-de-ascensor","8":"product_cat-unidades-auxiliares-controladores-de-ascensor","10":"first","11":"instock","12":"shipping-taxable","13":"product-type-simple","14":"prodpage-style2"},"_links":{"self":[{"href":"https:\/\/isfelevator.com\/es\/wp-json\/wp\/v2\/product\/996735","targetHints":{"allow":["GET"]}}],"collection":[{"href":"https:\/\/isfelevator.com\/es\/wp-json\/wp\/v2\/product"}],"about":[{"href":"https:\/\/isfelevator.com\/es\/wp-json\/wp\/v2\/types\/product"}],"replies":[{"embeddable":true,"href":"https:\/\/isfelevator.com\/es\/wp-json\/wp\/v2\/comments?post=996735"}],"wp:featuredmedia":[{"embeddable":true,"href":"https:\/\/isfelevator.com\/es\/wp-json\/wp\/v2\/media\/992563"}],"wp:attachment":[{"href":"https:\/\/isfelevator.com\/es\/wp-json\/wp\/v2\/media?parent=996735"}],"wp:term":[{"taxonomy":"product_brand","embeddable":true,"href":"https:\/\/isfelevator.com\/es\/wp-json\/wp\/v2\/product_brand?post=996735"},{"taxonomy":"product_cat","embeddable":true,"href":"https:\/\/isfelevator.com\/es\/wp-json\/wp\/v2\/product_cat?post=996735"},{"taxonomy":"product_tag","embeddable":true,"href":"https:\/\/isfelevator.com\/es\/wp-json\/wp\/v2\/product_tag?post=996735"}],"curies":[{"name":"wp","href":"https:\/\/api.w.org\/{rel}","templated":true}]}}