{"id":996725,"date":"2023-02-24T13:04:42","date_gmt":"2023-02-24T13:04:42","guid":{"rendered":"https:\/\/isfelevator.com\/product\/sp-16\/"},"modified":"2023-02-27T19:44:28","modified_gmt":"2023-02-27T19:44:28","slug":"sp-16","status":"publish","type":"product","link":"https:\/\/isfelevator.com\/es\/producto\/sp-16\/","title":{"rendered":"SP-16"},"content":{"rendered":"<p><strong>SP-16<\/strong><\/p>\n<p><strong><span style=\"vertical-align: inherit;\">Caracter\u00edsticas<\/span><\/strong><span style=\"vertical-align: inherit;\"> Puede funcionar en sistemas colectivos arriba\/abajo (16 pisos) y colectivos completos (9 pisos). Salidas de 7 segmentos (9 salidas) y indicador de 2&#215;7 segmentos Salidas de c\u00f3digo Gray (5 salidas) Salidas de rel\u00e9 predefinidas (fuera de servicio, ocupado, direcciones abajo y arriba) (4 salidas) Para poder operar con ARL500 y ARCODE . ARL500 ve ARCODE sistemleriyle birlikte \u00e7al\u0131\u015fabilme. F\u00e1cil programaci\u00f3n con dipswitches.<\/span><\/p>\n","protected":false},"excerpt":{"rendered":"<p><strong><span style=\"vertical-align: inherit;\">SP-16 es un m\u00f3dulo convertidor paralelo\/serie que se puede utilizar en ARL500 y ARCODE. <\/span><\/strong><span style=\"vertical-align: inherit;\">SP-16 permite utilizar instalaciones de cabina paralela existentes con centrales ARL500 y ARCODE que normalmente funcionan con comunicaci\u00f3n serie. Una sola placa SP16 admite 16 pisos en operaciones colectivas arriba\/abajo y 9 pisos en operaciones colectivas completas. Se puede usar m\u00e1s de una tabla para mayor soporte. Con SP16, las conexiones cableadas paralelas existentes se pueden utilizar a trav\u00e9s de salidas de c\u00f3digo gris y de 7 segmentos.<\/span><\/p>\n","protected":false},"featured_media":992701,"comment_status":"open","ping_status":"closed","template":"","meta":[],"product_brand":[],"product_cat":[686,728,692],"product_tag":[],"class_list":{"0":"post-996725","1":"product","2":"type-product","3":"status-publish","4":"has-post-thumbnail","6":"product_cat-controladores-de-ascensor","7":"product_cat-otros-productos","8":"product_cat-unidades-auxiliares-controladores-de-ascensor","10":"first","11":"instock","12":"shipping-taxable","13":"product-type-simple","14":"prodpage-style2"},"_links":{"self":[{"href":"https:\/\/isfelevator.com\/es\/wp-json\/wp\/v2\/product\/996725","targetHints":{"allow":["GET"]}}],"collection":[{"href":"https:\/\/isfelevator.com\/es\/wp-json\/wp\/v2\/product"}],"about":[{"href":"https:\/\/isfelevator.com\/es\/wp-json\/wp\/v2\/types\/product"}],"replies":[{"embeddable":true,"href":"https:\/\/isfelevator.com\/es\/wp-json\/wp\/v2\/comments?post=996725"}],"wp:featuredmedia":[{"embeddable":true,"href":"https:\/\/isfelevator.com\/es\/wp-json\/wp\/v2\/media\/992701"}],"wp:attachment":[{"href":"https:\/\/isfelevator.com\/es\/wp-json\/wp\/v2\/media?parent=996725"}],"wp:term":[{"taxonomy":"product_brand","embeddable":true,"href":"https:\/\/isfelevator.com\/es\/wp-json\/wp\/v2\/product_brand?post=996725"},{"taxonomy":"product_cat","embeddable":true,"href":"https:\/\/isfelevator.com\/es\/wp-json\/wp\/v2\/product_cat?post=996725"},{"taxonomy":"product_tag","embeddable":true,"href":"https:\/\/isfelevator.com\/es\/wp-json\/wp\/v2\/product_tag?post=996725"}],"curies":[{"name":"wp","href":"https:\/\/api.w.org\/{rel}","templated":true}]}}