{"id":996716,"date":"2023-02-24T13:04:42","date_gmt":"2023-02-24T13:04:42","guid":{"rendered":"https:\/\/isfelevator.com\/product\/fx_series_32\/"},"modified":"2023-02-27T19:36:37","modified_gmt":"2023-02-27T19:36:37","slug":"fx_series_32","status":"publish","type":"product","link":"https:\/\/isfelevator.com\/es\/producto\/fx_series_32\/","title":{"rendered":"Fx_Series_32"},"content":{"rendered":"<p><strong>Fx_Series_32<\/strong><\/p>\n<p><strong><span style=\"vertical-align: inherit;\">CARACTER\u00cdSTICAS<\/span><\/strong><span style=\"vertical-align: inherit;\"> Unidad de comunicaci\u00f3n serie cabina para controlador de ascensor ARL-300 dise\u00f1ada para m\u00e1s de 16 plantas. Admite hasta 24 plantas Se comunica con el controlador de ascensor ARL-300 a trav\u00e9s de 2 cables Se utiliza en la caja de inspecci\u00f3n para los comandos de cabina y en el panel de control para las llamadas de piso Selecci\u00f3n del modo de operaci\u00f3n (comandos de cabina o llamadas de piso) con un puente Salidas de c\u00f3digo binario \/ gris programadas con El men\u00fa del controlador de ascensores ARL-300 Muestra las salidas A, B, C, D, E,F, G en la placa FX-SERI32 que se pueden programar como 7 segmentos, c\u00f3digo Gray, c\u00f3digo Gray invertido, c\u00f3digo binario y c\u00f3digo binario invertido<\/span><\/p>\n","protected":false},"excerpt":{"rendered":"<p><strong><span style=\"vertical-align: inherit;\">Unidad de comunicaci\u00f3n serie para edificios de gran altura<\/span><\/strong><\/p>\n","protected":false},"featured_media":992695,"comment_status":"open","ping_status":"closed","template":"","meta":[],"product_brand":[],"product_cat":[686,728,692],"product_tag":[],"class_list":{"0":"post-996716","1":"product","2":"type-product","3":"status-publish","4":"has-post-thumbnail","6":"product_cat-controladores-de-ascensor","7":"product_cat-otros-productos","8":"product_cat-unidades-auxiliares-controladores-de-ascensor","10":"first","11":"instock","12":"shipping-taxable","13":"product-type-simple","14":"prodpage-style2"},"_links":{"self":[{"href":"https:\/\/isfelevator.com\/es\/wp-json\/wp\/v2\/product\/996716","targetHints":{"allow":["GET"]}}],"collection":[{"href":"https:\/\/isfelevator.com\/es\/wp-json\/wp\/v2\/product"}],"about":[{"href":"https:\/\/isfelevator.com\/es\/wp-json\/wp\/v2\/types\/product"}],"replies":[{"embeddable":true,"href":"https:\/\/isfelevator.com\/es\/wp-json\/wp\/v2\/comments?post=996716"}],"wp:featuredmedia":[{"embeddable":true,"href":"https:\/\/isfelevator.com\/es\/wp-json\/wp\/v2\/media\/992695"}],"wp:attachment":[{"href":"https:\/\/isfelevator.com\/es\/wp-json\/wp\/v2\/media?parent=996716"}],"wp:term":[{"taxonomy":"product_brand","embeddable":true,"href":"https:\/\/isfelevator.com\/es\/wp-json\/wp\/v2\/product_brand?post=996716"},{"taxonomy":"product_cat","embeddable":true,"href":"https:\/\/isfelevator.com\/es\/wp-json\/wp\/v2\/product_cat?post=996716"},{"taxonomy":"product_tag","embeddable":true,"href":"https:\/\/isfelevator.com\/es\/wp-json\/wp\/v2\/product_tag?post=996716"}],"curies":[{"name":"wp","href":"https:\/\/api.w.org\/{rel}","templated":true}]}}