{"id":996708,"date":"2023-02-24T13:04:42","date_gmt":"2023-02-24T13:04:42","guid":{"rendered":"https:\/\/isfelevator.com\/product\/fx_series\/"},"modified":"2023-02-27T18:41:28","modified_gmt":"2023-02-27T18:41:28","slug":"fx_series","status":"publish","type":"product","link":"https:\/\/isfelevator.com\/es\/producto\/fx_series\/","title":{"rendered":"Fx_Series"},"content":{"rendered":"<p><strong>Fx_Series.<\/strong><\/p>\n<p><strong><span style=\"vertical-align: inherit;\">CARACTER\u00cdSTICAS<\/span><\/strong><span style=\"vertical-align: inherit;\"> Admite hasta 16 pisos Se comunica con los controladores ARL-200 y ARL-300 a trav\u00e9s de dos cables. No se necesita instalaci\u00f3n entre el autom\u00f3vil y el panel de control para los botones del autom\u00f3vil, la pantalla, la sobrecarga, la carga completa y el gong. Tambi\u00e9n para flechas de direcci\u00f3n, l\u00e1mpara de coche, botones de apertura y cierre autom\u00e1tico de puertas, botones de operaci\u00f3n de inspecci\u00f3n.<\/span><\/p>\n","protected":false},"excerpt":{"rendered":"<p><strong><span style=\"vertical-align: inherit;\">Unidad de comunicaci\u00f3n serial del tablero de comunicaci\u00f3n de cabina en serie<\/span><\/strong><span style=\"vertical-align: inherit;\"> (hasta 16 pisos para ARL-200S y ARL-300)<\/span><\/p>\n","protected":false},"featured_media":992689,"comment_status":"open","ping_status":"closed","template":"","meta":[],"product_brand":[],"product_cat":[686,728,692],"product_tag":[],"class_list":{"0":"post-996708","1":"product","2":"type-product","3":"status-publish","4":"has-post-thumbnail","6":"product_cat-controladores-de-ascensor","7":"product_cat-otros-productos","8":"product_cat-unidades-auxiliares-controladores-de-ascensor","10":"first","11":"instock","12":"shipping-taxable","13":"product-type-simple","14":"prodpage-style2"},"_links":{"self":[{"href":"https:\/\/isfelevator.com\/es\/wp-json\/wp\/v2\/product\/996708","targetHints":{"allow":["GET"]}}],"collection":[{"href":"https:\/\/isfelevator.com\/es\/wp-json\/wp\/v2\/product"}],"about":[{"href":"https:\/\/isfelevator.com\/es\/wp-json\/wp\/v2\/types\/product"}],"replies":[{"embeddable":true,"href":"https:\/\/isfelevator.com\/es\/wp-json\/wp\/v2\/comments?post=996708"}],"wp:featuredmedia":[{"embeddable":true,"href":"https:\/\/isfelevator.com\/es\/wp-json\/wp\/v2\/media\/992689"}],"wp:attachment":[{"href":"https:\/\/isfelevator.com\/es\/wp-json\/wp\/v2\/media?parent=996708"}],"wp:term":[{"taxonomy":"product_brand","embeddable":true,"href":"https:\/\/isfelevator.com\/es\/wp-json\/wp\/v2\/product_brand?post=996708"},{"taxonomy":"product_cat","embeddable":true,"href":"https:\/\/isfelevator.com\/es\/wp-json\/wp\/v2\/product_cat?post=996708"},{"taxonomy":"product_tag","embeddable":true,"href":"https:\/\/isfelevator.com\/es\/wp-json\/wp\/v2\/product_tag?post=996708"}],"curies":[{"name":"wp","href":"https:\/\/api.w.org\/{rel}","templated":true}]}}