{"id":996699,"date":"2023-02-24T13:04:42","date_gmt":"2023-02-24T13:04:42","guid":{"rendered":"https:\/\/isfelevator.com\/product\/apre\/"},"modified":"2023-02-27T18:25:31","modified_gmt":"2023-02-27T18:25:31","slug":"apre","status":"publish","type":"product","link":"https:\/\/isfelevator.com\/es\/producto\/apre\/","title":{"rendered":"ApRe"},"content":{"rendered":"<p><strong><span style=\"vertical-align: inherit;\">ApRe.<\/span><\/strong><\/p>\n<p><strong><span style=\"vertical-align: inherit;\">FUNCIONES<\/span><\/strong><\/p>\n<p><span style=\"vertical-align: inherit;\">ApRe, que est\u00e1 certificado seg\u00fan la norma EN 81-1\/2+A3 junto con el inversor Adrive, es un sistema de protecci\u00f3n de los limitadores de velocidad compatibles con A3 contra movimientos inesperados de la cabina. En caso de falla del circuito de seguridad o corte de energ\u00eda cuando el elevador est\u00e1 en movimiento, bloquea la activaci\u00f3n de los frenos de paraca\u00eddas y el limitador de velocidad para quedar bloqueado. Puede ser utilizado con limitadores de velocidad con voltajes de operaci\u00f3n de 12Vdc o 24Vdc (hasta 6A). Funciona incluso en caso de fallo de red con la ayuda de una bater\u00eda adicional que debe ser cargada por ApRe. Conexi\u00f3n del bot\u00f3n de evacuaci\u00f3n para liberar el limitador de velocidad en caso de emergencia Conexi\u00f3n del bot\u00f3n de prueba para probar el limitador de velocidad de forma remota<\/span><\/p>\n<p><strong><span style=\"vertical-align: inherit;\">ESPECIFICACIONES<\/span><\/strong><\/p>\n<ul>\n<li><span style=\"vertical-align: inherit;\">Caracter\u00edsticas el\u00e9ctricas<\/span><\/li>\n<li><span style=\"vertical-align: inherit;\">Tensi\u00f3n de la bobina de bloqueo del limitador de velocidad: 12 Vdc y 24 Vdc<\/span><\/li>\n<li><span style=\"vertical-align: inherit;\">ApRe solo usa un suministro adecuado y una bater\u00eda con el voltaje de la bobina.<\/span><\/li>\n<li><span style=\"vertical-align: inherit;\">Corriente m\u00e1xima de bobina: 6A<\/span><\/li>\n<li><span style=\"vertical-align: inherit;\">Suministro normal (12Vdc para bobina): 11-14 Vdc<\/span><\/li>\n<li><span style=\"vertical-align: inherit;\">Suministro normal (24Vdc para bobina): 20-27 Vdc<\/span><\/li>\n<li><span style=\"vertical-align: inherit;\">Suministro de bater\u00eda (12Vdc para bobina): 12 Vdc\/1,2 Ah<\/span><\/li>\n<li><span style=\"vertical-align: inherit;\">Alimentaci\u00f3n por bater\u00eda (24Vdc para bobina): 24 Vdc\/1,2 Ah<\/span><\/li>\n<li><span style=\"vertical-align: inherit;\">Carga de bater\u00eda interna: con fuente de corriente continua.<\/span><\/li>\n<li><span style=\"vertical-align: inherit;\">Entrada circuito de seguridad: 190-230 Vac<\/span><\/li>\n<\/ul>\n<p><span style=\"vertical-align: inherit;\">Consumo de energ\u00eda promedio ApRe: cuando la bobina no est\u00e1 energizada y la bater\u00eda est\u00e1 completamente cargada: &lt; 1W. Cuando la bobina no est\u00e1 energizada y la bater\u00eda est\u00e1 vac\u00eda: &lt;10W<\/span><\/p>\n","protected":false},"excerpt":{"rendered":"<p><strong><span style=\"vertical-align: inherit;\">Tarjeta de comunicaci\u00f3n serie Car<\/span><\/strong><span style=\"vertical-align: inherit;\"> Unidad de activaci\u00f3n del dispositivo de sujeci\u00f3n ApRe (EN 81-1\/2 + A3)<\/span><\/p>\n","protected":false},"featured_media":992683,"comment_status":"open","ping_status":"closed","template":"","meta":[],"product_brand":[],"product_cat":[686,728,692],"product_tag":[],"class_list":{"0":"post-996699","1":"product","2":"type-product","3":"status-publish","4":"has-post-thumbnail","6":"product_cat-controladores-de-ascensor","7":"product_cat-otros-productos","8":"product_cat-unidades-auxiliares-controladores-de-ascensor","10":"first","11":"instock","12":"shipping-taxable","13":"product-type-simple","14":"prodpage-style2"},"_links":{"self":[{"href":"https:\/\/isfelevator.com\/es\/wp-json\/wp\/v2\/product\/996699","targetHints":{"allow":["GET"]}}],"collection":[{"href":"https:\/\/isfelevator.com\/es\/wp-json\/wp\/v2\/product"}],"about":[{"href":"https:\/\/isfelevator.com\/es\/wp-json\/wp\/v2\/types\/product"}],"replies":[{"embeddable":true,"href":"https:\/\/isfelevator.com\/es\/wp-json\/wp\/v2\/comments?post=996699"}],"wp:featuredmedia":[{"embeddable":true,"href":"https:\/\/isfelevator.com\/es\/wp-json\/wp\/v2\/media\/992683"}],"wp:attachment":[{"href":"https:\/\/isfelevator.com\/es\/wp-json\/wp\/v2\/media?parent=996699"}],"wp:term":[{"taxonomy":"product_brand","embeddable":true,"href":"https:\/\/isfelevator.com\/es\/wp-json\/wp\/v2\/product_brand?post=996699"},{"taxonomy":"product_cat","embeddable":true,"href":"https:\/\/isfelevator.com\/es\/wp-json\/wp\/v2\/product_cat?post=996699"},{"taxonomy":"product_tag","embeddable":true,"href":"https:\/\/isfelevator.com\/es\/wp-json\/wp\/v2\/product_tag?post=996699"}],"curies":[{"name":"wp","href":"https:\/\/api.w.org\/{rel}","templated":true}]}}