{"id":996692,"date":"2023-02-24T13:04:42","date_gmt":"2023-02-24T13:04:42","guid":{"rendered":"https:\/\/isfelevator.com\/product\/liftsense-magnetic-switches\/"},"modified":"2023-02-27T18:19:47","modified_gmt":"2023-02-27T18:19:47","slug":"interruptores-magneticos-liftsense","status":"publish","type":"product","link":"https:\/\/isfelevator.com\/es\/producto\/interruptores-magneticos-liftsense\/","title":{"rendered":"Interruptores magn\u00e9ticos LiftSense"},"content":{"rendered":"<p><strong>Interruptores magn\u00e9ticos LiftSense<\/strong><\/p>\n<p>&nbsp;<\/p>\n","protected":false},"excerpt":{"rendered":"<p><strong>Recopila la informaci\u00f3n de posici\u00f3n de la cabina necesaria para la renivelaci\u00f3n y la preapertura de puertas y env\u00eda estos datos a la unidad de control del ascensor integrado ARCODE.<\/strong><\/p>\n","protected":false},"featured_media":992677,"comment_status":"open","ping_status":"closed","template":"","meta":[],"product_brand":[],"product_cat":[686,722,692],"product_tag":[],"class_list":{"0":"post-996692","1":"product","2":"type-product","3":"status-publish","4":"has-post-thumbnail","6":"product_cat-controladores-de-ascensor","7":"product_cat-interruptores-magneticos","8":"product_cat-unidades-auxiliares-controladores-de-ascensor","10":"first","11":"instock","12":"shipping-taxable","13":"product-type-simple","14":"prodpage-style2"},"_links":{"self":[{"href":"https:\/\/isfelevator.com\/es\/wp-json\/wp\/v2\/product\/996692","targetHints":{"allow":["GET"]}}],"collection":[{"href":"https:\/\/isfelevator.com\/es\/wp-json\/wp\/v2\/product"}],"about":[{"href":"https:\/\/isfelevator.com\/es\/wp-json\/wp\/v2\/types\/product"}],"replies":[{"embeddable":true,"href":"https:\/\/isfelevator.com\/es\/wp-json\/wp\/v2\/comments?post=996692"}],"wp:featuredmedia":[{"embeddable":true,"href":"https:\/\/isfelevator.com\/es\/wp-json\/wp\/v2\/media\/992677"}],"wp:attachment":[{"href":"https:\/\/isfelevator.com\/es\/wp-json\/wp\/v2\/media?parent=996692"}],"wp:term":[{"taxonomy":"product_brand","embeddable":true,"href":"https:\/\/isfelevator.com\/es\/wp-json\/wp\/v2\/product_brand?post=996692"},{"taxonomy":"product_cat","embeddable":true,"href":"https:\/\/isfelevator.com\/es\/wp-json\/wp\/v2\/product_cat?post=996692"},{"taxonomy":"product_tag","embeddable":true,"href":"https:\/\/isfelevator.com\/es\/wp-json\/wp\/v2\/product_tag?post=996692"}],"curies":[{"name":"wp","href":"https:\/\/api.w.org\/{rel}","templated":true}]}}