{"id":996683,"date":"2023-02-24T13:04:42","date_gmt":"2023-02-24T13:04:42","guid":{"rendered":"https:\/\/isfelevator.com\/product\/mtm-monostable-switch\/"},"modified":"2023-02-27T18:14:48","modified_gmt":"2023-02-27T18:14:48","slug":"interruptor-monoestable-mtm","status":"publish","type":"product","link":"https:\/\/isfelevator.com\/es\/producto\/interruptor-monoestable-mtm\/","title":{"rendered":"Interruptor monoestable MTM"},"content":{"rendered":"<p><strong><span style=\"vertical-align: inherit;\">Interruptor monoestable MTM<\/span><\/strong><\/p>\n<ul>\n<li><span style=\"vertical-align: inherit;\">ARCODE se utiliza con la unidad de control de ascensor integrada. Proporciona informaci\u00f3n de la posici\u00f3n de la cabina para la renovaci\u00f3n del nivel y la apertura anticipada de la puerta.<\/span><\/li>\n<li><span style=\"vertical-align: inherit;\">Cada piso funciona con imanes de zona de puerta ya colocados.<\/span><\/li>\n<li><span style=\"vertical-align: inherit;\">El interruptor monoestable MTM elimina la necesidad de una disposici\u00f3n de imanes adicional y de la instalaci\u00f3n de un interruptor magn\u00e9tico en el pozo para la renovaci\u00f3n del nivel.<\/span><\/li>\n<li><span style=\"vertical-align: inherit;\">Adem\u00e1s de los sensores de renovaci\u00f3n de nivel, tampoco es necesario utilizar el conmutador de zona de puerta ya que incluye 2 sensores de detecci\u00f3n de zona de puerta.<\/span><\/li>\n<li><span style=\"vertical-align: inherit;\">No es necesario cambiar la posici\u00f3n de los imanes para realizar ajustes de nivel precisos.<\/span><\/li>\n<li><span style=\"vertical-align: inherit;\">Proporciona una precisi\u00f3n de posici\u00f3n de 7,5 mm con 20 sensores magn\u00e9ticos.<\/span><\/li>\n<li><span style=\"vertical-align: inherit;\">La placa de revisi\u00f3n en cabina est\u00e1 conectada con 5 l\u00edneas que consisten en canales de comunicaci\u00f3n de posici\u00f3n de suministro +, suministro-, ML1, ML2 y serie. No se requieren ajustes.<\/span><\/li>\n<\/ul>\n","protected":false},"excerpt":{"rendered":"<p><strong><span style=\"vertical-align: inherit;\">Interruptor Monoestable Electr\u00f3nico e Imanes de Barra<\/span><\/strong><\/p>\n","protected":false},"featured_media":992665,"comment_status":"open","ping_status":"closed","template":"","meta":[],"product_brand":[],"product_cat":[686,722,692],"product_tag":[],"class_list":{"0":"post-996683","1":"product","2":"type-product","3":"status-publish","4":"has-post-thumbnail","6":"product_cat-controladores-de-ascensor","7":"product_cat-interruptores-magneticos","8":"product_cat-unidades-auxiliares-controladores-de-ascensor","10":"first","11":"instock","12":"shipping-taxable","13":"product-type-simple","14":"prodpage-style2"},"_links":{"self":[{"href":"https:\/\/isfelevator.com\/es\/wp-json\/wp\/v2\/product\/996683","targetHints":{"allow":["GET"]}}],"collection":[{"href":"https:\/\/isfelevator.com\/es\/wp-json\/wp\/v2\/product"}],"about":[{"href":"https:\/\/isfelevator.com\/es\/wp-json\/wp\/v2\/types\/product"}],"replies":[{"embeddable":true,"href":"https:\/\/isfelevator.com\/es\/wp-json\/wp\/v2\/comments?post=996683"}],"wp:featuredmedia":[{"embeddable":true,"href":"https:\/\/isfelevator.com\/es\/wp-json\/wp\/v2\/media\/992665"}],"wp:attachment":[{"href":"https:\/\/isfelevator.com\/es\/wp-json\/wp\/v2\/media?parent=996683"}],"wp:term":[{"taxonomy":"product_brand","embeddable":true,"href":"https:\/\/isfelevator.com\/es\/wp-json\/wp\/v2\/product_brand?post=996683"},{"taxonomy":"product_cat","embeddable":true,"href":"https:\/\/isfelevator.com\/es\/wp-json\/wp\/v2\/product_cat?post=996683"},{"taxonomy":"product_tag","embeddable":true,"href":"https:\/\/isfelevator.com\/es\/wp-json\/wp\/v2\/product_tag?post=996683"}],"curies":[{"name":"wp","href":"https:\/\/api.w.org\/{rel}","templated":true}]}}