{"id":996675,"date":"2023-02-24T13:05:04","date_gmt":"2023-02-24T13:05:04","guid":{"rendered":"https:\/\/isfelevator.com\/product\/mrl-sarj\/"},"modified":"2023-02-27T17:57:14","modified_gmt":"2023-02-27T17:57:14","slug":"mrl-sarj","status":"publish","type":"product","link":"https:\/\/isfelevator.com\/es\/producto\/mrl-sarj\/","title":{"rendered":"MRL-Sarj"},"content":{"rendered":"<p><strong>MRL-Sarj<\/strong><\/p>\n<p><strong>CARACTER\u00cdSTICAS<\/strong> MRL-Sarj es un cargador de bater\u00edas de plomo-\u00e1cido de tensi\u00f3n de salida constante y corriente limitada especialmente dise\u00f1ado para bater\u00edas de tipo seco de 12V\/7Ah sin mantenimiento que carga las bater\u00edas de forma \u00f3ptima con una t\u00e9cnica de carga adecuada. Disponible en 2 tipos: 48V (bater\u00eda de 4 unidades) y 60V (bater\u00eda de 5 unidades). Con dise\u00f1o de carcasa met\u00e1lica, apto para montaje en panel cerrado. LED de estado para la l\u00ednea de entrada de CA y la carga de la bater\u00eda. Protecci\u00f3n contra cortocircuitos y sobrecargas. Adecuado para un rango de tensi\u00f3n de entrada de 200-240Vac. Dimensiones 70mmx144mmx73mm (ancho x largo \u00d7 alto).<\/p>\n","protected":false},"excerpt":{"rendered":"<p><strong>Cargador de bater\u00eda de 48 V\/60 V<\/strong><\/p>\n","protected":false},"featured_media":992743,"comment_status":"open","ping_status":"closed","template":"","meta":[],"product_brand":[],"product_cat":[686,728,692],"product_tag":[],"class_list":{"0":"post-996675","1":"product","2":"type-product","3":"status-publish","4":"has-post-thumbnail","6":"product_cat-controladores-de-ascensor","7":"product_cat-otros-productos","8":"product_cat-unidades-auxiliares-controladores-de-ascensor","10":"first","11":"instock","12":"shipping-taxable","13":"product-type-simple","14":"prodpage-style2"},"_links":{"self":[{"href":"https:\/\/isfelevator.com\/es\/wp-json\/wp\/v2\/product\/996675","targetHints":{"allow":["GET"]}}],"collection":[{"href":"https:\/\/isfelevator.com\/es\/wp-json\/wp\/v2\/product"}],"about":[{"href":"https:\/\/isfelevator.com\/es\/wp-json\/wp\/v2\/types\/product"}],"replies":[{"embeddable":true,"href":"https:\/\/isfelevator.com\/es\/wp-json\/wp\/v2\/comments?post=996675"}],"wp:featuredmedia":[{"embeddable":true,"href":"https:\/\/isfelevator.com\/es\/wp-json\/wp\/v2\/media\/992743"}],"wp:attachment":[{"href":"https:\/\/isfelevator.com\/es\/wp-json\/wp\/v2\/media?parent=996675"}],"wp:term":[{"taxonomy":"product_brand","embeddable":true,"href":"https:\/\/isfelevator.com\/es\/wp-json\/wp\/v2\/product_brand?post=996675"},{"taxonomy":"product_cat","embeddable":true,"href":"https:\/\/isfelevator.com\/es\/wp-json\/wp\/v2\/product_cat?post=996675"},{"taxonomy":"product_tag","embeddable":true,"href":"https:\/\/isfelevator.com\/es\/wp-json\/wp\/v2\/product_tag?post=996675"}],"curies":[{"name":"wp","href":"https:\/\/api.w.org\/{rel}","templated":true}]}}