{"id":996668,"date":"2023-02-24T13:05:04","date_gmt":"2023-02-24T13:05:04","guid":{"rendered":"https:\/\/isfelevator.com\/product\/leveled\/"},"modified":"2023-02-27T17:46:28","modified_gmt":"2023-02-27T17:46:28","slug":"nivelado","status":"publish","type":"product","link":"https:\/\/isfelevator.com\/es\/producto\/nivelado\/","title":{"rendered":"NIVELADO"},"content":{"rendered":"<p><strong>NIVELADO<\/strong><\/p>\n<p><strong>CARACTER\u00cdSTICAS<\/strong> La tarjeta LEVELED se utiliza como est\u00e1ndar en los ascensores hidr\u00e1ulicos. Incluso en casos de apagones, la informaci\u00f3n de si el ascensor est\u00e1 en la planta o no se muestra con el led \u00abAT FLOOR\u00bb. Adem\u00e1s, cuando se alcanza la planta despu\u00e9s de un apag\u00f3n, se emite un anuncio sonoro.<\/p>\n","protected":false},"excerpt":{"rendered":"<p><strong>El indicador de nivel de suelo LEVELED<\/strong> se utiliza normalmente para sistemas hidr\u00e1ulicos (opcional para ascensores de cable). Indica el nivel del suelo con LED integrados y alimentaci\u00f3n por bater\u00eda cuando falla la red el\u00e9ctrica. Tambi\u00e9n emite una alerta sonora cuando la cabina alcanza el nivel del suelo.<\/p>\n","protected":false},"featured_media":992737,"comment_status":"open","ping_status":"closed","template":"","meta":[],"product_brand":[],"product_cat":[686,728,692],"product_tag":[],"class_list":{"0":"post-996668","1":"product","2":"type-product","3":"status-publish","4":"has-post-thumbnail","6":"product_cat-controladores-de-ascensor","7":"product_cat-otros-productos","8":"product_cat-unidades-auxiliares-controladores-de-ascensor","10":"first","11":"instock","12":"shipping-taxable","13":"product-type-simple","14":"prodpage-style2"},"_links":{"self":[{"href":"https:\/\/isfelevator.com\/es\/wp-json\/wp\/v2\/product\/996668","targetHints":{"allow":["GET"]}}],"collection":[{"href":"https:\/\/isfelevator.com\/es\/wp-json\/wp\/v2\/product"}],"about":[{"href":"https:\/\/isfelevator.com\/es\/wp-json\/wp\/v2\/types\/product"}],"replies":[{"embeddable":true,"href":"https:\/\/isfelevator.com\/es\/wp-json\/wp\/v2\/comments?post=996668"}],"wp:featuredmedia":[{"embeddable":true,"href":"https:\/\/isfelevator.com\/es\/wp-json\/wp\/v2\/media\/992737"}],"wp:attachment":[{"href":"https:\/\/isfelevator.com\/es\/wp-json\/wp\/v2\/media?parent=996668"}],"wp:term":[{"taxonomy":"product_brand","embeddable":true,"href":"https:\/\/isfelevator.com\/es\/wp-json\/wp\/v2\/product_brand?post=996668"},{"taxonomy":"product_cat","embeddable":true,"href":"https:\/\/isfelevator.com\/es\/wp-json\/wp\/v2\/product_cat?post=996668"},{"taxonomy":"product_tag","embeddable":true,"href":"https:\/\/isfelevator.com\/es\/wp-json\/wp\/v2\/product_tag?post=996668"}],"curies":[{"name":"wp","href":"https:\/\/api.w.org\/{rel}","templated":true}]}}