{"id":996661,"date":"2023-02-24T13:05:04","date_gmt":"2023-02-24T13:05:04","guid":{"rendered":"https:\/\/isfelevator.com\/product\/gks\/"},"modified":"2023-02-27T17:39:39","modified_gmt":"2023-02-27T17:39:39","slug":"gks","status":"publish","type":"product","link":"https:\/\/isfelevator.com\/es\/producto\/gks\/","title":{"rendered":"GKS"},"content":{"rendered":"<p><strong>GKS<\/strong><\/p>\n<p><strong>CARACTER\u00cdSTICAS<\/strong> Convierte la informaci\u00f3n del c\u00f3digo contador en c\u00f3digo binario y gris.<\/p>\n","protected":false},"excerpt":{"rendered":"<p><strong>Unidad de c\u00f3digo gris\/binario<\/strong><\/p>\n","protected":false},"featured_media":992731,"comment_status":"open","ping_status":"closed","template":"","meta":[],"product_brand":[],"product_cat":[686,728,692],"product_tag":[],"class_list":{"0":"post-996661","1":"product","2":"type-product","3":"status-publish","4":"has-post-thumbnail","6":"product_cat-controladores-de-ascensor","7":"product_cat-otros-productos","8":"product_cat-unidades-auxiliares-controladores-de-ascensor","10":"first","11":"instock","12":"shipping-taxable","13":"product-type-simple","14":"prodpage-style2"},"_links":{"self":[{"href":"https:\/\/isfelevator.com\/es\/wp-json\/wp\/v2\/product\/996661","targetHints":{"allow":["GET"]}}],"collection":[{"href":"https:\/\/isfelevator.com\/es\/wp-json\/wp\/v2\/product"}],"about":[{"href":"https:\/\/isfelevator.com\/es\/wp-json\/wp\/v2\/types\/product"}],"replies":[{"embeddable":true,"href":"https:\/\/isfelevator.com\/es\/wp-json\/wp\/v2\/comments?post=996661"}],"wp:featuredmedia":[{"embeddable":true,"href":"https:\/\/isfelevator.com\/es\/wp-json\/wp\/v2\/media\/992731"}],"wp:attachment":[{"href":"https:\/\/isfelevator.com\/es\/wp-json\/wp\/v2\/media?parent=996661"}],"wp:term":[{"taxonomy":"product_brand","embeddable":true,"href":"https:\/\/isfelevator.com\/es\/wp-json\/wp\/v2\/product_brand?post=996661"},{"taxonomy":"product_cat","embeddable":true,"href":"https:\/\/isfelevator.com\/es\/wp-json\/wp\/v2\/product_cat?post=996661"},{"taxonomy":"product_tag","embeddable":true,"href":"https:\/\/isfelevator.com\/es\/wp-json\/wp\/v2\/product_tag?post=996661"}],"curies":[{"name":"wp","href":"https:\/\/api.w.org\/{rel}","templated":true}]}}