{"id":996652,"date":"2023-02-24T13:05:04","date_gmt":"2023-02-24T13:05:04","guid":{"rendered":"https:\/\/isfelevator.com\/product\/revizyon-gong-alarm-sarj\/"},"modified":"2023-02-27T17:34:36","modified_gmt":"2023-02-27T17:34:36","slug":"revizyon-gong-alarmas-sarj","status":"publish","type":"product","link":"https:\/\/isfelevator.com\/es\/producto\/revizyon-gong-alarmas-sarj\/","title":{"rendered":"Revizyon Gong Alarmas Sarj"},"content":{"rendered":"<p><strong>Revizyon Gong Alarmas Sarj<\/strong><\/p>\n<p><strong>CARACTER\u00cdSTICAS<\/strong> Funciona con tensi\u00f3n de alimentaci\u00f3n de 24 voltios Salidas de carga de bater\u00eda de 12 voltios y luz de emergencia. Salida de gong. Salida de alarma.<\/p>\n","protected":false},"excerpt":{"rendered":"<p><strong>Inspecci\u00f3n\/Gong\/Alarma\/Carga<\/strong><\/p>\n","protected":false},"featured_media":992725,"comment_status":"open","ping_status":"closed","template":"","meta":[],"product_brand":[],"product_cat":[686,728,692],"product_tag":[],"class_list":{"0":"post-996652","1":"product","2":"type-product","3":"status-publish","4":"has-post-thumbnail","6":"product_cat-controladores-de-ascensor","7":"product_cat-otros-productos","8":"product_cat-unidades-auxiliares-controladores-de-ascensor","10":"first","11":"instock","12":"shipping-taxable","13":"product-type-simple","14":"prodpage-style2"},"_links":{"self":[{"href":"https:\/\/isfelevator.com\/es\/wp-json\/wp\/v2\/product\/996652","targetHints":{"allow":["GET"]}}],"collection":[{"href":"https:\/\/isfelevator.com\/es\/wp-json\/wp\/v2\/product"}],"about":[{"href":"https:\/\/isfelevator.com\/es\/wp-json\/wp\/v2\/types\/product"}],"replies":[{"embeddable":true,"href":"https:\/\/isfelevator.com\/es\/wp-json\/wp\/v2\/comments?post=996652"}],"wp:featuredmedia":[{"embeddable":true,"href":"https:\/\/isfelevator.com\/es\/wp-json\/wp\/v2\/media\/992725"}],"wp:attachment":[{"href":"https:\/\/isfelevator.com\/es\/wp-json\/wp\/v2\/media?parent=996652"}],"wp:term":[{"taxonomy":"product_brand","embeddable":true,"href":"https:\/\/isfelevator.com\/es\/wp-json\/wp\/v2\/product_brand?post=996652"},{"taxonomy":"product_cat","embeddable":true,"href":"https:\/\/isfelevator.com\/es\/wp-json\/wp\/v2\/product_cat?post=996652"},{"taxonomy":"product_tag","embeddable":true,"href":"https:\/\/isfelevator.com\/es\/wp-json\/wp\/v2\/product_tag?post=996652"}],"curies":[{"name":"wp","href":"https:\/\/api.w.org\/{rel}","templated":true}]}}