{"id":996637,"date":"2023-02-24T13:05:04","date_gmt":"2023-02-24T13:05:04","guid":{"rendered":"https:\/\/isfelevator.com\/product\/auto_kg\/"},"modified":"2023-02-27T17:20:39","modified_gmt":"2023-02-27T17:20:39","slug":"auto_kg","status":"publish","type":"product","link":"https:\/\/isfelevator.com\/es\/producto\/auto_kg\/","title":{"rendered":"Auto_Kg"},"content":{"rendered":"<p><strong>Auto_Kg<\/strong><\/p>\n<p><strong>CARACTER\u00cdSTICAS<\/strong> Se utiliza con tarjetas de control de ascensores para generar se\u00f1ales de control de puertas. Puede funcionar con todas las puertas trif\u00e1sicas, monof\u00e1sicas y de control electr\u00f3nico. Dispone de entrada de barrera de luz, entrada de cierre de puerta y entradas de contacto l\u00edmite de puerta. Utilizando dos potenci\u00f3metros, se puede ajustar el tiempo de ruptura de la barrera de luz y el tiempo de espera de apertura en el suelo.<\/p>\n","protected":false},"excerpt":{"rendered":"<p><strong>Tarjeta de puerta autom\u00e1tica<\/strong><\/p>\n","protected":false},"featured_media":992713,"comment_status":"open","ping_status":"closed","template":"","meta":[],"product_brand":[],"product_cat":[686,728,692],"product_tag":[],"class_list":{"0":"post-996637","1":"product","2":"type-product","3":"status-publish","4":"has-post-thumbnail","6":"product_cat-controladores-de-ascensor","7":"product_cat-otros-productos","8":"product_cat-unidades-auxiliares-controladores-de-ascensor","10":"first","11":"instock","12":"shipping-taxable","13":"product-type-simple","14":"prodpage-style2"},"_links":{"self":[{"href":"https:\/\/isfelevator.com\/es\/wp-json\/wp\/v2\/product\/996637","targetHints":{"allow":["GET"]}}],"collection":[{"href":"https:\/\/isfelevator.com\/es\/wp-json\/wp\/v2\/product"}],"about":[{"href":"https:\/\/isfelevator.com\/es\/wp-json\/wp\/v2\/types\/product"}],"replies":[{"embeddable":true,"href":"https:\/\/isfelevator.com\/es\/wp-json\/wp\/v2\/comments?post=996637"}],"wp:featuredmedia":[{"embeddable":true,"href":"https:\/\/isfelevator.com\/es\/wp-json\/wp\/v2\/media\/992713"}],"wp:attachment":[{"href":"https:\/\/isfelevator.com\/es\/wp-json\/wp\/v2\/media?parent=996637"}],"wp:term":[{"taxonomy":"product_brand","embeddable":true,"href":"https:\/\/isfelevator.com\/es\/wp-json\/wp\/v2\/product_brand?post=996637"},{"taxonomy":"product_cat","embeddable":true,"href":"https:\/\/isfelevator.com\/es\/wp-json\/wp\/v2\/product_cat?post=996637"},{"taxonomy":"product_tag","embeddable":true,"href":"https:\/\/isfelevator.com\/es\/wp-json\/wp\/v2\/product_tag?post=996637"}],"curies":[{"name":"wp","href":"https:\/\/api.w.org\/{rel}","templated":true}]}}