{"id":996630,"date":"2023-02-24T13:05:04","date_gmt":"2023-02-24T13:05:04","guid":{"rendered":"https:\/\/isfelevator.com\/product\/gz-plus\/"},"modified":"2023-02-27T16:41:50","modified_gmt":"2023-02-27T16:41:50","slug":"gz-mas","status":"publish","type":"product","link":"https:\/\/isfelevator.com\/es\/producto\/gz-mas\/","title":{"rendered":"GZ M\u00c1S"},"content":{"rendered":"<p><strong>GZ M\u00c1S<\/strong><\/p>\n<p><strong>CARACTER\u00cdSTICAS<\/strong> G&amp;Z plus es un sistema de anuncios y m\u00fasica de planta dise\u00f1ado para ascensores. G&amp;Z plus utiliza archivos de sonido en formato mp3, que pueden transferirse f\u00e1cilmente a la tarjeta de memoria SD. No se necesita ning\u00fan software adicional. Basta con arrastrar y soltar los archivos de sonido en las carpetas correspondientes de la tarjeta SD. C\u00f3digo gris, c\u00f3digo binario, modo contador Arkel y modo CANbus est\u00e1n disponibles como modos de entrada. Control de volumen independiente para anuncios y m\u00fasica. La placa G&amp;Z plus viene cargada de f\u00e1brica con mensajes predeterminados en ingl\u00e9s y turco.<\/p>\n","protected":false},"excerpt":{"rendered":"<p><strong>Sistema de anuncios del ascensor<\/strong><\/p>\n","protected":false},"featured_media":992707,"comment_status":"open","ping_status":"closed","template":"","meta":[],"product_brand":[],"product_cat":[686,728,692],"product_tag":[],"class_list":{"0":"post-996630","1":"product","2":"type-product","3":"status-publish","4":"has-post-thumbnail","6":"product_cat-controladores-de-ascensor","7":"product_cat-otros-productos","8":"product_cat-unidades-auxiliares-controladores-de-ascensor","10":"first","11":"instock","12":"shipping-taxable","13":"product-type-simple","14":"prodpage-style2"},"_links":{"self":[{"href":"https:\/\/isfelevator.com\/es\/wp-json\/wp\/v2\/product\/996630","targetHints":{"allow":["GET"]}}],"collection":[{"href":"https:\/\/isfelevator.com\/es\/wp-json\/wp\/v2\/product"}],"about":[{"href":"https:\/\/isfelevator.com\/es\/wp-json\/wp\/v2\/types\/product"}],"replies":[{"embeddable":true,"href":"https:\/\/isfelevator.com\/es\/wp-json\/wp\/v2\/comments?post=996630"}],"wp:featuredmedia":[{"embeddable":true,"href":"https:\/\/isfelevator.com\/es\/wp-json\/wp\/v2\/media\/992707"}],"wp:attachment":[{"href":"https:\/\/isfelevator.com\/es\/wp-json\/wp\/v2\/media?parent=996630"}],"wp:term":[{"taxonomy":"product_brand","embeddable":true,"href":"https:\/\/isfelevator.com\/es\/wp-json\/wp\/v2\/product_brand?post=996630"},{"taxonomy":"product_cat","embeddable":true,"href":"https:\/\/isfelevator.com\/es\/wp-json\/wp\/v2\/product_cat?post=996630"},{"taxonomy":"product_tag","embeddable":true,"href":"https:\/\/isfelevator.com\/es\/wp-json\/wp\/v2\/product_tag?post=996630"}],"curies":[{"name":"wp","href":"https:\/\/api.w.org\/{rel}","templated":true}]}}