{"id":996611,"date":"2023-02-24T13:05:05","date_gmt":"2023-02-24T13:05:05","guid":{"rendered":"https:\/\/isfelevator.com\/product\/automatic-center-cabin-and-landing-doors\/"},"modified":"2023-02-27T16:28:28","modified_gmt":"2023-02-27T16:28:28","slug":"puertas-automaticas-centrales-de-cabina-y-rellano","status":"publish","type":"product","link":"https:\/\/isfelevator.com\/es\/producto\/puertas-automaticas-centrales-de-cabina-y-rellano\/","title":{"rendered":"Puertas autom\u00e1ticas (centrales) de cabina y rellano"},"content":{"rendered":"<p><strong><span style=\"vertical-align: inherit;\">Puertas autom\u00e1ticas (centrales) de cabina y rellano<\/span><\/strong><\/p>\n<p><strong><span style=\"vertical-align: inherit;\">CARACTER\u00cdSTICAS T\u00c9CNICAS<\/span><\/strong><span style=\"vertical-align: inherit;\"> Driver DC-PWM sin final de carrera Tensi\u00f3n de alimentaci\u00f3n 220 V AC Motor cepillado 24 V DC Encoder bicanal (A, B) 100 ppr N\u00famero de ciclos de apertura\/cierre al a\u00f1o 600.000 a 800.000<\/span><\/p>\n","protected":false},"excerpt":{"rendered":"<p><strong><span style=\"vertical-align: inherit;\">M\u00faltiples configuraciones electr\u00f3nicas<\/span><\/strong><span style=\"vertical-align: inherit;\"> \u2022 Par\u00e1metros de tama\u00f1o, longitud y velocidad \u2022 Potencia de la puerta que se puede ajustar por separado en las direcciones de apertura y cierre \u2022 Compatibilidad con la variaci\u00f3n de las se\u00f1ales de comando de apertura\/cierre (24 V CC-220 V CA) \u2022 Capacidad para operar con una sola (cierre ) \u2022 Regulaci\u00f3n de tipos de cortocircuito como NO\/NC <\/span><strong><span style=\"vertical-align: inherit;\">M\u00faltiples regulaciones mec\u00e1nicas<\/span><\/strong><span style=\"vertical-align: inherit;\"> \u2022 Pr\u00e1ctico montaje \u2022 Regulaci\u00f3n de panel en 3 ejes \u2022 Regulaci\u00f3n de apertura libre<\/span><\/p>\n","protected":false},"featured_media":992773,"comment_status":"open","ping_status":"closed","template":"","meta":[],"product_brand":[],"product_cat":[770],"product_tag":[],"class_list":{"0":"post-996611","1":"product","2":"type-product","3":"status-publish","4":"has-post-thumbnail","6":"product_cat-puertas-del-ascensor","8":"first","9":"instock","10":"shipping-taxable","11":"product-type-simple","12":"prodpage-style2"},"_links":{"self":[{"href":"https:\/\/isfelevator.com\/es\/wp-json\/wp\/v2\/product\/996611","targetHints":{"allow":["GET"]}}],"collection":[{"href":"https:\/\/isfelevator.com\/es\/wp-json\/wp\/v2\/product"}],"about":[{"href":"https:\/\/isfelevator.com\/es\/wp-json\/wp\/v2\/types\/product"}],"replies":[{"embeddable":true,"href":"https:\/\/isfelevator.com\/es\/wp-json\/wp\/v2\/comments?post=996611"}],"wp:featuredmedia":[{"embeddable":true,"href":"https:\/\/isfelevator.com\/es\/wp-json\/wp\/v2\/media\/992773"}],"wp:attachment":[{"href":"https:\/\/isfelevator.com\/es\/wp-json\/wp\/v2\/media?parent=996611"}],"wp:term":[{"taxonomy":"product_brand","embeddable":true,"href":"https:\/\/isfelevator.com\/es\/wp-json\/wp\/v2\/product_brand?post=996611"},{"taxonomy":"product_cat","embeddable":true,"href":"https:\/\/isfelevator.com\/es\/wp-json\/wp\/v2\/product_cat?post=996611"},{"taxonomy":"product_tag","embeddable":true,"href":"https:\/\/isfelevator.com\/es\/wp-json\/wp\/v2\/product_tag?post=996611"}],"curies":[{"name":"wp","href":"https:\/\/api.w.org\/{rel}","templated":true}]}}