{"id":996540,"date":"2023-02-24T13:05:26","date_gmt":"2023-02-24T13:05:26","guid":{"rendered":"https:\/\/isfelevator.com\/product\/semi-automatic-doors\/"},"modified":"2023-02-27T14:52:45","modified_gmt":"2023-02-27T14:52:45","slug":"puertas-semiautomaticas","status":"publish","type":"product","link":"https:\/\/isfelevator.com\/es\/producto\/puertas-semiautomaticas\/","title":{"rendered":"Puertas semiautom\u00e1ticas"},"content":{"rendered":"<p><strong>Puertas semiautom\u00e1ticas<\/strong><\/p>\n<p>Los sistemas de puertas se fabrican para su uso en ascensores. Las puertas semiautom\u00e1ticas se abren manualmente. Existen dos tipos: de una hoja (para ascensores de pasajeros) y de dos hojas (para montacargas). Las puertas autom\u00e1ticas se abren y cierran autom\u00e1ticamente.<\/p>\n","protected":false},"excerpt":{"rendered":"<p>Dise\u00f1o especial de asa y marco Apertura de 120 grados Gran capacidad de carga con sistema de bisagras de acero atornilladas Sistema de soporte longitudinal reforzado F\u00e1cil instalaci\u00f3n, trabajo sin problemas Chapa de acero A1, larga vida \u00fatil<\/p>\n","protected":false},"featured_media":992857,"comment_status":"open","ping_status":"closed","template":"","meta":[],"product_brand":[],"product_cat":[770],"product_tag":[],"class_list":{"0":"post-996540","1":"product","2":"type-product","3":"status-publish","4":"has-post-thumbnail","6":"product_cat-puertas-del-ascensor","8":"first","9":"instock","10":"shipping-taxable","11":"product-type-simple","12":"prodpage-style2"},"_links":{"self":[{"href":"https:\/\/isfelevator.com\/es\/wp-json\/wp\/v2\/product\/996540","targetHints":{"allow":["GET"]}}],"collection":[{"href":"https:\/\/isfelevator.com\/es\/wp-json\/wp\/v2\/product"}],"about":[{"href":"https:\/\/isfelevator.com\/es\/wp-json\/wp\/v2\/types\/product"}],"replies":[{"embeddable":true,"href":"https:\/\/isfelevator.com\/es\/wp-json\/wp\/v2\/comments?post=996540"}],"wp:featuredmedia":[{"embeddable":true,"href":"https:\/\/isfelevator.com\/es\/wp-json\/wp\/v2\/media\/992857"}],"wp:attachment":[{"href":"https:\/\/isfelevator.com\/es\/wp-json\/wp\/v2\/media?parent=996540"}],"wp:term":[{"taxonomy":"product_brand","embeddable":true,"href":"https:\/\/isfelevator.com\/es\/wp-json\/wp\/v2\/product_brand?post=996540"},{"taxonomy":"product_cat","embeddable":true,"href":"https:\/\/isfelevator.com\/es\/wp-json\/wp\/v2\/product_cat?post=996540"},{"taxonomy":"product_tag","embeddable":true,"href":"https:\/\/isfelevator.com\/es\/wp-json\/wp\/v2\/product_tag?post=996540"}],"curies":[{"name":"wp","href":"https:\/\/api.w.org\/{rel}","templated":true}]}}