{"id":996294,"date":"2023-02-24T13:06:17","date_gmt":"2023-02-24T13:06:17","guid":{"rendered":"https:\/\/isfelevator.com\/product\/magnetic-switch\/"},"modified":"2023-02-26T16:32:39","modified_gmt":"2023-02-26T16:32:39","slug":"interruptor-magnetico","status":"publish","type":"product","link":"https:\/\/isfelevator.com\/es\/producto\/interruptor-magnetico\/","title":{"rendered":"Interruptor magn\u00e9tico"},"content":{"rendered":"<p><strong>Interruptor magn\u00e9tico<\/strong><\/p>\n<p>Proporciones t\u00e9cnicas Corriente de conmutaci\u00f3n m\u00e1x. : 0,7 &#8211; 1,00 &#8211; 1,50 &#8211; 5,00 Tensi\u00f3n de conmutaci\u00f3n m\u00e1x. : 35VAC 180VDC\/130VAC 200VDC\/240VAC 250VDC\/250VAC Distancia de funcionamiento : 10mm &#8211; 25mm Temperatura de funcionamiento C : -40 \/ +120 -60 \/ +130<\/p>\n","protected":false},"excerpt":{"rendered":"<p>El interruptor magn\u00e9tico biestable Electrobis es mucho m\u00e1s duradero gracias a su funci\u00f3n de contacto fuerte en comparaci\u00f3n con los productos equivalentes.<\/p>\n","protected":false},"featured_media":993175,"comment_status":"open","ping_status":"closed","template":"","meta":[],"product_brand":[],"product_cat":[628,656],"product_tag":[],"class_list":{"0":"post-996294","1":"product","2":"type-product","3":"status-publish","4":"has-post-thumbnail","6":"product_cat-componentes-hardware","7":"product_cat-interruptor-magnetico","9":"first","10":"instock","11":"shipping-taxable","12":"product-type-simple","13":"prodpage-style2"},"_links":{"self":[{"href":"https:\/\/isfelevator.com\/es\/wp-json\/wp\/v2\/product\/996294","targetHints":{"allow":["GET"]}}],"collection":[{"href":"https:\/\/isfelevator.com\/es\/wp-json\/wp\/v2\/product"}],"about":[{"href":"https:\/\/isfelevator.com\/es\/wp-json\/wp\/v2\/types\/product"}],"replies":[{"embeddable":true,"href":"https:\/\/isfelevator.com\/es\/wp-json\/wp\/v2\/comments?post=996294"}],"wp:featuredmedia":[{"embeddable":true,"href":"https:\/\/isfelevator.com\/es\/wp-json\/wp\/v2\/media\/993175"}],"wp:attachment":[{"href":"https:\/\/isfelevator.com\/es\/wp-json\/wp\/v2\/media?parent=996294"}],"wp:term":[{"taxonomy":"product_brand","embeddable":true,"href":"https:\/\/isfelevator.com\/es\/wp-json\/wp\/v2\/product_brand?post=996294"},{"taxonomy":"product_cat","embeddable":true,"href":"https:\/\/isfelevator.com\/es\/wp-json\/wp\/v2\/product_cat?post=996294"},{"taxonomy":"product_tag","embeddable":true,"href":"https:\/\/isfelevator.com\/es\/wp-json\/wp\/v2\/product_tag?post=996294"}],"curies":[{"name":"wp","href":"https:\/\/api.w.org\/{rel}","templated":true}]}}