{"id":996265,"date":"2023-02-24T13:06:17","date_gmt":"2023-02-24T13:06:17","guid":{"rendered":"https:\/\/isfelevator.com\/product\/belt-gearless-elevator-motors\/"},"modified":"2023-02-26T16:07:22","modified_gmt":"2023-02-26T16:07:22","slug":"ascensores-sin-engranajes-por-correa","status":"publish","type":"product","link":"https:\/\/isfelevator.com\/es\/producto\/ascensores-sin-engranajes-por-correa\/","title":{"rendered":"Ascensores sin engranajes por correa"},"content":{"rendered":"<p><strong>Ascensores sin engranajes por correa<\/strong><\/p>\n<p>Alcanza la capacidad portante de 1000 kg para suspensi\u00f3n 2:1. * Permite una mayor capacidad de carga con una polea de tracci\u00f3n m\u00e1s peque\u00f1a. * Protecci\u00f3n de poliuretano de los cables de acero contra la corrosi\u00f3n. * Ciclo de vida m\u00e1s largo que los cables de acero. * Menor consumo de energ\u00eda en comparaci\u00f3n con sistemas equivalentes sin engranajes. * Permite utilizar inversores menos potentes. * Motor silencioso. * Proporciona un alto nivel de confort.<\/p>\n","protected":false},"excerpt":{"rendered":"<p><strong>Motor sin engranajes<\/strong> de correa Todos los motores son compatibles con los sistemas MR y MRL. Los motores tienen bajo peso, encoder protegido y eficiencia energ\u00e9tica con los m\u00e1s altos niveles de rendimiento. Todos los tipos de motor est\u00e1n disponibles en nuestro inventario. P\u00f3ngase en contacto con nosotros.<\/p>\n","protected":false},"featured_media":993151,"comment_status":"open","ping_status":"closed","template":"","meta":[],"product_brand":[],"product_cat":[842],"product_tag":[],"class_list":{"0":"post-996265","1":"product","2":"type-product","3":"status-publish","4":"has-post-thumbnail","6":"product_cat-motores-de-ascensor","8":"first","9":"instock","10":"shipping-taxable","11":"product-type-simple","12":"prodpage-style2"},"_links":{"self":[{"href":"https:\/\/isfelevator.com\/es\/wp-json\/wp\/v2\/product\/996265","targetHints":{"allow":["GET"]}}],"collection":[{"href":"https:\/\/isfelevator.com\/es\/wp-json\/wp\/v2\/product"}],"about":[{"href":"https:\/\/isfelevator.com\/es\/wp-json\/wp\/v2\/types\/product"}],"replies":[{"embeddable":true,"href":"https:\/\/isfelevator.com\/es\/wp-json\/wp\/v2\/comments?post=996265"}],"wp:featuredmedia":[{"embeddable":true,"href":"https:\/\/isfelevator.com\/es\/wp-json\/wp\/v2\/media\/993151"}],"wp:attachment":[{"href":"https:\/\/isfelevator.com\/es\/wp-json\/wp\/v2\/media?parent=996265"}],"wp:term":[{"taxonomy":"product_brand","embeddable":true,"href":"https:\/\/isfelevator.com\/es\/wp-json\/wp\/v2\/product_brand?post=996265"},{"taxonomy":"product_cat","embeddable":true,"href":"https:\/\/isfelevator.com\/es\/wp-json\/wp\/v2\/product_cat?post=996265"},{"taxonomy":"product_tag","embeddable":true,"href":"https:\/\/isfelevator.com\/es\/wp-json\/wp\/v2\/product_tag?post=996265"}],"curies":[{"name":"wp","href":"https:\/\/api.w.org\/{rel}","templated":true}]}}