{"id":996258,"date":"2023-02-24T13:06:17","date_gmt":"2023-02-24T13:06:17","guid":{"rendered":"https:\/\/isfelevator.com\/product\/geared-elevator-motor\/"},"modified":"2023-02-26T15:53:06","modified_gmt":"2023-02-26T15:53:06","slug":"motor-de-ascensor-con-engranajes","status":"publish","type":"product","link":"https:\/\/isfelevator.com\/es\/producto\/motor-de-ascensor-con-engranajes\/","title":{"rendered":"Motor de ascensor con engranajes"},"content":{"rendered":"<p><strong><span style=\"vertical-align: inherit;\">Motor de ascensor con engranajes<\/span><\/strong><\/p>\n<p><strong><span style=\"vertical-align: inherit;\">Motorreductores<\/span><\/strong><span style=\"vertical-align: inherit;\"> Facilidad de montaje El nivel de ruido es inferior a 50 dB y el valor de vibraci\u00f3n es de 0,7 mm\/s, ambos inferiores a los valores est\u00e1ndar<\/span><\/p>\n","protected":false},"excerpt":{"rendered":"<p><strong><span style=\"vertical-align: inherit;\">Motores<\/span><\/strong><span style=\"vertical-align: inherit;\"> Todos los motores compatibles con los sistemas MR y MRL, para tipos de transmisi\u00f3n por engranajes. Motores de bajo peso, encoder protegido y eficiencia energ\u00e9tica con los m\u00e1s altos niveles de desempe\u00f1o. Todos los tipos de motor est\u00e1n disponibles en nuestro inventario. Solo cont\u00e1ctenos.<\/span><\/p>\n","protected":false},"featured_media":993121,"comment_status":"open","ping_status":"closed","template":"","meta":[],"product_brand":[],"product_cat":[842],"product_tag":[],"class_list":{"0":"post-996258","1":"product","2":"type-product","3":"status-publish","4":"has-post-thumbnail","6":"product_cat-motores-de-ascensor","8":"first","9":"instock","10":"shipping-taxable","11":"product-type-simple","12":"prodpage-style2"},"_links":{"self":[{"href":"https:\/\/isfelevator.com\/es\/wp-json\/wp\/v2\/product\/996258","targetHints":{"allow":["GET"]}}],"collection":[{"href":"https:\/\/isfelevator.com\/es\/wp-json\/wp\/v2\/product"}],"about":[{"href":"https:\/\/isfelevator.com\/es\/wp-json\/wp\/v2\/types\/product"}],"replies":[{"embeddable":true,"href":"https:\/\/isfelevator.com\/es\/wp-json\/wp\/v2\/comments?post=996258"}],"wp:featuredmedia":[{"embeddable":true,"href":"https:\/\/isfelevator.com\/es\/wp-json\/wp\/v2\/media\/993121"}],"wp:attachment":[{"href":"https:\/\/isfelevator.com\/es\/wp-json\/wp\/v2\/media?parent=996258"}],"wp:term":[{"taxonomy":"product_brand","embeddable":true,"href":"https:\/\/isfelevator.com\/es\/wp-json\/wp\/v2\/product_brand?post=996258"},{"taxonomy":"product_cat","embeddable":true,"href":"https:\/\/isfelevator.com\/es\/wp-json\/wp\/v2\/product_cat?post=996258"},{"taxonomy":"product_tag","embeddable":true,"href":"https:\/\/isfelevator.com\/es\/wp-json\/wp\/v2\/product_tag?post=996258"}],"curies":[{"name":"wp","href":"https:\/\/api.w.org\/{rel}","templated":true}]}}