{"id":996250,"date":"2023-02-24T13:06:17","date_gmt":"2023-02-24T13:06:17","guid":{"rendered":"https:\/\/isfelevator.com\/product\/gearless-elevator-motor\/"},"modified":"2023-02-26T15:49:33","modified_gmt":"2023-02-26T15:49:33","slug":"motor-para-ascensores-sin-engranajes","status":"publish","type":"product","link":"https:\/\/isfelevator.com\/es\/producto\/motor-para-ascensores-sin-engranajes\/","title":{"rendered":"Motor para ascensores sin engranajes"},"content":{"rendered":"<p><strong>Motor para ascensores sin engranajes.<\/strong><\/p>\n<p><strong>Motor sin engranajes<\/strong> Dise\u00f1o compacto para aplicaciones de sistemas de ascensores con y sin cabina. M\u00e1ximo confort de viaje y m\u00ednimo nivel de ruido en la cabina. 40% de ahorro de energ\u00eda. Respetuoso con el medio ambiente, ya que no necesita aceite.<\/p>\n","protected":false},"excerpt":{"rendered":"<p><strong>Motores<\/strong> Todos los motores compatibles con los sistemas MR y MRL, para tipos de transmisi\u00f3n sin engranajes. Los motores tienen bajo peso, codificador protegido y eficiencia energ\u00e9tica con los m\u00e1s altos niveles de rendimiento. Disponemos de todo tipo de motores en nuestro inventario. P\u00f3ngase en contacto con nosotros.<\/p>\n","protected":false},"featured_media":993073,"comment_status":"open","ping_status":"closed","template":"","meta":[],"product_brand":[],"product_cat":[842],"product_tag":[],"class_list":{"0":"post-996250","1":"product","2":"type-product","3":"status-publish","4":"has-post-thumbnail","6":"product_cat-motores-de-ascensor","8":"first","9":"instock","10":"shipping-taxable","11":"product-type-simple","12":"prodpage-style2"},"_links":{"self":[{"href":"https:\/\/isfelevator.com\/es\/wp-json\/wp\/v2\/product\/996250","targetHints":{"allow":["GET"]}}],"collection":[{"href":"https:\/\/isfelevator.com\/es\/wp-json\/wp\/v2\/product"}],"about":[{"href":"https:\/\/isfelevator.com\/es\/wp-json\/wp\/v2\/types\/product"}],"replies":[{"embeddable":true,"href":"https:\/\/isfelevator.com\/es\/wp-json\/wp\/v2\/comments?post=996250"}],"wp:featuredmedia":[{"embeddable":true,"href":"https:\/\/isfelevator.com\/es\/wp-json\/wp\/v2\/media\/993073"}],"wp:attachment":[{"href":"https:\/\/isfelevator.com\/es\/wp-json\/wp\/v2\/media?parent=996250"}],"wp:term":[{"taxonomy":"product_brand","embeddable":true,"href":"https:\/\/isfelevator.com\/es\/wp-json\/wp\/v2\/product_brand?post=996250"},{"taxonomy":"product_cat","embeddable":true,"href":"https:\/\/isfelevator.com\/es\/wp-json\/wp\/v2\/product_cat?post=996250"},{"taxonomy":"product_tag","embeddable":true,"href":"https:\/\/isfelevator.com\/es\/wp-json\/wp\/v2\/product_tag?post=996250"}],"curies":[{"name":"wp","href":"https:\/\/api.w.org\/{rel}","templated":true}]}}