{"id":996206,"date":"2023-02-24T13:06:18","date_gmt":"2023-02-24T13:06:18","guid":{"rendered":"https:\/\/isfelevator.com\/product\/steel-ropes\/"},"modified":"2023-02-26T14:56:48","modified_gmt":"2023-02-26T14:56:48","slug":"cuerdas-de-acero","status":"publish","type":"product","link":"https:\/\/isfelevator.com\/es\/producto\/cuerdas-de-acero\/","title":{"rendered":"Cuerdas de acero"},"content":{"rendered":"<p><strong>Cuerdas de acero<\/strong><\/p>\n<p><strong><span style=\"vertical-align: inherit;\">Cables de acero<\/span><\/strong><span style=\"vertical-align: inherit;\"> \u2022La construcci\u00f3n del cable 8 x 19 Seale y Wallington es el cable de suspensi\u00f3n de tracci\u00f3n m\u00e1s com\u00fan en todo el mundo. \u2022Los cables de 8 torones con n\u00facleo de fibra natural son la soluci\u00f3n m\u00e1s com\u00fan para el ascensor de tracci\u00f3n normal. \u2022La calidad de la cuerda de esta construcci\u00f3n de cuerda depende de la calidad de las fibras y del n\u00facleo de fibra resultante.<\/span><\/p>\n","protected":false},"excerpt":{"rendered":"<p><strong><span style=\"vertical-align: inherit;\">Cables de acero<\/span><\/strong><span style=\"vertical-align: inherit;\"> \u2022La construcci\u00f3n del cable 8 x 19 Seale y Wallington es el cable de suspensi\u00f3n de tracci\u00f3n m\u00e1s com\u00fan en todo el mundo. \u2022Los cables de 8 torones con n\u00facleo de fibra natural son la soluci\u00f3n m\u00e1s com\u00fan para el ascensor de tracci\u00f3n normal. \u2022La calidad de la cuerda de esta construcci\u00f3n de cuerda depende de la calidad de las fibras y del n\u00facleo de fibra resultante.<\/span><\/p>\n","protected":false},"featured_media":993265,"comment_status":"open","ping_status":"closed","template":"","meta":[],"product_brand":[],"product_cat":[628,662],"product_tag":[],"class_list":{"0":"post-996206","1":"product","2":"type-product","3":"status-publish","4":"has-post-thumbnail","6":"product_cat-componentes-hardware","7":"product_cat-otros-componentes","9":"first","10":"instock","11":"shipping-taxable","12":"product-type-simple","13":"prodpage-style2"},"_links":{"self":[{"href":"https:\/\/isfelevator.com\/es\/wp-json\/wp\/v2\/product\/996206","targetHints":{"allow":["GET"]}}],"collection":[{"href":"https:\/\/isfelevator.com\/es\/wp-json\/wp\/v2\/product"}],"about":[{"href":"https:\/\/isfelevator.com\/es\/wp-json\/wp\/v2\/types\/product"}],"replies":[{"embeddable":true,"href":"https:\/\/isfelevator.com\/es\/wp-json\/wp\/v2\/comments?post=996206"}],"wp:featuredmedia":[{"embeddable":true,"href":"https:\/\/isfelevator.com\/es\/wp-json\/wp\/v2\/media\/993265"}],"wp:attachment":[{"href":"https:\/\/isfelevator.com\/es\/wp-json\/wp\/v2\/media?parent=996206"}],"wp:term":[{"taxonomy":"product_brand","embeddable":true,"href":"https:\/\/isfelevator.com\/es\/wp-json\/wp\/v2\/product_brand?post=996206"},{"taxonomy":"product_cat","embeddable":true,"href":"https:\/\/isfelevator.com\/es\/wp-json\/wp\/v2\/product_cat?post=996206"},{"taxonomy":"product_tag","embeddable":true,"href":"https:\/\/isfelevator.com\/es\/wp-json\/wp\/v2\/product_tag?post=996206"}],"curies":[{"name":"wp","href":"https:\/\/api.w.org\/{rel}","templated":true}]}}