{"id":996191,"date":"2023-02-24T13:06:18","date_gmt":"2023-02-24T13:06:18","guid":{"rendered":"https:\/\/isfelevator.com\/product\/elevator-guide-rails\/"},"modified":"2023-02-26T14:44:08","modified_gmt":"2023-02-26T14:44:08","slug":"railes-guia-para-ascensores","status":"publish","type":"product","link":"https:\/\/isfelevator.com\/es\/producto\/railes-guia-para-ascensores\/","title":{"rendered":"Ra\u00edles gu\u00eda para ascensores"},"content":{"rendered":"<p><strong>Ra\u00edles gu\u00eda para ascensores<\/strong><\/p>\n<p>Todo tipo de ra\u00edles para vagones y contrapesos. Carriles gu\u00eda mecanizados. Carriles estirados en fr\u00edo.<\/p>\n","protected":false},"excerpt":{"rendered":"<p>Todo tipo de ra\u00edles para vagones y contrapesos. Carriles gu\u00eda mecanizados. Carriles estirados en fr\u00edo.<\/p>\n","protected":false},"featured_media":993241,"comment_status":"open","ping_status":"closed","template":"","meta":[],"product_brand":[],"product_cat":[628,662],"product_tag":[],"class_list":{"0":"post-996191","1":"product","2":"type-product","3":"status-publish","4":"has-post-thumbnail","6":"product_cat-componentes-hardware","7":"product_cat-otros-componentes","9":"first","10":"instock","11":"shipping-taxable","12":"product-type-simple","13":"prodpage-style2"},"_links":{"self":[{"href":"https:\/\/isfelevator.com\/es\/wp-json\/wp\/v2\/product\/996191","targetHints":{"allow":["GET"]}}],"collection":[{"href":"https:\/\/isfelevator.com\/es\/wp-json\/wp\/v2\/product"}],"about":[{"href":"https:\/\/isfelevator.com\/es\/wp-json\/wp\/v2\/types\/product"}],"replies":[{"embeddable":true,"href":"https:\/\/isfelevator.com\/es\/wp-json\/wp\/v2\/comments?post=996191"}],"wp:featuredmedia":[{"embeddable":true,"href":"https:\/\/isfelevator.com\/es\/wp-json\/wp\/v2\/media\/993241"}],"wp:attachment":[{"href":"https:\/\/isfelevator.com\/es\/wp-json\/wp\/v2\/media?parent=996191"}],"wp:term":[{"taxonomy":"product_brand","embeddable":true,"href":"https:\/\/isfelevator.com\/es\/wp-json\/wp\/v2\/product_brand?post=996191"},{"taxonomy":"product_cat","embeddable":true,"href":"https:\/\/isfelevator.com\/es\/wp-json\/wp\/v2\/product_cat?post=996191"},{"taxonomy":"product_tag","embeddable":true,"href":"https:\/\/isfelevator.com\/es\/wp-json\/wp\/v2\/product_tag?post=996191"}],"curies":[{"name":"wp","href":"https:\/\/api.w.org\/{rel}","templated":true}]}}