{"id":996130,"date":"2023-02-24T13:06:56","date_gmt":"2023-02-24T13:06:56","guid":{"rendered":"https:\/\/isfelevator.com\/product\/access-key\/"},"modified":"2023-02-26T12:04:53","modified_gmt":"2023-02-26T12:04:53","slug":"clave-de-acceso","status":"publish","type":"product","link":"https:\/\/isfelevator.com\/es\/producto\/clave-de-acceso\/","title":{"rendered":"Clave de acceso"},"content":{"rendered":"<p><strong>Clave de acceso<\/strong><\/p>\n<p>Descripci\u00f3n t\u00e9cnica Sonda de acero inoxidable, Iluminaci\u00f3n bicolor de la sonda, Memoria no vol\u00e1til para 512 teclas, Zumbador de aviso propio.<\/p>\n","protected":false},"excerpt":{"rendered":"<p><strong>M\u00f3dulo de seguridad digital AXES-D<\/strong> Sistema de seguridad electr\u00f3nico. S\u00f3lo permite llaves electr\u00f3nicas identificadas. Botones en la unidad se utilizan para la programaci\u00f3n, as\u00ed como llave maestra para la programaci\u00f3n despu\u00e9s de la instalaci\u00f3n, que no es necesario abrir la unidad.<\/p>\n","protected":false},"featured_media":993457,"comment_status":"open","ping_status":"closed","template":"","meta":[],"product_brand":[],"product_cat":[633],"product_tag":[],"class_list":{"0":"post-996130","1":"product","2":"type-product","3":"status-publish","4":"has-post-thumbnail","6":"product_cat-codigo-de-acceso","8":"first","9":"instock","10":"shipping-taxable","11":"product-type-simple","12":"prodpage-style2"},"_links":{"self":[{"href":"https:\/\/isfelevator.com\/es\/wp-json\/wp\/v2\/product\/996130","targetHints":{"allow":["GET"]}}],"collection":[{"href":"https:\/\/isfelevator.com\/es\/wp-json\/wp\/v2\/product"}],"about":[{"href":"https:\/\/isfelevator.com\/es\/wp-json\/wp\/v2\/types\/product"}],"replies":[{"embeddable":true,"href":"https:\/\/isfelevator.com\/es\/wp-json\/wp\/v2\/comments?post=996130"}],"wp:featuredmedia":[{"embeddable":true,"href":"https:\/\/isfelevator.com\/es\/wp-json\/wp\/v2\/media\/993457"}],"wp:attachment":[{"href":"https:\/\/isfelevator.com\/es\/wp-json\/wp\/v2\/media?parent=996130"}],"wp:term":[{"taxonomy":"product_brand","embeddable":true,"href":"https:\/\/isfelevator.com\/es\/wp-json\/wp\/v2\/product_brand?post=996130"},{"taxonomy":"product_cat","embeddable":true,"href":"https:\/\/isfelevator.com\/es\/wp-json\/wp\/v2\/product_cat?post=996130"},{"taxonomy":"product_tag","embeddable":true,"href":"https:\/\/isfelevator.com\/es\/wp-json\/wp\/v2\/product_tag?post=996130"}],"curies":[{"name":"wp","href":"https:\/\/api.w.org\/{rel}","templated":true}]}}